{"id":2312,"date":"2020-01-13T10:41:14","date_gmt":"2020-01-13T10:41:14","guid":{"rendered":"https:\/\/lokve.moonsafari.design\/?page_id=2312"},"modified":"2020-01-15T15:33:44","modified_gmt":"2020-01-15T15:33:44","slug":"lammellen-laden","status":"publish","type":"page","link":"https:\/\/www.lokve.com\/de\/fenster-zubehoer\/lammellen-laden\/","title":{"rendered":"Lammellen Laden"},"content":{"rendered":"\n\n\t<section class=\"section\" id=\"section_1592822996\">\n\t\t<div class=\"section-bg fill\" >\n\t\t\t\t\t\t\t\t\t\n\t\t\t\n\n\t\t<\/div>\n\n\t\t\n\n\t\t<div class=\"section-content relative\">\n\t\t\t\n\n<div class=\"row align-middle\"  id=\"row-2062662763\">\n\n\n\t<div id=\"col-1631639673\" class=\"col medium-6 small-12 large-6\"  >\n\t\t\t\t<div class=\"col-inner text-left\"  >\n\t\t\t\n\t\t\t\n\n<h1 class=\"uppercase\" data-line-height=\"xs\">Fensterl\u00e4den<\/h1>\n<div class=\"is-divider divider clearfix\" style=\"max-width:50px;height:2px;background-color:rgb(128, 195, 66);\"><\/div>\n\n<p class=\"p1 lead\"><span class=\"s1\">Fensterl\u00e4den sind ein traditionelles Architekturelement die Ihr Heim versch\u00f6nern und vor Witterungseinfl\u00fcssen und unerw\u00fcnschten Blicken sch\u00fctzen.<\/span><\/p>\n<p class=\"p1\"><span class=\"s1\">Unser Sortiment umfasst, je nach Wunsch des Kunden, Fensterl\u00e4den aus Holz oder Aluminium, in der gew\u00fcnschten Farbe und dem gew\u00fcnschten Typ, um so im Einklang zu den ausgew\u00e4hlten Fenstern und der Fassade zu stehen.<span class=\"Apple-converted-space\">\u00a0 <\/span>Unser Angebot umfasst Fensterl\u00e4den mit fixen oder beweglichen Lamellen.<span class=\"Apple-converted-space\">\u00a0 <\/span>Die Klappl\u00e4den k\u00f6nnen an Fenster, Balkont\u00fcren und Schiebet\u00fcren angebracht werden.<\/span><\/p>\n\n\t\t<\/div>\n\t\t\t\t\t<\/div>\n\n\t\n\n\t<div id=\"col-1990206670\" class=\"col medium-6 small-12 large-6\"  >\n\t\t\t\t<div class=\"col-inner text-center\"  >\n\t\t\t\n\t\t\t\n\n\t<div class=\"img has-hover x md-x lg-x y md-y lg-y\" id=\"image_417607576\">\n\t\t\t\t\t\t\t\t<div class=\"img-inner dark\" >\n\t\t\t<img loading=\"lazy\" decoding=\"async\" width=\"500\" height=\"462\" src=\"https:\/\/www.lokve.com\/wp-content\/uploads\/2019\/11\/Grilje-za-drvene-i-drvo-aluminijske-prozore-Lokve-Quality-Windows.jpg\" class=\"attachment-original size-original\" alt=\"Grilje za drvene i drvo-aluminijske prozore - Lokve Quality Windows\" srcset=\"https:\/\/www.lokve.com\/wp-content\/uploads\/2019\/11\/Grilje-za-drvene-i-drvo-aluminijske-prozore-Lokve-Quality-Windows.jpg 500w, https:\/\/www.lokve.com\/wp-content\/uploads\/2019\/11\/Grilje-za-drvene-i-drvo-aluminijske-prozore-Lokve-Quality-Windows-300x277.jpg 300w\" sizes=\"auto, (max-width: 500px) 100vw, 500px\" \/>\t\t\t\t\t\t\n\t\t\t\t\t<\/div>\n\t\t\t\t\t\t\t\t\n<style>\n#image_417607576 {\n  width: 100%;\n}\n<\/style>\n\t<\/div>\n\t\n\n\n\t\t<\/div>\n\t\t\t\t\t<\/div>\n\n\t\n\n<\/div>\n\n\t\t<\/div>\n\n\t\t\n<style>\n#section_1592822996 {\n  padding-top: 30px;\n  padding-bottom: 30px;\n  min-height: 500px;\n}\n<\/style>\n\t<\/section>\n\t\n\n\t<section class=\"section\" id=\"section_7504602\">\n\t\t<div class=\"section-bg fill\" >\n\t\t\t\t\t\t\t\t\t\n\t\t\t\n\n\t\t<\/div>\n\n\t\t\n\n\t\t<div class=\"section-content relative\">\n\t\t\t\n\n<div class=\"row\"  id=\"row-538974986\">\n\n\n\t<div id=\"col-1128524716\" class=\"col small-12 large-12\"  >\n\t\t\t\t<div class=\"col-inner text-center\"  >\n\t\t\t\n\t\t\t\n\n<h2 class=\"uppercase\">Zubeh\u00f6r<\/h2>\n<div class=\"is-divider divider clearfix\" style=\"max-width:50px;height:2px;background-color:rgb(128, 195, 66);\"><\/div>\n\n\n\t\t<\/div>\n\t\t\t\t\t<\/div>\n\n\t\n\n\t<div id=\"col-1507455432\" class=\"col medium-3 small-6 large-3\"  >\n\t\t\t\t<div class=\"col-inner\"  >\n\t\t\t\n\t\t\t\n\n\t<div class=\"box has-hover   has-hover box-default box-text-bottom\" >\n\n\t\t<div class=\"box-image\" >\n\t\t\t<a href=\"https:\/\/lokve.com\/de\/fenster-zubehoer\/rolllaeden\/\" target=\"_blank\" rel=\"noopener\">\t\t\t<div class=\"image-fade-out\" >\n\t\t\t\t<img loading=\"lazy\" decoding=\"async\" width=\"350\" height=\"350\" src=\"https:\/\/www.lokve.com\/wp-content\/uploads\/2019\/10\/rolete-dodatna-oprema-Lokve-Quality-Windows.jpg\" class=\"attachment-original size-original\" alt=\"Rolete dodatna oprema - Lokve Quality Windows\" srcset=\"https:\/\/www.lokve.com\/wp-content\/uploads\/2019\/10\/rolete-dodatna-oprema-Lokve-Quality-Windows.jpg 350w, https:\/\/www.lokve.com\/wp-content\/uploads\/2019\/10\/rolete-dodatna-oprema-Lokve-Quality-Windows-150x150.jpg 150w, https:\/\/www.lokve.com\/wp-content\/uploads\/2019\/10\/rolete-dodatna-oprema-Lokve-Quality-Windows-300x300.jpg 300w, https:\/\/www.lokve.com\/wp-content\/uploads\/2019\/10\/rolete-dodatna-oprema-Lokve-Quality-Windows-100x100.jpg 100w\" sizes=\"auto, (max-width: 350px) 100vw, 350px\" \/>\t\t\t\t\t\t\t\t\t\t\t<\/div>\n\t\t\t<\/a>\t\t<\/div>\n\n\t\t<div class=\"box-text text-center\" style=\"background-color:rgb(255, 255, 255);padding:15px 15px 15px 15px;\">\n\t\t\t<div class=\"box-text-inner\">\n\t\t\t\t\n\n<h4 class=\"uppercase\"> Rolll\u00e4den <\/h4>\n<div class=\"is-divider divider clearfix\" style=\"max-width:50px;height:2px;background-color:rgb(128, 195, 66);\"><\/div>\n\n\n\t\t\t<\/div>\n\t\t<\/div>\n\t<\/div>\n\t\n\n\t\t<\/div>\n\t\t\t\t\t<\/div>\n\n\t\n\n\t<div id=\"col-636114423\" class=\"col medium-3 small-6 large-3\"  >\n\t\t\t\t<div class=\"col-inner\"  >\n\t\t\t\n\t\t\t\n\n\t<div class=\"box has-hover   has-hover box-default box-text-bottom\" >\n\n\t\t<div class=\"box-image\" >\n\t\t\t<a href=\"https:\/\/lokve.com\/de\/fenster-zubehoer\/fenstergriffe\/\" target=\"_blank\" rel=\"noopener\">\t\t\t<div class=\"image-fade-out\" >\n\t\t\t\t<img loading=\"lazy\" decoding=\"async\" width=\"350\" height=\"350\" src=\"https:\/\/www.lokve.com\/wp-content\/uploads\/2019\/10\/kvake-za-prozore-dodatna-oprema-Lokve-Quality-Windows.jpg\" class=\"attachment-original size-original\" alt=\"\" srcset=\"https:\/\/www.lokve.com\/wp-content\/uploads\/2019\/10\/kvake-za-prozore-dodatna-oprema-Lokve-Quality-Windows.jpg 350w, https:\/\/www.lokve.com\/wp-content\/uploads\/2019\/10\/kvake-za-prozore-dodatna-oprema-Lokve-Quality-Windows-150x150.jpg 150w, https:\/\/www.lokve.com\/wp-content\/uploads\/2019\/10\/kvake-za-prozore-dodatna-oprema-Lokve-Quality-Windows-300x300.jpg 300w, https:\/\/www.lokve.com\/wp-content\/uploads\/2019\/10\/kvake-za-prozore-dodatna-oprema-Lokve-Quality-Windows-100x100.jpg 100w\" sizes=\"auto, (max-width: 350px) 100vw, 350px\" \/>\t\t\t\t\t\t\t\t\t\t\t<\/div>\n\t\t\t<\/a>\t\t<\/div>\n\n\t\t<div class=\"box-text text-center\" style=\"background-color:rgb(255, 255, 255);padding:15px 15px 15px 15px;\">\n\t\t\t<div class=\"box-text-inner\">\n\t\t\t\t\n\n<h4 class=\"uppercase\">FENSTERGRIFFE<\/h4>\n<div class=\"is-divider divider clearfix\" style=\"max-width:50px;height:2px;background-color:rgb(128, 195, 66);\"><\/div>\n\n\n\t\t\t<\/div>\n\t\t<\/div>\n\t<\/div>\n\t\n\n\t\t<\/div>\n\t\t\t\t\t<\/div>\n\n\t\n\n\t<div id=\"col-1620938008\" class=\"col medium-3 small-6 large-3\"  >\n\t\t\t\t<div class=\"col-inner\"  >\n\t\t\t\n\t\t\t\n\n\t<div class=\"box has-hover   has-hover box-text-bottom\" >\n\n\t\t<div class=\"box-image\" >\n\t\t\t<a href=\"https:\/\/lokve.com\/de\/fenster-zubehoer\/raffstores\/\" target=\"_blank\" rel=\"noopener\">\t\t\t<div class=\"image-fade-out\" >\n\t\t\t\t<img loading=\"lazy\" decoding=\"async\" width=\"350\" height=\"350\" src=\"https:\/\/www.lokve.com\/wp-content\/uploads\/2019\/10\/vanjske-zaluzine-dodatna-oprema-Lokve-Quality-Windows.jpg\" class=\"attachment- size-\" alt=\"Vanjske \u017ealuzine za prozore dodatna oprema - Lokve Quality Windows\" srcset=\"https:\/\/www.lokve.com\/wp-content\/uploads\/2019\/10\/vanjske-zaluzine-dodatna-oprema-Lokve-Quality-Windows.jpg 350w, https:\/\/www.lokve.com\/wp-content\/uploads\/2019\/10\/vanjske-zaluzine-dodatna-oprema-Lokve-Quality-Windows-150x150.jpg 150w, https:\/\/www.lokve.com\/wp-content\/uploads\/2019\/10\/vanjske-zaluzine-dodatna-oprema-Lokve-Quality-Windows-300x300.jpg 300w, https:\/\/www.lokve.com\/wp-content\/uploads\/2019\/10\/vanjske-zaluzine-dodatna-oprema-Lokve-Quality-Windows-100x100.jpg 100w\" sizes=\"auto, (max-width: 350px) 100vw, 350px\" \/>\t\t\t\t\t\t\t\t\t\t\t<\/div>\n\t\t\t<\/a>\t\t<\/div>\n\n\t\t<div class=\"box-text text-center\" style=\"background-color:rgb(255, 255, 255);padding:15px 15px 15px 15px;\">\n\t\t\t<div class=\"box-text-inner\">\n\t\t\t\t\n\n<h4 class=\"uppercase\"> Raffstores <\/h4>\n<div class=\"is-divider divider clearfix\" style=\"max-width:50px;height:2px;background-color:rgb(128, 195, 66);\"><\/div>\n\n\n\t\t\t<\/div>\n\t\t<\/div>\n\t<\/div>\n\t\n\n\t\t<\/div>\n\t\t\t\t\t<\/div>\n\n\t\n\n\t<div id=\"col-1941254438\" class=\"col medium-3 small-6 large-3\"  >\n\t\t\t\t<div class=\"col-inner\"  >\n\t\t\t\n\t\t\t\n\n\t<div class=\"box has-hover   has-hover box-text-bottom\" >\n\n\t\t<div class=\"box-image\" >\n\t\t\t<a href=\"https:\/\/lokve.com\/de\/fenster-zubehoer\/insektenschutz\/\" target=\"_blank\" rel=\"noopener\">\t\t\t<div class=\"image-fade-out\" >\n\t\t\t\t<img loading=\"lazy\" decoding=\"async\" width=\"350\" height=\"350\" src=\"https:\/\/www.lokve.com\/wp-content\/uploads\/2019\/10\/komarnici-dodatna-oprema-Lokve-Quality-Windows.jpg\" class=\"attachment- size-\" alt=\"Komarnici dodatna oprema - Lokve Quality Windows\" srcset=\"https:\/\/www.lokve.com\/wp-content\/uploads\/2019\/10\/komarnici-dodatna-oprema-Lokve-Quality-Windows.jpg 350w, https:\/\/www.lokve.com\/wp-content\/uploads\/2019\/10\/komarnici-dodatna-oprema-Lokve-Quality-Windows-150x150.jpg 150w, https:\/\/www.lokve.com\/wp-content\/uploads\/2019\/10\/komarnici-dodatna-oprema-Lokve-Quality-Windows-300x300.jpg 300w, https:\/\/www.lokve.com\/wp-content\/uploads\/2019\/10\/komarnici-dodatna-oprema-Lokve-Quality-Windows-100x100.jpg 100w\" sizes=\"auto, (max-width: 350px) 100vw, 350px\" \/>\t\t\t\t\t\t\t\t\t\t\t<\/div>\n\t\t\t<\/a>\t\t<\/div>\n\n\t\t<div class=\"box-text text-center\" style=\"background-color:rgb(255, 255, 255);padding:15px 15px 15px 15px;\">\n\t\t\t<div class=\"box-text-inner\">\n\t\t\t\t\n\n<h4 class=\"uppercase\"> Insektenschutz <\/h4>\n<div class=\"is-divider divider clearfix\" style=\"max-width:50px;height:2px;background-color:rgb(128, 195, 66);\"><\/div>\n\n\n\t\t\t<\/div>\n\t\t<\/div>\n\t<\/div>\n\t\n\n\t\t<\/div>\n\t\t\t\t\t<\/div>\n\n\t\n\n<\/div>\n\n\t\t<\/div>\n\n\t\t\n<style>\n#section_7504602 {\n  padding-top: 100px;\n  padding-bottom: 100px;\n  background-color: rgba(99, 100, 102, 0.1);\n}\n<\/style>\n\t<\/section>\n\t\n\n\n\t<section class=\"section\" id=\"section_33231491\">\n\t\t<div class=\"section-bg fill\" >\n\t\t\t\t\t\t\t\t\t\n\t\t\t\n\n\t\t<\/div>\n\n\t\t\n\n\t\t<div class=\"section-content relative\">\n\t\t\t\n\n\t<div id=\"gap-305969814\" class=\"gap-element clearfix\" style=\"display:block; height:auto;\">\n\t\t\n<style>\n#gap-305969814 {\n  padding-top: 50px;\n}\n<\/style>\n\t<\/div>\n\t\n\n<h2 class=\"uppercase\" style=\"text-align: center;\">unsere Projekte<\/h2>\n<div class=\"text-center\"><div class=\"is-divider divider clearfix\" style=\"max-width:50px;height:2px;background-color:rgb(128, 195, 66);\"><\/div><\/div>\n\n\t<div id=\"gap-721224967\" class=\"gap-element clearfix\" style=\"display:block; height:auto;\">\n\t\t\n<style>\n#gap-721224967 {\n  padding-top: 50px;\n}\n<\/style>\n\t<\/div>\n\t\n\n  <div class=\"banner-grid-wrapper\">\n  <div id=\"banner-grid-1082897356\" class=\"banner-grid row row-grid row-xsmall row-full-width\" data-packery-options=\"\">\n                      \n\n<div class=\"col grid-col large-4 grid-col-1\" ><div class=\"col-inner\">\n\n\n  <div class=\"banner has-hover bg-overlay-add\" id=\"banner-1571307092\">\n          <div class=\"banner-inner fill\">\n        <div class=\"banner-bg fill\" >\n            <img loading=\"lazy\" decoding=\"async\" width=\"600\" height=\"600\" src=\"https:\/\/www.lokve.com\/wp-content\/uploads\/2019\/09\/BROWN-BEACH-HOUSE-DESIGN-HOTEL-Trogir-Hrvatska.jpg\" class=\"bg attachment-large size-large\" alt=\"\" \/>                        <div class=\"overlay\"><\/div>            \n                    <\/div>\n\t\t\n        <div class=\"banner-layers container\">\n            <a class=\"fill\" href=\"https:\/\/lokve.com\/de\/referenzen\/\" target=\"_blank\" rel=\"noopener\"><div class=\"fill banner-link\"><\/div><\/a>            \n\n   <div id=\"text-box-1452328847\" class=\"text-box banner-layer x5 md-x5 lg-x5 y95 md-y95 lg-y95 res-text\">\n                                <div class=\"text-box-content text dark\">\n              \n              <div class=\"text-inner text-left\">\n                  \n\n<h2>BROWN BEACH HOUSE DESIGN HOTEL<\/h2>\n<p class=\"uppercase\">\n<div class=\"is-divider divider clearfix\" style=\"max-width:50px;height:2px;background-color:rgb(128, 195, 66);\"><\/div>\n\n<\/p>\n<h3>Trogir, Kroatien<\/h3>\n\n              <\/div>\n           <\/div>\n                            \n<style>\n#text-box-1452328847 {\n  width: 60%;\n}\n#text-box-1452328847 .text-box-content {\n  font-size: 100%;\n}\n@media (min-width:550px) {\n  #text-box-1452328847 {\n    width: 80%;\n  }\n}\n<\/style>\n    <\/div>\n \n\n        <\/div>\n      <\/div>\n\n            \n<style>\n#banner-1571307092 {\n  padding-top: 400px;\n}\n#banner-1571307092 .overlay {\n  background-color: rgba(0,0,0,.5);\n}\n<\/style>\n  <\/div>\n\n\n\n<\/div><\/div>\n<div class=\"col grid-col large-4 grid-col-1\" ><div class=\"col-inner\">\n\n\n  <div class=\"banner has-hover bg-overlay-add\" id=\"banner-131620589\">\n          <div class=\"banner-inner fill\">\n        <div class=\"banner-bg fill\" >\n            <img loading=\"lazy\" decoding=\"async\" width=\"600\" height=\"600\" src=\"https:\/\/www.lokve.com\/wp-content\/uploads\/2019\/09\/sealine-villas-mykonos-grcka.jpg\" class=\"bg attachment-large size-large\" alt=\"\" \/>                        <div class=\"overlay\"><\/div>            \n                    <\/div>\n\t\t\n        <div class=\"banner-layers container\">\n            <a class=\"fill\" href=\"https:\/\/lokve.com\/de\/referenzen\/\" target=\"_blank\" rel=\"noopener\"><div class=\"fill banner-link\"><\/div><\/a>            \n\n   <div id=\"text-box-601537176\" class=\"text-box banner-layer x5 md-x5 lg-x5 y95 md-y95 lg-y95 res-text\">\n                                <div class=\"text-box-content text dark\">\n              \n              <div class=\"text-inner text-left\">\n                  \n\n<h2>SEALINE VILLAS<\/h2>\n<div class=\"is-divider divider clearfix\" style=\"max-width:50px;height:2px;background-color:rgb(128, 195, 66);\"><\/div>\n\n<h3>Mykonos, Griechenland<\/h3>\n\n              <\/div>\n           <\/div>\n                            \n<style>\n#text-box-601537176 {\n  width: 60%;\n}\n#text-box-601537176 .text-box-content {\n  font-size: 100%;\n}\n@media (min-width:550px) {\n  #text-box-601537176 {\n    width: 80%;\n  }\n}\n<\/style>\n    <\/div>\n \n\n        <\/div>\n      <\/div>\n\n            \n<style>\n#banner-131620589 {\n  padding-top: 400px;\n}\n#banner-131620589 .overlay {\n  background-color: rgba(0,0,0,.5);\n}\n<\/style>\n  <\/div>\n\n\n\n<\/div><\/div>\n<div class=\"col grid-col large-4 grid-col-1\" ><div class=\"col-inner\">\n\n\n  <div class=\"banner has-hover bg-overlay-add\" id=\"banner-84344018\">\n          <div class=\"banner-inner fill\">\n        <div class=\"banner-bg fill\" >\n            <img loading=\"lazy\" decoding=\"async\" width=\"600\" height=\"600\" src=\"https:\/\/www.lokve.com\/wp-content\/uploads\/2019\/09\/hotel-salona-palace-split-hrvatska.jpg\" class=\"bg attachment-large size-large\" alt=\"\" \/>                        <div class=\"overlay\"><\/div>            \n                    <\/div>\n\t\t\n        <div class=\"banner-layers container\">\n            <a class=\"fill\" href=\"https:\/\/lokve.com\/de\/referenzen\/\" target=\"_blank\" rel=\"noopener\"><div class=\"fill banner-link\"><\/div><\/a>            \n\n   <div id=\"text-box-2006301562\" class=\"text-box banner-layer x5 md-x5 lg-x5 y95 md-y95 lg-y95 res-text\">\n                                <div class=\"text-box-content text dark\">\n              \n              <div class=\"text-inner text-left\">\n                  \n\n<h2>HOTEL SALONA PALACE<\/h2>\n<div class=\"is-divider divider clearfix\" style=\"max-width:50px;height:2px;background-color:rgb(128, 195, 66);\"><\/div>\n\n<h3>Split, Kroatien<\/h3>\n\n              <\/div>\n           <\/div>\n                            \n<style>\n#text-box-2006301562 {\n  width: 60%;\n}\n#text-box-2006301562 .text-box-content {\n  font-size: 100%;\n}\n@media (min-width:550px) {\n  #text-box-2006301562 {\n    width: 80%;\n  }\n}\n<\/style>\n    <\/div>\n \n\n        <\/div>\n      <\/div>\n\n            \n<style>\n#banner-84344018 {\n  padding-top: 400px;\n}\n#banner-84344018 .overlay {\n  background-color: rgba(0,0,0,.5);\n}\n<\/style>\n  <\/div>\n\n\n\n<\/div><\/div>\n\n            <\/div>\n    <style>\n    #banner-grid-1082897356 .grid-col-1{height: 500px}\n    #banner-grid-1082897356 .grid-col-1-2{height: 250px}\n    #banner-grid-1082897356 .grid-col-1-3{height:166.66666666667px}\n    #banner-grid-1082897356 .grid-col-2-3{height: 333.33333333333px}\n    #banner-grid-1082897356 .grid-col-1-4{height: 125px}\n    #banner-grid-1082897356 .grid-col-3-4{height: 375px}\n\n\n    \n    \n\n  <\/style>\n    <\/div>\n  \n\n\t\t<\/div>\n\n\t\t\n<style>\n#section_33231491 {\n  padding-top: 0px;\n  padding-bottom: 0px;\n}\n<\/style>\n\t<\/section>\n\t\n\n\n","protected":false},"excerpt":{"rendered":"","protected":false},"author":2,"featured_media":0,"parent":2303,"menu_order":0,"comment_status":"closed","ping_status":"closed","template":"page-blank.php","meta":{"footnotes":""},"class_list":["post-2312","page","type-page","status-publish","hentry"],"_links":{"self":[{"href":"https:\/\/www.lokve.com\/de\/wp-json\/wp\/v2\/pages\/2312","targetHints":{"allow":["GET"]}}],"collection":[{"href":"https:\/\/www.lokve.com\/de\/wp-json\/wp\/v2\/pages"}],"about":[{"href":"https:\/\/www.lokve.com\/de\/wp-json\/wp\/v2\/types\/page"}],"author":[{"embeddable":true,"href":"https:\/\/www.lokve.com\/de\/wp-json\/wp\/v2\/users\/2"}],"replies":[{"embeddable":true,"href":"https:\/\/www.lokve.com\/de\/wp-json\/wp\/v2\/comments?post=2312"}],"version-history":[{"count":2,"href":"https:\/\/www.lokve.com\/de\/wp-json\/wp\/v2\/pages\/2312\/revisions"}],"predecessor-version":[{"id":3759,"href":"https:\/\/www.lokve.com\/de\/wp-json\/wp\/v2\/pages\/2312\/revisions\/3759"}],"up":[{"embeddable":true,"href":"https:\/\/www.lokve.com\/de\/wp-json\/wp\/v2\/pages\/2303"}],"wp:attachment":[{"href":"https:\/\/www.lokve.com\/de\/wp-json\/wp\/v2\/media?parent=2312"}],"curies":[{"name":"wp","href":"https:\/\/api.w.org\/{rel}","templated":true}]}}