{"id":2330,"date":"2020-01-13T10:45:40","date_gmt":"2020-01-13T10:45:40","guid":{"rendered":"https:\/\/lokve.moonsafari.design\/?page_id=2330"},"modified":"2020-01-15T16:13:11","modified_gmt":"2020-01-15T16:13:11","slug":"raffstores","status":"publish","type":"page","link":"https:\/\/www.lokve.com\/de\/fenster-zubehoer\/raffstores\/","title":{"rendered":"Raffstores"},"content":{"rendered":"\n\n\t<section class=\"section\" id=\"section_1629054436\">\n\t\t<div class=\"section-bg fill\" >\n\t\t\t\t\t\t\t\t\t\n\t\t\t\n\n\t\t<\/div>\n\n\t\t\n\n\t\t<div class=\"section-content relative\">\n\t\t\t\n\n<div class=\"row align-middle\"  id=\"row-1957174539\">\n\n\n\t<div id=\"col-1182307029\" class=\"col medium-6 small-12 large-6\"  >\n\t\t\t\t<div class=\"col-inner text-left\"  >\n\t\t\t\n\t\t\t\n\n<h1>AU\u00dfENJALOUSIEN \/ RAFFSTOR<\/h1>\n<div class=\"is-divider divider clearfix\" style=\"max-width:50px;height:2px;background-color:rgb(128, 195, 66);\"><\/div>\n\n<p class=\"lead\"> In der heutigen modernen Architektur stellen Au\u00dfenjalousien den Ersatz von Rollladen dar. Hervorragende Abdunkelung, Lichtregulation und modernes Aussehen. <\/p>\n<p>Auf dem gleichen Objekt ist es m\u00f6glich, Au\u00dfenjalousien mit Rolll\u00e4den zu kombinieren, weil sie so ausgelegt sind, dass sie in einem geschlossenen Zustand wie Jalousien aussehen. Rolll\u00e4den und Jalousien haben viele gemeinsame Vorteile: Sie bieten u.a. Sicht- und Hitzeschutz, sorgen f\u00fcr Verdunkelung und tragen zur W\u00e4rmed\u00e4mmung bei. \nDie St\u00e4rken insbesondere bei den Rolll\u00e4den liegen bei der M\u00f6glichkeit der vollst\u00e4ndigen Raumabdunkelung und bei den Jalousien der individuellen Regelung vom Lichteinfall ins Wohnrauminnere. Zudem bieten Au\u00dfenjalousien, neben ihrer allgemeinen, auch eine dekorative Funktionalit\u00e4t, und zwar an einer gro\u00dfen Auswahl an verschieden Farben und Formen von Jalousien. \n<\/p>\n\n\t\t<\/div>\n\t\t\t\t\t<\/div>\n\n\t\n\n\t<div id=\"col-1541394505\" class=\"col medium-6 small-12 large-6\"  >\n\t\t\t\t<div class=\"col-inner text-center\"  >\n\t\t\t\n\t\t\t\n\n\t<div class=\"img has-hover x md-x lg-x y md-y lg-y\" id=\"image_838099026\">\n\t\t\t\t\t\t\t\t<div class=\"img-inner image-cover dark\" style=\"padding-top:500px;\">\n\t\t\t<img loading=\"lazy\" decoding=\"async\" width=\"600\" height=\"600\" src=\"https:\/\/www.lokve.com\/wp-content\/uploads\/2019\/10\/Vanjske-zaluzine-dodatna-oprema-za-prozore-Lokve-Quality-Windows.jpg\" class=\"attachment-original size-original\" alt=\"Vanjske \u017ealuzine dodatna oprema za prozore - Lokve Quality Windows\" srcset=\"https:\/\/www.lokve.com\/wp-content\/uploads\/2019\/10\/Vanjske-zaluzine-dodatna-oprema-za-prozore-Lokve-Quality-Windows.jpg 600w, https:\/\/www.lokve.com\/wp-content\/uploads\/2019\/10\/Vanjske-zaluzine-dodatna-oprema-za-prozore-Lokve-Quality-Windows-150x150.jpg 150w, https:\/\/www.lokve.com\/wp-content\/uploads\/2019\/10\/Vanjske-zaluzine-dodatna-oprema-za-prozore-Lokve-Quality-Windows-300x300.jpg 300w, https:\/\/www.lokve.com\/wp-content\/uploads\/2019\/10\/Vanjske-zaluzine-dodatna-oprema-za-prozore-Lokve-Quality-Windows-100x100.jpg 100w\" sizes=\"auto, (max-width: 600px) 100vw, 600px\" \/>\t\t\t\t\t\t\n\t\t\t\t\t<\/div>\n\t\t\t\t\t\t\t\t\n<style>\n#image_838099026 {\n  width: 100%;\n}\n<\/style>\n\t<\/div>\n\t\n\n\n\t\t<\/div>\n\t\t\t\t\t<\/div>\n\n\t\n\n<\/div>\n\n\t\t<\/div>\n\n\t\t\n<style>\n#section_1629054436 {\n  padding-top: 30px;\n  padding-bottom: 30px;\n  min-height: 500px;\n}\n<\/style>\n\t<\/section>\n\t\n\n\t<section class=\"section\" id=\"section_1632127250\">\n\t\t<div class=\"section-bg fill\" >\n\t\t\t\t\t\t\t\t\t\n\t\t\t\n\n\t\t<\/div>\n\n\t\t\n\n\t\t<div class=\"section-content relative\">\n\t\t\t\n\n<div class=\"row row-large row-dashed\"  id=\"row-1864147812\">\n\n\n\t<div id=\"col-312499915\" class=\"col medium-6 small-6 large-6\"  >\n\t\t\t\t<div class=\"col-inner\"  >\n\t\t\t\n\t\t\t\n\n\t<div class=\"box has-hover   has-hover box-text-bottom\" >\n\n\t\t<div class=\"box-image\" >\n\t\t\t\t\t\t<div class=\"\" >\n\t\t\t\t<img loading=\"lazy\" decoding=\"async\" width=\"500\" height=\"500\" src=\"https:\/\/www.lokve.com\/wp-content\/uploads\/2019\/11\/Predprozorske-zaluzine-HERO-1X-Lokve-Quality-Windows.jpg\" class=\"attachment-original size-original\" alt=\"Predprozorske \u017ealuzine HERO 1X - Lokve Quality Windows\" srcset=\"https:\/\/www.lokve.com\/wp-content\/uploads\/2019\/11\/Predprozorske-zaluzine-HERO-1X-Lokve-Quality-Windows.jpg 500w, https:\/\/www.lokve.com\/wp-content\/uploads\/2019\/11\/Predprozorske-zaluzine-HERO-1X-Lokve-Quality-Windows-150x150.jpg 150w, https:\/\/www.lokve.com\/wp-content\/uploads\/2019\/11\/Predprozorske-zaluzine-HERO-1X-Lokve-Quality-Windows-300x300.jpg 300w, https:\/\/www.lokve.com\/wp-content\/uploads\/2019\/11\/Predprozorske-zaluzine-HERO-1X-Lokve-Quality-Windows-100x100.jpg 100w\" sizes=\"auto, (max-width: 500px) 100vw, 500px\" \/>\t\t\t\t\t\t\t\t\t\t\t<\/div>\n\t\t\t\t\t<\/div>\n\n\t\t<div class=\"box-text text-left\" >\n\t\t\t<div class=\"box-text-inner\">\n\t\t\t\t\n\n<p>&nbsp;<\/p>\n<h5 class=\"uppercase\"> AU\u00dfENJALOUSIEN <\/h5>\n<h2>HERO 1X<\/h2>\n<div class=\"is-divider divider clearfix\" style=\"max-width:50px;height:2px;background-color:rgb(128, 195, 66);\"><\/div>\n\n<p><strong>Jalousiekasten<\/strong>: Sichtbar oder verdeckt <\/p>\n<p><strong>Insektenschutzgitter<\/strong>: Optional <\/p>\n<p>&nbsp;<\/p>\n<p>Jalousien werden oben am Au\u00dfenfl\u00fcgel des Fensters montiert, deren Kasten auf dem Fenster sichtbar oder durch verputzen auch verh\u00fcllt werden kann. \n<\/p>\n\n\t\t\t<\/div>\n\t\t<\/div>\n\t<\/div>\n\t\n\n\t\t<\/div>\n\t\t\t\t\t<\/div>\n\n\t\n\n\t<div id=\"col-358767457\" class=\"col medium-6 small-12 large-6\"  >\n\t\t\t\t<div class=\"col-inner\"  >\n\t\t\t\n\t\t\t\n\n\t<div class=\"box has-hover   has-hover box-text-bottom\" >\n\n\t\t<div class=\"box-image\" >\n\t\t\t\t\t\t<div class=\"\" >\n\t\t\t\t<img loading=\"lazy\" decoding=\"async\" width=\"500\" height=\"500\" src=\"https:\/\/www.lokve.com\/wp-content\/uploads\/2019\/11\/Nadprozorske-zaluzine-HERO-5-Lokve-Quality-Windows.jpg\" class=\"attachment-original size-original\" alt=\"Nadprozorske \u017ealuzine HERO 5 - Lokve Quality Windows\" srcset=\"https:\/\/www.lokve.com\/wp-content\/uploads\/2019\/11\/Nadprozorske-zaluzine-HERO-5-Lokve-Quality-Windows.jpg 500w, https:\/\/www.lokve.com\/wp-content\/uploads\/2019\/11\/Nadprozorske-zaluzine-HERO-5-Lokve-Quality-Windows-150x150.jpg 150w, https:\/\/www.lokve.com\/wp-content\/uploads\/2019\/11\/Nadprozorske-zaluzine-HERO-5-Lokve-Quality-Windows-300x300.jpg 300w, https:\/\/www.lokve.com\/wp-content\/uploads\/2019\/11\/Nadprozorske-zaluzine-HERO-5-Lokve-Quality-Windows-100x100.jpg 100w\" sizes=\"auto, (max-width: 500px) 100vw, 500px\" \/>\t\t\t\t\t\t\t\t\t\t\t<\/div>\n\t\t\t\t\t<\/div>\n\n\t\t<div class=\"box-text text-left\" >\n\t\t\t<div class=\"box-text-inner\">\n\t\t\t\t\n\n<p>&nbsp;<\/p>\n<h5 class=\"uppercase\"> JALOUSIEN MONTIERT \u00dcBER DEM FENSTER <\/h5>\n<h2>HERO 5<\/h2>\n<div class=\"is-divider divider clearfix\" style=\"max-width:50px;height:2px;background-color:rgb(128, 195, 66);\"><\/div>\n\n<p><strong>Jalousiekasten<\/strong>: Verdeckt <\/p>\n<p><strong>Insektenschutzgitter:<\/strong> Optional<\/p>\n<p>&nbsp;<\/p>\n<p> Der Jalousiekasten ist \u00fcber dem Fenster eingebaut. Er wird zusammen mit dem Fenster an den vorhergesehenen Platz im Mauerwerk versetzt. Der Jalousiekasten ist verdeckt. Der gleiche Kasten von Jalousien und Rolll\u00e4den erm\u00f6glicht eine Kombination von Rolll\u00e4den und Jalousien auf dem gleichen Objekt. <\/p>\n\n\t\t\t<\/div>\n\t\t<\/div>\n\t<\/div>\n\t\n\n\t\t<\/div>\n\t\t\t\t\t<\/div>\n\n\t\n\n<\/div>\n\n\t\t<\/div>\n\n\t\t\n<style>\n#section_1632127250 {\n  padding-top: 100px;\n  padding-bottom: 100px;\n}\n<\/style>\n\t<\/section>\n\t\n\n\t<section class=\"section\" id=\"section_928904739\">\n\t\t<div class=\"section-bg fill\" >\n\t\t\t\t\t\t\t\t\t\n\t\t\t\n\n\t\t<\/div>\n\n\t\t\n\n\t\t<div class=\"section-content relative\">\n\t\t\t\n\n<div class=\"row\"  id=\"row-53320506\">\n\n\n\t<div id=\"col-262527996\" class=\"col small-12 large-12\"  >\n\t\t\t\t<div class=\"col-inner\"  >\n\t\t\t\n\t\t\t\n\n<h2 class=\"uppercase\" style=\"text-align: center;\"> VORTEILE VON AU\u00dfENJALOUSIEN <\/h2>\n<div class=\"text-center\"><div class=\"is-divider divider clearfix\" style=\"max-width:50px;height:2px;background-color:rgb(128, 195, 66);\"><\/div><\/div>\n\n\n\t\t<\/div>\n\t\t\t\t\t<\/div>\n\n\t\n\n<\/div>\n<div class=\"row row-large align-center\"  id=\"row-741170147\">\n\n\n\t<div id=\"col-1785698353\" class=\"col medium-4 small-12 large-4\"  >\n\t\t\t\t<div class=\"col-inner text-center\"  >\n\t\t\t\n\t\t\t\n\n\n\t\t<div class=\"icon-box featured-box icon-box-center text-center\"  >\n\t\t\t\t\t<div class=\"icon-box-img\" style=\"width: 100px\">\n\t\t\t\t<div class=\"icon\">\n\t\t\t\t\t<div class=\"icon-inner\" >\n\t\t\t\t\t\t<img loading=\"lazy\" decoding=\"async\" width=\"100\" height=\"100\" src=\"https:\/\/www.lokve.com\/wp-content\/uploads\/2019\/09\/quality.svg\" class=\"attachment-medium size-medium\" alt=\"\" \/>\t\t\t\t\t<\/div>\n\t\t\t\t<\/div>\n\t\t\t<\/div>\n\t\t\t\t<div class=\"icon-box-text last-reset\">\n\t\t\t<h5 class=\"uppercase\">ZERTIFIZIERTE PRODUKTE<\/h5>\t\t\t\t\t\t\n\n<p> Internationale Zertifikate best\u00e4tigen die hohe Qualit\u00e4t des Produktes <\/p>\n\n\t\t<\/div>\n\t<\/div>\n\t\n\t\n\n\t\t<\/div>\n\t\t\t\t\t<\/div>\n\n\t\n\n\t<div id=\"col-233613870\" class=\"col medium-4 small-12 large-4\"  >\n\t\t\t\t<div class=\"col-inner\"  >\n\t\t\t\n\t\t\t\n\n\n\t\t<div class=\"icon-box featured-box icon-box-center text-center\"  >\n\t\t\t\t\t<div class=\"icon-box-img\" style=\"width: 100px\">\n\t\t\t\t<div class=\"icon\">\n\t\t\t\t\t<div class=\"icon-inner\" >\n\t\t\t\t\t\t<img loading=\"lazy\" decoding=\"async\" width=\"100\" height=\"100\" src=\"https:\/\/www.lokve.com\/wp-content\/uploads\/2019\/11\/proizvodnja-roleta-po-mjeri-Lokve-Quality-Windows.svg\" class=\"attachment-medium size-medium\" alt=\"Proizvodnja roleta po mjeri - Lokve Quality Windows\" \/>\t\t\t\t\t<\/div>\n\t\t\t\t<\/div>\n\t\t\t<\/div>\n\t\t\t\t<div class=\"icon-box-text last-reset\">\n\t\t\t<h5 class=\"uppercase\">INDIVIDUELLES DESIGN<\/h5>\t\t\t\t\t\t\n\n<p> Vielfalt f\u00fcr Ihre pers\u00f6nlichen Anspr\u00fcche <\/p>\n\n\t\t<\/div>\n\t<\/div>\n\t\n\t\n\n\t\t<\/div>\n\t\t\t\t\t<\/div>\n\n\t\n\n\t<div id=\"col-1727080338\" class=\"col medium-4 small-12 large-4\"  >\n\t\t\t\t<div class=\"col-inner\"  >\n\t\t\t\n\t\t\t\n\n\n\t\t<div class=\"icon-box featured-box icon-box-center text-center\"  >\n\t\t\t\t\t<div class=\"icon-box-img\" style=\"width: 100px\">\n\t\t\t\t<div class=\"icon\">\n\t\t\t\t\t<div class=\"icon-inner\" >\n\t\t\t\t\t\t<img loading=\"lazy\" decoding=\"async\" width=\"105\" height=\"100\" src=\"https:\/\/www.lokve.com\/wp-content\/uploads\/2019\/11\/vremenski-utjecaj-na-rolete-Lokve-Quality-Windows.svg\" class=\"attachment-medium size-medium\" alt=\"Za\u0161tita od vremenskih utjecaja sa roletama - Lokve Quality Windows\" \/>\t\t\t\t\t<\/div>\n\t\t\t\t<\/div>\n\t\t\t<\/div>\n\t\t\t\t<div class=\"icon-box-text last-reset\">\n\t\t\t<h5 class=\"uppercase\">WETTERSCHUTZ<\/h5>\t\t\t\t\t\t\n\n<p> Temperatur- und Blendschutz <\/p>\n\n\t\t<\/div>\n\t<\/div>\n\t\n\t\n\n\t\t<\/div>\n\t\t\t\t\t<\/div>\n\n\t\n\n\n<style>\n#row-741170147 > .col > .col-inner {\n  padding: 50px 0px 50px 0px;\n}\n<\/style>\n<\/div>\n\n\t\t<\/div>\n\n\t\t\n<style>\n#section_928904739 {\n  padding-top: 100px;\n  padding-bottom: 100px;\n  background-color: rgba(99, 100, 102, 0.1);\n}\n<\/style>\n\t<\/section>\n\t\n\n\t<section class=\"section\" id=\"section_792965645\">\n\t\t<div class=\"section-bg fill\" >\n\t\t\t\t\t\t\t\t\t\n\t\t\t\n\n\t\t<\/div>\n\n\t\t\n\n\t\t<div class=\"section-content relative\">\n\t\t\t\n\n<div class=\"row row-collapse row-full-width align-middle\"  id=\"row-1535971354\">\n\n\n\t<div id=\"col-706727011\" class=\"col medium-6 small-12 large-6\"  >\n\t\t\t\t<div class=\"col-inner\"  >\n\t\t\t\n\t\t\t\n\n\n  <div class=\"banner has-hover\" id=\"banner-1024302665\">\n          <div class=\"banner-inner fill\">\n        <div class=\"banner-bg fill\" >\n            <img loading=\"lazy\" decoding=\"async\" width=\"1280\" height=\"746\" src=\"https:\/\/www.lokve.com\/wp-content\/uploads\/2019\/09\/partners.jpg\" class=\"bg attachment-original size-original\" alt=\"\" \/>                                    \n                    <\/div>\n\t\t\n        <div class=\"banner-layers container\">\n            <div class=\"fill banner-link\"><\/div>            \n\n\n        <\/div>\n      <\/div>\n\n            \n<style>\n#banner-1024302665 {\n  padding-top: 500px;\n}\n<\/style>\n  <\/div>\n\n\n\n\t\t<\/div>\n\t\t\t\t\t<\/div>\n\n\t\n\n\t<div id=\"col-1945511705\" class=\"col medium-6 small-12 large-6\"  >\n\t\t\t\t<div class=\"col-inner\"  >\n\t\t\t\n\t\t\t\n\n<h2><span data-text-color=\"primary\">LOKVE PARTNER<\/span><br \/>\nWERDEN<\/h2>\n<div class=\"is-divider divider clearfix\" style=\"max-width:50px;height:2px;background-color:rgb(128, 195, 66);\"><\/div>\n\n<p><strong>Sind Sie Architekt, Designer, Ingenieur, Auftragnehmer oder H\u00e4ndler?<\/strong><\/p>\n<p>Auf unserer Lokve-Webseite finden Sie alle Marketingmaterialien, Zertifizierungen, Technischen Informationen und CAD-Entw\u00fcrfe unserer Produkte.<\/p>\n<p>Mit enger Zusammenarbeit und exzellenter Unterst\u00fctzung durch unser professionelles Team bieten wir qualitativ hochwertige Produkte, Unterst\u00fctzung bei der Planung, Design, Technik, Vertrieb und Marketing.<\/p>\n<a href=\"https:\/\/lokve.com\/de\/partner\/\" class=\"button primary is-outline\" target=\"_blank\" rel=\"noopener\">\n\t\t<span>mehr<\/span>\n\t<i class=\"icon-angle-right\" aria-hidden=\"true\"><\/i><\/a>\n\n\n\n\t\t<\/div>\n\t\t\t\t\n<style>\n#col-1945511705 > .col-inner {\n  padding: 0px 100px 0px 100px;\n}\n<\/style>\n\t<\/div>\n\n\t\n\n<\/div>\n\n\t\t<\/div>\n\n\t\t\n<style>\n#section_792965645 {\n  padding-top: 60px;\n  padding-bottom: 60px;\n  margin-bottom: 0px;\n  min-height: 500px;\n}\n<\/style>\n\t<\/section>\n\t\n\n\n\t<section class=\"section\" id=\"section_342788654\">\n\t\t<div class=\"section-bg fill\" >\n\t\t\t\t\t\t\t\t\t\n\t\t\t\n\n\t\t<\/div>\n\n\t\t\n\n\t\t<div class=\"section-content relative\">\n\t\t\t\n\n\t<div id=\"gap-1272572164\" class=\"gap-element clearfix\" style=\"display:block; height:auto;\">\n\t\t\n<style>\n#gap-1272572164 {\n  padding-top: 50px;\n}\n<\/style>\n\t<\/div>\n\t\n\n<h2 class=\"uppercase\" style=\"text-align: center;\">unsere Projekte<\/h2>\n<div class=\"text-center\"><div class=\"is-divider divider clearfix\" style=\"max-width:50px;height:2px;background-color:rgb(128, 195, 66);\"><\/div><\/div>\n\n\t<div id=\"gap-65925835\" class=\"gap-element clearfix\" style=\"display:block; height:auto;\">\n\t\t\n<style>\n#gap-65925835 {\n  padding-top: 50px;\n}\n<\/style>\n\t<\/div>\n\t\n\n  <div class=\"banner-grid-wrapper\">\n  <div id=\"banner-grid-1522400890\" class=\"banner-grid row row-grid row-xsmall row-full-width\" data-packery-options=\"\">\n                      \n\n<div class=\"col grid-col large-4 grid-col-1\" ><div class=\"col-inner\">\n\n\n  <div class=\"banner has-hover bg-overlay-add\" id=\"banner-120772865\">\n          <div class=\"banner-inner fill\">\n        <div class=\"banner-bg fill\" >\n            <img loading=\"lazy\" decoding=\"async\" width=\"600\" height=\"600\" src=\"https:\/\/www.lokve.com\/wp-content\/uploads\/2019\/09\/BROWN-BEACH-HOUSE-DESIGN-HOTEL-Trogir-Hrvatska.jpg\" class=\"bg attachment-large size-large\" alt=\"\" \/>                        <div class=\"overlay\"><\/div>            \n                    <\/div>\n\t\t\n        <div class=\"banner-layers container\">\n            <a class=\"fill\" href=\"https:\/\/lokve.com\/de\/referenzen\/\" target=\"_blank\" rel=\"noopener\"><div class=\"fill banner-link\"><\/div><\/a>            \n\n   <div id=\"text-box-18853568\" class=\"text-box banner-layer x5 md-x5 lg-x5 y95 md-y95 lg-y95 res-text\">\n                                <div class=\"text-box-content text dark\">\n              \n              <div class=\"text-inner text-left\">\n                  \n\n<h2>BROWN BEACH HOUSE DESIGN HOTEL<\/h2>\n<p class=\"uppercase\">\n<div class=\"is-divider divider clearfix\" style=\"max-width:50px;height:2px;background-color:rgb(128, 195, 66);\"><\/div>\n\n<\/p>\n<h3>Trogir, Kroatien<\/h3>\n\n              <\/div>\n           <\/div>\n                            \n<style>\n#text-box-18853568 {\n  width: 60%;\n}\n#text-box-18853568 .text-box-content {\n  font-size: 100%;\n}\n@media (min-width:550px) {\n  #text-box-18853568 {\n    width: 80%;\n  }\n}\n<\/style>\n    <\/div>\n \n\n        <\/div>\n      <\/div>\n\n            \n<style>\n#banner-120772865 {\n  padding-top: 400px;\n}\n#banner-120772865 .overlay {\n  background-color: rgba(0,0,0,.5);\n}\n<\/style>\n  <\/div>\n\n\n\n<\/div><\/div>\n<div class=\"col grid-col large-4 grid-col-1\" ><div class=\"col-inner\">\n\n\n  <div class=\"banner has-hover bg-overlay-add\" id=\"banner-452778167\">\n          <div class=\"banner-inner fill\">\n        <div class=\"banner-bg fill\" >\n            <img loading=\"lazy\" decoding=\"async\" width=\"600\" height=\"600\" src=\"https:\/\/www.lokve.com\/wp-content\/uploads\/2019\/09\/sealine-villas-mykonos-grcka.jpg\" class=\"bg attachment-large size-large\" alt=\"\" \/>                        <div class=\"overlay\"><\/div>            \n                    <\/div>\n\t\t\n        <div class=\"banner-layers container\">\n            <a class=\"fill\" href=\"https:\/\/lokve.com\/de\/referenzen\/\" target=\"_blank\" rel=\"noopener\"><div class=\"fill banner-link\"><\/div><\/a>            \n\n   <div id=\"text-box-348115226\" class=\"text-box banner-layer x5 md-x5 lg-x5 y95 md-y95 lg-y95 res-text\">\n                                <div class=\"text-box-content text dark\">\n              \n              <div class=\"text-inner text-left\">\n                  \n\n<h2>SEALINE VILLAS<\/h2>\n<div class=\"is-divider divider clearfix\" style=\"max-width:50px;height:2px;background-color:rgb(128, 195, 66);\"><\/div>\n\n<h3>Mykonos, Griechenland<\/h3>\n\n              <\/div>\n           <\/div>\n                            \n<style>\n#text-box-348115226 {\n  width: 60%;\n}\n#text-box-348115226 .text-box-content {\n  font-size: 100%;\n}\n@media (min-width:550px) {\n  #text-box-348115226 {\n    width: 80%;\n  }\n}\n<\/style>\n    <\/div>\n \n\n        <\/div>\n      <\/div>\n\n            \n<style>\n#banner-452778167 {\n  padding-top: 400px;\n}\n#banner-452778167 .overlay {\n  background-color: rgba(0,0,0,.5);\n}\n<\/style>\n  <\/div>\n\n\n\n<\/div><\/div>\n<div class=\"col grid-col large-4 grid-col-1\" ><div class=\"col-inner\">\n\n\n  <div class=\"banner has-hover bg-overlay-add\" id=\"banner-1414802993\">\n          <div class=\"banner-inner fill\">\n        <div class=\"banner-bg fill\" >\n            <img loading=\"lazy\" decoding=\"async\" width=\"600\" height=\"600\" src=\"https:\/\/www.lokve.com\/wp-content\/uploads\/2019\/09\/hotel-salona-palace-split-hrvatska.jpg\" class=\"bg attachment-large size-large\" alt=\"\" \/>                        <div class=\"overlay\"><\/div>            \n                    <\/div>\n\t\t\n        <div class=\"banner-layers container\">\n            <a class=\"fill\" href=\"https:\/\/lokve.com\/de\/referenzen\/\" target=\"_blank\" rel=\"noopener\"><div class=\"fill banner-link\"><\/div><\/a>            \n\n   <div id=\"text-box-908749673\" class=\"text-box banner-layer x5 md-x5 lg-x5 y95 md-y95 lg-y95 res-text\">\n                                <div class=\"text-box-content text dark\">\n              \n              <div class=\"text-inner text-left\">\n                  \n\n<h2>HOTEL SALONA PALACE<\/h2>\n<div class=\"is-divider divider clearfix\" style=\"max-width:50px;height:2px;background-color:rgb(128, 195, 66);\"><\/div>\n\n<h3>Split, Kroatien<\/h3>\n\n              <\/div>\n           <\/div>\n                            \n<style>\n#text-box-908749673 {\n  width: 60%;\n}\n#text-box-908749673 .text-box-content {\n  font-size: 100%;\n}\n@media (min-width:550px) {\n  #text-box-908749673 {\n    width: 80%;\n  }\n}\n<\/style>\n    <\/div>\n \n\n        <\/div>\n      <\/div>\n\n            \n<style>\n#banner-1414802993 {\n  padding-top: 400px;\n}\n#banner-1414802993 .overlay {\n  background-color: rgba(0,0,0,.5);\n}\n<\/style>\n  <\/div>\n\n\n\n<\/div><\/div>\n\n            <\/div>\n    <style>\n    #banner-grid-1522400890 .grid-col-1{height: 500px}\n    #banner-grid-1522400890 .grid-col-1-2{height: 250px}\n    #banner-grid-1522400890 .grid-col-1-3{height:166.66666666667px}\n    #banner-grid-1522400890 .grid-col-2-3{height: 333.33333333333px}\n    #banner-grid-1522400890 .grid-col-1-4{height: 125px}\n    #banner-grid-1522400890 .grid-col-3-4{height: 375px}\n\n\n    \n    \n\n  <\/style>\n    <\/div>\n  \n\n\t\t<\/div>\n\n\t\t\n<style>\n#section_342788654 {\n  padding-top: 0px;\n  padding-bottom: 0px;\n}\n<\/style>\n\t<\/section>\n\t\n\n\n","protected":false},"excerpt":{"rendered":"","protected":false},"author":2,"featured_media":0,"parent":2303,"menu_order":0,"comment_status":"closed","ping_status":"closed","template":"page-blank.php","meta":{"footnotes":""},"class_list":["post-2330","page","type-page","status-publish","hentry"],"_links":{"self":[{"href":"https:\/\/www.lokve.com\/de\/wp-json\/wp\/v2\/pages\/2330","targetHints":{"allow":["GET"]}}],"collection":[{"href":"https:\/\/www.lokve.com\/de\/wp-json\/wp\/v2\/pages"}],"about":[{"href":"https:\/\/www.lokve.com\/de\/wp-json\/wp\/v2\/types\/page"}],"author":[{"embeddable":true,"href":"https:\/\/www.lokve.com\/de\/wp-json\/wp\/v2\/users\/2"}],"replies":[{"embeddable":true,"href":"https:\/\/www.lokve.com\/de\/wp-json\/wp\/v2\/comments?post=2330"}],"version-history":[{"count":4,"href":"https:\/\/www.lokve.com\/de\/wp-json\/wp\/v2\/pages\/2330\/revisions"}],"predecessor-version":[{"id":3768,"href":"https:\/\/www.lokve.com\/de\/wp-json\/wp\/v2\/pages\/2330\/revisions\/3768"}],"up":[{"embeddable":true,"href":"https:\/\/www.lokve.com\/de\/wp-json\/wp\/v2\/pages\/2303"}],"wp:attachment":[{"href":"https:\/\/www.lokve.com\/de\/wp-json\/wp\/v2\/media?parent=2330"}],"curies":[{"name":"wp","href":"https:\/\/api.w.org\/{rel}","templated":true}]}}