{"id":2378,"date":"2020-01-13T10:56:20","date_gmt":"2020-01-13T10:56:20","guid":{"rendered":"https:\/\/lokve.moonsafari.design\/?page_id=2378"},"modified":"2020-01-16T09:50:20","modified_gmt":"2020-01-16T09:50:20","slug":"haeufig-gestellte-fragen","status":"publish","type":"page","link":"https:\/\/www.lokve.com\/de\/kontakt-info\/haeufig-gestellte-fragen\/","title":{"rendered":"H\u00e4ufig gestellte Fragen"},"content":{"rendered":"\n\n\t<section class=\"section has-parallax\" id=\"section_1534277415\">\n\t\t<div class=\"section-bg fill\" data-parallax-container=\".section\" data-parallax-background data-parallax=\"-5\">\n\t\t\t<img loading=\"lazy\" decoding=\"async\" width=\"1920\" height=\"760\" src=\"https:\/\/www.lokve.com\/wp-content\/uploads\/2019\/11\/cesto-postavljana-pitanja-Lokve-Quality-Windows.jpg\" class=\"bg attachment-original size-original\" alt=\"\u010cesto postavljana pitanja - Lokve Quality Windows\" \/>\t\t\t\t\t\t\n\t\t\t\n\n\t\t<\/div>\n\n\t\t\n\n\t\t<div class=\"section-content relative\">\n\t\t\t\n\n\n\t\t<\/div>\n\n\t\t\n<style>\n#section_1534277415 {\n  padding-top: 30px;\n  padding-bottom: 30px;\n  min-height: 500px;\n}\n#section_1534277415 .section-bg img {\n  object-position: 50% 50%;\n}\n<\/style>\n\t<\/section>\n\t\n\n\t<section class=\"section\" id=\"section_1694861437\">\n\t\t<div class=\"section-bg fill\" >\n\t\t\t\t\t\t\t\t\t\n\t\t\t\n\n\t\t<\/div>\n\n\t\t\n\n\t\t<div class=\"section-content relative\">\n\t\t\t\n\n<div class=\"row\"  id=\"row-1186101316\">\n\n\n\t<div id=\"col-1029439307\" class=\"col small-12 large-12\"  >\n\t\t\t\t<div class=\"col-inner\"  >\n\t\t\t\n\t\t\t\n\n<h2 class=\"p1\" style=\"text-align: center;\"><span class=\"s1\">ES IST GUT ZU WISSEN<\/span><\/h2>\n<div class=\"text-center\"><div class=\"is-divider divider clearfix\" style=\"max-width:50px;height:2px;background-color:rgb(128, 195, 66);\"><\/div><\/div>\n\n<p class=\"p1 lead\" style=\"text-align: center;\"><span class=\"s1\">LOKVE als f\u00fchrender Hersteller von Holz- und Holzaluminiumfenstern beantwortet Ihre am h\u00e4ufigsten gestellten Fragen. <br \/><\/span><span class=\"s1\">Wir hoffen, dass unsere Erfahrung, Information und Beratung hilfreich sein werden.<\/span><\/p>\n\n\t\t<\/div>\n\t\t\t\t\t<\/div>\n\n\t\n\n\n<style>\n#row-1186101316 > .col > .col-inner {\n  padding: 100px 0px 25px 0px;\n}\n<\/style>\n<\/div>\n<div class=\"row row-collapse row-full-width align-middle\"  id=\"row-2008546709\">\n\n\n\t<div id=\"col-1337462110\" class=\"col medium-6 small-12 large-6\"  >\n\t\t\t\t<div class=\"col-inner\"  >\n\t\t\t\n\t\t\t\n\n<h2><span style=\"font-size: 100%;\" data-line-height=\"xs\"> Das beste Fenster? <\/span><\/h2>\n<div class=\"is-divider divider clearfix\" style=\"max-width:50px;height:2px;background-color:rgb(128, 195, 66);\"><\/div>\n\n<p class=\"lead\">Was sind die Unterschiede zum Kunden? Es gibt wichtige Unterschiede und Informationen in den Anweisungen f\u00fcr Fenster und T\u00fcren.<\/p>\n<p>Grunds\u00e4tzlich sind die Werte der W\u00e4rmed\u00e4mmung, Schalld\u00e4mmung und Abdichtung in modernen Fenstern, unabh\u00e4ngig davon, ob es sich um Holz-Alu-, PVC-Alu- oder Holz-Alu- und Holzfenster handelt, relativ \u00e4hnlich. Das bedeutet, dass jedes Material bessere und schlechtere Fensterkonstruktionen hat. Wir k\u00f6nnen jedoch nicht sagen, dass das PVC-Fenster besser ist als das Holz-Alu-Fenster oder umgekehrt.<\/p>\n\n\t\t<\/div>\n\t\t\t\t\n<style>\n#col-1337462110 > .col-inner {\n  padding: 0px 100px 0px 100px;\n}\n<\/style>\n\t<\/div>\n\n\t\n\n\t<div id=\"col-1030645517\" class=\"col medium-6 small-12 large-6\"  >\n\t\t\t\t<div class=\"col-inner text-center\"  >\n\t\t\t\n\t\t\t\n\n\t<div class=\"img has-hover x md-x lg-x y md-y lg-y\" id=\"image_42714442\">\n\t\t\t\t\t\t\t\t<div class=\"img-inner dark\" >\n\t\t\t<img loading=\"lazy\" decoding=\"async\" width=\"500\" height=\"569\" src=\"https:\/\/www.lokve.com\/wp-content\/uploads\/2019\/10\/FAQ.jpg\" class=\"attachment-original size-original\" alt=\"\" srcset=\"https:\/\/www.lokve.com\/wp-content\/uploads\/2019\/10\/FAQ.jpg 500w, https:\/\/www.lokve.com\/wp-content\/uploads\/2019\/10\/FAQ-264x300.jpg 264w\" sizes=\"auto, (max-width: 500px) 100vw, 500px\" \/>\t\t\t\t\t\t\n\t\t\t\t\t<\/div>\n\t\t\t\t\t\t\t\t\n<style>\n#image_42714442 {\n  width: 75%;\n}\n<\/style>\n\t<\/div>\n\t\n\n\n\t\t<\/div>\n\t\t\t\t\t<\/div>\n\n\t\n\n<\/div>\n\n\t\t<\/div>\n\n\t\t\n<style>\n#section_1694861437 {\n  padding-top: 0px;\n  padding-bottom: 0px;\n  margin-bottom: 0px;\n  min-height: 0px;\n}\n<\/style>\n\t<\/section>\n\t\n\n\t<section class=\"section\" id=\"section_972983071\">\n\t\t<div class=\"section-bg fill\" >\n\t\t\t\t\t\t\t\t\t\n\t\t\t\n\n\t\t<\/div>\n\n\t\t\n\n\t\t<div class=\"section-content relative\">\n\t\t\t\n\n<div class=\"row row-collapse align-middle\"  id=\"row-285284377\">\n\n\n\t<div id=\"col-448780050\" class=\"col small-12 large-12\"  >\n\t\t\t\t<div class=\"col-inner\"  >\n\t\t\t\n\t\t\t\n\n<h3>PVC-ALU, PVC ILI DRVENI PROZORI?<\/h3>\n<h3>This is a sub title<\/h3>\n<div class=\"accordion\">\n\n\t<div id=\"accordion-1569145408\" class=\"accordion-item\">\n\t\t<a id=\"accordion-1569145408-label\" class=\"accordion-title plain\" href=\"#accordion-item-razlike-u-u\u010cinkovitosti-prozora\" aria-expanded=\"false\" aria-controls=\"accordion-1569145408-content\">\n\t\t\t<button class=\"toggle\" aria-label=\"Umschalten\"><i class=\"icon-angle-down\" aria-hidden=\"true\"><\/i><\/button>\n\t\t\t<span>RAZLIKE U U\u010cINKOVITOSTI PROZORA<\/span>\n\t\t<\/a>\n\t\t<div id=\"accordion-1569145408-content\" class=\"accordion-inner\" aria-labelledby=\"accordion-1569145408-label\">\n\t\t\t\n\n<p><strong>Usporedba vrijednosti toplinske izolacije kod PVC-alu i drvo-alu prozora:<\/strong><br \/>Najbolje vrijednosti toplinske izolacije kod PVC-alu i drvo-alu prozora su ispod Uw 0,75 W\/m\u00b2K. Ovdje se koriste sve konstrukcijske mogu\u0107nosti, primjerice okvir od lijepljenog drva s dodatnom toplinskom izolacijom, umetci s toplinskom izolacijom kod PVC profila, lijepljenje stakla, najbolji odstojnici za staklo i trostruko ostakljenje. Najbolja vrijednost kod ACTUAL PVC-alu prozora ALEVO Hybrid iznosi Uw 0,68 W\/m\u00b2K, a kod drvo-alu prozora ALWOOD iznosi 0,69 W\/m\u00b2K. Prozori imaju sli\u010dne vrijednosti toplinske izolacije bez obzira na vrstu materijala.&nbsp;<\/p>\n<p>Kod modernih ACTUAL drvo-alu prozora CUBIC ili PVC-alu prozora MATRIX s vrlo dobrim vrijednostima toplinske izolacije, vrijednosti toplinske izolacije Uw iznose pribli\u017eno 0,74 \u2013 0,77&nbsp;W\/m\u00b2K. Ovdje tako\u0111er nema ve\u0107ih razlika izme\u0111u drvo-alu i PVC prozora.&nbsp;<\/p>\n<p>Isto vrijedi i za vrijednosti zvu\u010dne izolacije i brtvljenje prozora. Neophodna je kvaliteta konstrukcije, a ne vrsta materijala. Vrlo dobri prozori u izvedbi drvo-alu i PVC-alu sli\u010dniji su nego dobar i lo\u0161 prozor od istoga materijala.<\/p>\n\n\t\t<\/div>\n\t<\/div>\n\t\n\t<div id=\"accordion-1123336093\" class=\"accordion-item\">\n\t\t<a id=\"accordion-1123336093-label\" class=\"accordion-title plain\" href=\"#accordion-item-razlike-u-stabilnosti-prozora\" aria-expanded=\"false\" aria-controls=\"accordion-1123336093-content\">\n\t\t\t<button class=\"toggle\" aria-label=\"Umschalten\"><i class=\"icon-angle-down\" aria-hidden=\"true\"><\/i><\/button>\n\t\t\t<span>RAZLIKE U STABILNOSTI PROZORA<\/span>\n\t\t<\/a>\n\t\t<div id=\"accordion-1123336093-content\" class=\"accordion-inner\" aria-labelledby=\"accordion-1123336093-label\">\n\t\t\t\n\n<p>Kod uobi\u010dajenih veli\u010dina prozora svi su materijali jednako prikladni. Za ve\u0107a balkonska vrata visine od 2,7 do 3 metra prikladniji su drvo ili drvo-alu. Materijal PVC-alu\/PVC koristi se kod visina do 2,7 metara. Najvi\u0161e visine ovise o \u0161irini i mogu\u0107e su samo do odre\u0111ene \u0161irine. Kako bi se osigurao dugi vijek trajanja, kod ve\u0107ih i te\u017eih elemenata potrebni su posebni okovi za ve\u0107e elemente.<\/p>\n<p>PVC-alu klizna vrata mogu\u0107a su do visine od 2,6 metara, a drvena klizna vrata do visine od 3 metra.<\/p>\n\n\t\t<\/div>\n\t<\/div>\n\t\n\t<div id=\"accordion-4228856588\" class=\"accordion-item\">\n\t\t<a id=\"accordion-4228856588-label\" class=\"accordion-title plain\" href=\"#accordion-item-razlike-u-stilu-i-izgledu-prozora\" aria-expanded=\"false\" aria-controls=\"accordion-4228856588-content\">\n\t\t\t<button class=\"toggle\" aria-label=\"Umschalten\"><i class=\"icon-angle-down\" aria-hidden=\"true\"><\/i><\/button>\n\t\t\t<span>RAZLIKE U STILU I IZGLEDU PROZORA<\/span>\n\t\t<\/a>\n\t\t<div id=\"accordion-4228856588-content\" class=\"accordion-inner\" aria-labelledby=\"accordion-4228856588-label\">\n\t\t\t\n\n<p>Za ve\u0107inu kupaca najjasnija je razlika izme\u0111u drvo-alu i PVC-alu prozora.<\/p>\n<p>U proizvodnim linijama ACTUAL vanjski izgled prozora prilago\u0111en je materijalu drvo-alu i PVC-alu. Vrste prozora mogu se me\u0111usobno kombinirati. Vanjske strane prozora ALWOOD i ALEVO jednake su.<\/p>\n<p>Unutarnja strana PVC prozora je bijela. Unutra se mo\u017ee koristiti prirodni materijal, odnosno drvo smreke, ari\u0161a ili hrasta s prirodnom lazurom, a mogu\u0107e su i lazure za drvo u drugim nijansama. ACTUAL nudi posebno obra\u0111ene povr\u0161ine drva, nauljena ili \u010detkana povr\u0161ina za posebno prirodni izgled i jedinstveni osje\u0107aj na dodir. \u010cetkane povr\u0161ine druga\u010dije su na dodir, iako se s udaljenosti ne razlikuju od uobi\u010dajenih povr\u0161ina.<\/p>\n<p>Ukratko, drvo u usporedbi s PVC prozorima nudi vi\u0161e mogu\u0107nosti za uskla\u0111ivanje prozora s unutarnjom opremom i podovima.<\/p>\n\n\t\t<\/div>\n\t<\/div>\n\t\n\t<div id=\"accordion-1696915236\" class=\"accordion-item\">\n\t\t<a id=\"accordion-1696915236-label\" class=\"accordion-title plain\" aria-expanded=\"false\" aria-controls=\"accordion-1696915236-content\">\n\t\t\t<button class=\"toggle\" aria-label=\"Umschalten\"><i class=\"icon-angle-down\" aria-hidden=\"true\"><\/i><\/button>\n\t\t\t<span>KOJI JE NAJBOLJI PROZOR: PVC U USPOREDBI S PVC-ALU, DRVO U USPOREDBI DRVO-ALU?<\/span>\n\t\t<\/a>\n\t\t<div id=\"accordion-1696915236-content\" class=\"accordion-inner\" aria-labelledby=\"accordion-1696915236-label\">\n\t\t\t\n\n<p>U podru\u010dju drvenih prozora na tr\u017ei\u0161tu je do\u0161lo do jasnog razvoja. Vi\u0161e od 95 % kupaca koji se odlu\u010duju za drvene prozore odabiru drvo-alu prozore. U usporedbi s drvenim prozorima drvo-alu prozori na vanjskoj su strani bolje za\u0161ti\u0107eni od vremenskih utjecaja. Vanjska strana drvenih prozora zahtijeva redovito odr\u017eavanje, a to ve\u0107ina kupaca \u017eeli izbje\u0107i, uzimaju\u0107i u obzir vijek trajanja kvalitetnog prozora koji traje vi\u0161e od 40 godina. Stoga se sve vi\u0161e kupaca odlu\u010duje za drvo-alu prozore.<\/p>\n<p>Kod PVC-alu i PVC prozora u bijeloj boji nema razlike u za\u0161titi od vremenskih utjecaja. Unato\u010d tome, udio PVC-alu prozora u usporedbi s PVC prozorima kod premium ponu\u0111a\u010da kao \u0161to je ACTUAL porastao je za vi\u0161e od 50 %. Mnogi kupci cijene raznolikost boja i plemeniti izgled aluminijskih obloga na vanjskoj strani. Dostupne su sve nijanse RAL i mnogo nijansi posebnih struktura. Boja vanjske strane prozora postaje dizajnerska zna\u010dajka ku\u0107e, a unutra kupci \u017eele bijelu boju koja odgovara zidovima. Stoga su PVC-alu prozori prvi odabir. Materijal PVC na vanjskoj strani, \u010dak i bez aluminijskih obloga, izdr\u017ei i vi\u0161e od 50 godina. U usporedbi s drvo-alu prozorima, kod PVC prozora aluminijska obloga za za\u0161titu od vremenskih utjecaja nije potrebna. Kod PVC-alu prozora vi\u0161e je rije\u010d o nijansama, modernom obliku i plemenitijem izgledu.<\/p>\n\n\t\t<\/div>\n\t<\/div>\n\t\n\n<\/div>\n\n\t\t<\/div>\n\t\t\t\t\t<\/div>\n\n\t\n\n<\/div>\n\n\t\t<\/div>\n\n\t\t\n<style>\n#section_972983071 {\n  padding-top: 100px;\n  padding-bottom: 100px;\n}\n<\/style>\n\t<\/section>\n\t\n\n\t<section class=\"section\" id=\"section_1046513237\">\n\t\t<div class=\"section-bg fill\" >\n\t\t\t\t\t\t\t\t\t\n\t\t\t\n\n\t\t<\/div>\n\n\t\t\n\n\t\t<div class=\"section-content relative\">\n\t\t\t\n\n\t<div id=\"gap-311072068\" class=\"gap-element clearfix\" style=\"display:block; height:auto;\">\n\t\t\n<style>\n#gap-311072068 {\n  padding-top: 50px;\n}\n<\/style>\n\t<\/div>\n\t\n\n<h2 class=\"uppercase\" style=\"text-align: center;\">unsere Projekte<\/h2>\n<div class=\"text-center\"><div class=\"is-divider divider clearfix\" style=\"max-width:50px;height:2px;background-color:rgb(128, 195, 66);\"><\/div><\/div>\n\n\t<div id=\"gap-56416539\" class=\"gap-element clearfix\" style=\"display:block; height:auto;\">\n\t\t\n<style>\n#gap-56416539 {\n  padding-top: 50px;\n}\n<\/style>\n\t<\/div>\n\t\n\n  <div class=\"banner-grid-wrapper\">\n  <div id=\"banner-grid-1336532390\" class=\"banner-grid row row-grid row-xsmall row-full-width\" data-packery-options=\"\">\n                      \n\n<div class=\"col grid-col large-4 grid-col-1\" ><div class=\"col-inner\">\n\n\n  <div class=\"banner has-hover bg-overlay-add\" id=\"banner-1658617778\">\n          <div class=\"banner-inner fill\">\n        <div class=\"banner-bg fill\" >\n            <img loading=\"lazy\" decoding=\"async\" width=\"600\" height=\"600\" src=\"https:\/\/www.lokve.com\/wp-content\/uploads\/2019\/09\/BROWN-BEACH-HOUSE-DESIGN-HOTEL-Trogir-Hrvatska.jpg\" class=\"bg attachment-large size-large\" alt=\"\" \/>                        <div class=\"overlay\"><\/div>            \n                    <\/div>\n\t\t\n        <div class=\"banner-layers container\">\n            <a class=\"fill\" href=\"https:\/\/lokve.com\/de\/referenzen\/\" target=\"_blank\" rel=\"noopener\"><div class=\"fill banner-link\"><\/div><\/a>            \n\n   <div id=\"text-box-88056372\" class=\"text-box banner-layer x5 md-x5 lg-x5 y95 md-y95 lg-y95 res-text\">\n                                <div class=\"text-box-content text dark\">\n              \n              <div class=\"text-inner text-left\">\n                  \n\n<h2>BROWN BEACH HOUSE DESIGN HOTEL<\/h2>\n<p class=\"uppercase\">\n<div class=\"is-divider divider clearfix\" style=\"max-width:50px;height:2px;background-color:rgb(128, 195, 66);\"><\/div>\n\n<\/p>\n<h3>Trogir, Kroatien<\/h3>\n\n              <\/div>\n           <\/div>\n                            \n<style>\n#text-box-88056372 {\n  width: 60%;\n}\n#text-box-88056372 .text-box-content {\n  font-size: 100%;\n}\n@media (min-width:550px) {\n  #text-box-88056372 {\n    width: 80%;\n  }\n}\n<\/style>\n    <\/div>\n \n\n        <\/div>\n      <\/div>\n\n            \n<style>\n#banner-1658617778 {\n  padding-top: 400px;\n}\n#banner-1658617778 .overlay {\n  background-color: rgba(0,0,0,.5);\n}\n<\/style>\n  <\/div>\n\n\n\n<\/div><\/div>\n<div class=\"col grid-col large-4 grid-col-1\" ><div class=\"col-inner\">\n\n\n  <div class=\"banner has-hover bg-overlay-add\" id=\"banner-77987886\">\n          <div class=\"banner-inner fill\">\n        <div class=\"banner-bg fill\" >\n            <img loading=\"lazy\" decoding=\"async\" width=\"600\" height=\"600\" src=\"https:\/\/www.lokve.com\/wp-content\/uploads\/2019\/09\/sealine-villas-mykonos-grcka.jpg\" class=\"bg attachment-large size-large\" alt=\"\" \/>                        <div class=\"overlay\"><\/div>            \n                    <\/div>\n\t\t\n        <div class=\"banner-layers container\">\n            <a class=\"fill\" href=\"https:\/\/lokve.com\/de\/referenzen\/\" target=\"_blank\" rel=\"noopener\"><div class=\"fill banner-link\"><\/div><\/a>            \n\n   <div id=\"text-box-1101315653\" class=\"text-box banner-layer x5 md-x5 lg-x5 y95 md-y95 lg-y95 res-text\">\n                                <div class=\"text-box-content text dark\">\n              \n              <div class=\"text-inner text-left\">\n                  \n\n<h2>SEALINE VILLAS<\/h2>\n<div class=\"is-divider divider clearfix\" style=\"max-width:50px;height:2px;background-color:rgb(128, 195, 66);\"><\/div>\n\n<h3>Mykonos, Griechenland<\/h3>\n\n              <\/div>\n           <\/div>\n                            \n<style>\n#text-box-1101315653 {\n  width: 60%;\n}\n#text-box-1101315653 .text-box-content {\n  font-size: 100%;\n}\n@media (min-width:550px) {\n  #text-box-1101315653 {\n    width: 80%;\n  }\n}\n<\/style>\n    <\/div>\n \n\n        <\/div>\n      <\/div>\n\n            \n<style>\n#banner-77987886 {\n  padding-top: 400px;\n}\n#banner-77987886 .overlay {\n  background-color: rgba(0,0,0,.5);\n}\n<\/style>\n  <\/div>\n\n\n\n<\/div><\/div>\n<div class=\"col grid-col large-4 grid-col-1\" ><div class=\"col-inner\">\n\n\n  <div class=\"banner has-hover bg-overlay-add\" id=\"banner-1449399486\">\n          <div class=\"banner-inner fill\">\n        <div class=\"banner-bg fill\" >\n            <img loading=\"lazy\" decoding=\"async\" width=\"600\" height=\"600\" src=\"https:\/\/www.lokve.com\/wp-content\/uploads\/2019\/09\/hotel-salona-palace-split-hrvatska.jpg\" class=\"bg attachment-large size-large\" alt=\"\" \/>                        <div class=\"overlay\"><\/div>            \n                    <\/div>\n\t\t\n        <div class=\"banner-layers container\">\n            <a class=\"fill\" href=\"https:\/\/lokve.com\/de\/referenzen\/\" target=\"_blank\" rel=\"noopener\"><div class=\"fill banner-link\"><\/div><\/a>            \n\n   <div id=\"text-box-858567885\" class=\"text-box banner-layer x5 md-x5 lg-x5 y95 md-y95 lg-y95 res-text\">\n                                <div class=\"text-box-content text dark\">\n              \n              <div class=\"text-inner text-left\">\n                  \n\n<h2>HOTEL SALONA PALACE<\/h2>\n<div class=\"is-divider divider clearfix\" style=\"max-width:50px;height:2px;background-color:rgb(128, 195, 66);\"><\/div>\n\n<h3>Split, Kroatien<\/h3>\n\n              <\/div>\n           <\/div>\n                            \n<style>\n#text-box-858567885 {\n  width: 60%;\n}\n#text-box-858567885 .text-box-content {\n  font-size: 100%;\n}\n@media (min-width:550px) {\n  #text-box-858567885 {\n    width: 80%;\n  }\n}\n<\/style>\n    <\/div>\n \n\n        <\/div>\n      <\/div>\n\n            \n<style>\n#banner-1449399486 {\n  padding-top: 400px;\n}\n#banner-1449399486 .overlay {\n  background-color: rgba(0,0,0,.5);\n}\n<\/style>\n  <\/div>\n\n\n\n<\/div><\/div>\n\n            <\/div>\n    <style>\n    #banner-grid-1336532390 .grid-col-1{height: 500px}\n    #banner-grid-1336532390 .grid-col-1-2{height: 250px}\n    #banner-grid-1336532390 .grid-col-1-3{height:166.66666666667px}\n    #banner-grid-1336532390 .grid-col-2-3{height: 333.33333333333px}\n    #banner-grid-1336532390 .grid-col-1-4{height: 125px}\n    #banner-grid-1336532390 .grid-col-3-4{height: 375px}\n\n\n    \n    \n\n  <\/style>\n    <\/div>\n  \n\n\t\t<\/div>\n\n\t\t\n<style>\n#section_1046513237 {\n  padding-top: 0px;\n  padding-bottom: 0px;\n}\n<\/style>\n\t<\/section>\n\t\n\n\n","protected":false},"excerpt":{"rendered":"","protected":false},"author":2,"featured_media":0,"parent":2376,"menu_order":0,"comment_status":"closed","ping_status":"closed","template":"page-blank.php","meta":{"footnotes":""},"class_list":["post-2378","page","type-page","status-publish","hentry"],"_links":{"self":[{"href":"https:\/\/www.lokve.com\/de\/wp-json\/wp\/v2\/pages\/2378","targetHints":{"allow":["GET"]}}],"collection":[{"href":"https:\/\/www.lokve.com\/de\/wp-json\/wp\/v2\/pages"}],"about":[{"href":"https:\/\/www.lokve.com\/de\/wp-json\/wp\/v2\/types\/page"}],"author":[{"embeddable":true,"href":"https:\/\/www.lokve.com\/de\/wp-json\/wp\/v2\/users\/2"}],"replies":[{"embeddable":true,"href":"https:\/\/www.lokve.com\/de\/wp-json\/wp\/v2\/comments?post=2378"}],"version-history":[{"count":2,"href":"https:\/\/www.lokve.com\/de\/wp-json\/wp\/v2\/pages\/2378\/revisions"}],"predecessor-version":[{"id":3790,"href":"https:\/\/www.lokve.com\/de\/wp-json\/wp\/v2\/pages\/2378\/revisions\/3790"}],"up":[{"embeddable":true,"href":"https:\/\/www.lokve.com\/de\/wp-json\/wp\/v2\/pages\/2376"}],"wp:attachment":[{"href":"https:\/\/www.lokve.com\/de\/wp-json\/wp\/v2\/media?parent=2378"}],"curies":[{"name":"wp","href":"https:\/\/api.w.org\/{rel}","templated":true}]}}