{"id":2382,"date":"2020-01-13T10:57:05","date_gmt":"2020-01-13T10:57:05","guid":{"rendered":"https:\/\/lokve.moonsafari.design\/?page_id=2382"},"modified":"2024-10-29T14:30:50","modified_gmt":"2024-10-29T13:30:50","slug":"downloads","status":"publish","type":"page","link":"https:\/\/www.lokve.com\/de\/kontakt-info\/downloads\/","title":{"rendered":"Downloads"},"content":{"rendered":"\n\n\t<section class=\"section has-parallax\" id=\"section_1701290403\">\n\t\t<div class=\"section-bg fill\" data-parallax-container=\".section\" data-parallax-background data-parallax=\"-5\">\n\t\t\t<img loading=\"lazy\" decoding=\"async\" width=\"1920\" height=\"760\" src=\"https:\/\/www.lokve.com\/wp-content\/uploads\/2019\/09\/Tvornica-Lokve-Quality-Windows.jpg\" class=\"bg attachment- size-\" alt=\"Tvornica - Lokve Quality Windows\" \/>\t\t\t\t\t\t\n\t\t\t\n\n\t\t<\/div>\n\n\t\t\n\n\t\t<div class=\"section-content relative\">\n\t\t\t\n\n\n\t\t<\/div>\n\n\t\t\n<style>\n#section_1701290403 {\n  padding-top: 30px;\n  padding-bottom: 30px;\n  min-height: 500px;\n}\n<\/style>\n\t<\/section>\n\t\n\n\t<section class=\"section\" id=\"section_1138215313\">\n\t\t<div class=\"section-bg fill\" >\n\t\t\t\t\t\t\t\t\t\n\t\t\t\n\n\t\t<\/div>\n\n\t\t\n\n\t\t<div class=\"section-content relative\">\n\t\t\t\n\n<div class=\"row\"  id=\"row-744959950\">\n\n\n\t<div id=\"col-718963879\" class=\"col small-12 large-12\"  >\n\t\t\t\t<div class=\"col-inner text-center\"  >\n\t\t\t\n\t\t\t\n\n<h1>Alle dokumente an einem ort.<\/h1>\n<div class=\"text-center\"><div class=\"is-divider divider clearfix\" style=\"max-width:50px;height:2px;background-color:rgb(128, 195, 66);\"><\/div><\/div>\n\n\n\t\t<\/div>\n\t\t\t\t\t<\/div>\n\n\t\n\n\n<style>\n#row-744959950 > .col > .col-inner {\n  padding: 100px 0px 25px 0px;\n}\n<\/style>\n<\/div>\n\n\t\t<\/div>\n\n\t\t\n<style>\n#section_1138215313 {\n  padding-top: 0px;\n  padding-bottom: 0px;\n  margin-bottom: 0px;\n  min-height: 0px;\n}\n<\/style>\n\t<\/section>\n\t\n\n\t<section class=\"section\" id=\"section_1615310774\">\n\t\t<div class=\"section-bg fill\" >\n\t\t\t\t\t\t\t\t\t\n\t\t\t\n\n\t\t<\/div>\n\n\t\t\n\n\t\t<div class=\"section-content relative\">\n\t\t\t\n\n<div class=\"row\"  id=\"row-1446692152\">\n\n\n\t<div id=\"col-169332670\" class=\"col small-12 large-12\"  >\n\t\t\t\t<div class=\"col-inner\"  >\n\t\t\t\n\t\t\t\n\n<h4><strong>WERBEMATERIALIEN<\/strong><\/h4>\n\n\t\t<\/div>\n\t\t\t\t\n<style>\n#col-169332670 > .col-inner {\n  margin: 0px 0px -40px 0px;\n}\n<\/style>\n\t<\/div>\n\n\t\n\n\t<div id=\"col-409493516\" class=\"col small-12 large-12\"  >\n\t\t\t\t<div class=\"col-inner\"  >\n\t\t\t\n\t\t\t\n\n<table>\n<tbody>\n<tr>\n<td><strong>Titel<\/strong><\/td>\n<td width=\"10%\"><strong>Typ<\/strong><\/td>\n<td width=\"20%\">\u00a0<\/td>\n<\/tr>\n<tr>\n<td><img loading=\"lazy\" decoding=\"async\" class=\"alignnone wp-image-8823\" role=\"img\" src=\"https:\/\/www.lokve.com\/wp-content\/uploads\/2024\/05\/pdf.svg\" alt=\"\" width=\"32\" height=\"32\" \/> \u00dcber uns<\/td>\n<td>PDF<\/td>\n<td><a href=\"https:\/\/www.lokve.com\/wp-content\/uploads\/2024\/05\/O-NAMA-2024-HR.pdf\">HR<\/a> | <a href=\"https:\/\/www.lokve.com\/wp-content\/uploads\/2024\/05\/O-NAMA-2024-EN.pdf\">EN<\/a> | <a style=\"font-family: inherit; font-size: inherit;\" href=\"https:\/\/www.lokve.com\/wp-content\/uploads\/2024\/05\/O-NAMA-2024-DE.pdf\">DE<\/a> | <a style=\"font-family: inherit; font-size: inherit;\" href=\"https:\/\/www.lokve.com\/wp-content\/uploads\/2024\/05\/O-NAMA-2024-IT.pdf\">IT<\/a><\/td>\n<\/tr>\n<tr>\n<td><img loading=\"lazy\" decoding=\"async\" class=\"alignnone wp-image-8823\" role=\"img\" src=\"https:\/\/www.lokve.com\/wp-content\/uploads\/2024\/05\/pdf.svg\" alt=\"\" width=\"32\" height=\"32\" \/> Prospekt<\/td>\n<td>PDF<\/td>\n<td><a href=\"https:\/\/www.lokve.com\/wp-content\/uploads\/2024\/05\/PROSPEKT-HR.pdf\">HR<\/a> | <a href=\"https:\/\/www.lokve.com\/wp-content\/uploads\/2024\/05\/PROSPEKT-EN.pdf\">EN<\/a> | <a href=\"https:\/\/www.lokve.com\/wp-content\/uploads\/2024\/05\/PROSPEKT-DE.pdf\">DE<\/a> | <a href=\"https:\/\/www.lokve.com\/wp-content\/uploads\/2024\/05\/PROSPEKT-IT.pdf\">IT<\/a><\/td>\n<\/tr>\n<tr>\n<td><img loading=\"lazy\" decoding=\"async\" class=\"alignnone wp-image-8823\" role=\"img\" src=\"https:\/\/www.lokve.com\/wp-content\/uploads\/2024\/05\/pdf.svg\" alt=\"\" width=\"32\" height=\"32\" \/> Flat 100<\/td>\n<td>PDF<\/td>\n<td><a href=\"https:\/\/www.lokve.com\/wp-content\/uploads\/2024\/05\/FLAT-HR.pdf\">HR<\/a> | <a href=\"https:\/\/www.lokve.com\/wp-content\/uploads\/2024\/05\/FLAT-EN.pdf\">EN<\/a> | <a href=\"https:\/\/www.lokve.com\/wp-content\/uploads\/2024\/05\/FLAT-DE.pdf\">DE<\/a><\/td>\n<\/tr>\n<tr>\n<td><img loading=\"lazy\" decoding=\"async\" class=\"alignnone wp-image-8823\" role=\"img\" src=\"https:\/\/www.lokve.com\/wp-content\/uploads\/2024\/05\/pdf.svg\" alt=\"\" width=\"32\" height=\"32\" \/> Slim 50<\/td>\n<td>PDF<\/td>\n<td><a href=\"https:\/\/www.lokve.com\/wp-content\/uploads\/2024\/05\/Slim-50-HR.pdf\">HR<\/a> | <a href=\"https:\/\/www.lokve.com\/wp-content\/uploads\/2024\/05\/Slim-50-EN.pdf\">EN<\/a> | <a href=\"https:\/\/www.lokve.com\/wp-content\/uploads\/2024\/05\/Slim-50-DE.pdf\">DE<\/a> | <a href=\"https:\/\/www.lokve.com\/wp-content\/uploads\/2024\/05\/Slim-50-IT.pdf\">IT<\/a><\/td>\n<\/tr>\n<tr>\n<td><img loading=\"lazy\" decoding=\"async\" class=\"alignnone wp-image-8823\" role=\"img\" src=\"https:\/\/www.lokve.com\/wp-content\/uploads\/2024\/05\/pdf.svg\" alt=\"\" width=\"32\" height=\"32\" \/> 11 Gr\u00fcnde<\/td>\n<td>PDF<\/td>\n<td><a href=\"https:\/\/www.lokve.com\/wp-content\/uploads\/2024\/05\/11-razloga-HR.pdf\">HR<\/a> |\u00a0 <a href=\"https:\/\/www.lokve.com\/wp-content\/uploads\/2024\/05\/11-razloga-EN.pdf\">EN<\/a> | <a href=\"https:\/\/www.lokve.com\/wp-content\/uploads\/2024\/05\/11-razloga-DE.pdf\">DE<\/a> | <a href=\"https:\/\/www.lokve.com\/wp-content\/uploads\/2024\/05\/11-razloga-IT.pdf\">IT<\/a><\/td>\n<\/tr>\n<tr>\n<td><img loading=\"lazy\" decoding=\"async\" class=\"alignnone wp-image-8818\" role=\"img\" src=\"https:\/\/www.lokve.com\/wp-content\/uploads\/2024\/05\/zip.svg\" alt=\"\" width=\"32\" height=\"32\" \/> Logo-datei\u00a0<\/td>\n<td>ZIP<\/td>\n<td><a href=\"https:\/\/www.lokve.com\/wp-content\/uploads\/2024\/05\/LOGO.zip\">Download<\/a><\/td>\n<\/tr>\n<\/tbody>\n<\/table>\n\n\t\t<\/div>\n\t\t\t\t\t<\/div>\n\n\t\n\n<\/div>\n<div class=\"row\"  id=\"row-409791433\">\n\n\n\t<div id=\"col-2080731730\" class=\"col small-12 large-12\"  >\n\t\t\t\t<div class=\"col-inner\"  >\n\t\t\t\n\t\t\t\n\n<h4><strong>GARANTIE<\/strong><\/h4>\n\n\t\t<\/div>\n\t\t\t\t\n<style>\n#col-2080731730 > .col-inner {\n  margin: 0px 0px -40px 0px;\n}\n<\/style>\n\t<\/div>\n\n\t\n\n\t<div id=\"col-525546575\" class=\"col small-12 large-12\"  >\n\t\t\t\t<div class=\"col-inner\"  >\n\t\t\t\n\t\t\t\n\n<table>\n<tbody>\n<tr>\n<td><strong>Titel<\/strong><\/td>\n<td width=\"10%\"><strong>Typ<\/strong><\/td>\n<td width=\"20%\">\u00a0<\/td>\n<\/tr>\n<tr>\n<td><img loading=\"lazy\" decoding=\"async\" class=\"alignnone wp-image-8823\" role=\"img\" src=\"https:\/\/www.lokve.com\/wp-content\/uploads\/2024\/05\/pdf.svg\" alt=\"\" width=\"32\" height=\"32\" \/> Garantiebescheinigung<\/td>\n<td>\u00a0PDF<\/td>\n<td><a href=\"https:\/\/www.lokve.com\/wp-content\/uploads\/2024\/06\/JAMSTVO-HR.pdf\">HR<\/a> | <a href=\"https:\/\/www.lokve.com\/wp-content\/uploads\/2024\/06\/JAMSTVO-EN.pdf\">EN<\/a> | <a href=\"https:\/\/www.lokve.com\/wp-content\/uploads\/2024\/06\/JAMSTVO-DE.pdf\">DE<\/a> | <a href=\"https:\/\/www.lokve.com\/wp-content\/uploads\/2024\/06\/JAMSTVO-IT.pdf\">IT<\/a><\/td>\n<\/tr>\n<\/tbody>\n<\/table>\n\n\t\t<\/div>\n\t\t\t\t\t<\/div>\n\n\t\n\n<\/div>\n<div class=\"row align-middle\"  id=\"row-1866155029\">\n\n\n\t<div id=\"col-1436300921\" class=\"col small-12 large-12\"  >\n\t\t\t\t<div class=\"col-inner\"  >\n\t\t\t\n\t\t\t\n\n<h4 data-line-height=\"xl\"><strong>HANDB\u00dcCHER UND INSTALLATIONSANLEITUNG<\/strong><\/h4>\n\n\t\t<\/div>\n\t\t\t\t\n<style>\n#col-1436300921 > .col-inner {\n  margin: 0px 0px -40px 0px;\n}\n<\/style>\n\t<\/div>\n\n\t\n\n\t<div id=\"col-956480676\" class=\"col small-12 large-12\"  >\n\t\t\t\t<div class=\"col-inner\"  >\n\t\t\t\n\t\t\t\n\n<table>\n<tbody>\n<tr>\n<td><strong>Titel<\/strong><\/td>\n<td width=\"10%\"><strong>Typ<\/strong><\/td>\n<td width=\"20%\">\u00a0<\/td>\n<\/tr>\n<tr>\n<td><img loading=\"lazy\" decoding=\"async\" class=\"alignnone wp-image-8823\" role=\"img\" src=\"https:\/\/www.lokve.com\/wp-content\/uploads\/2024\/05\/pdf.svg\" alt=\"\" width=\"32\" height=\"32\" \/> Handbuch zur handhabung und wartung von produkten<\/td>\n<td>\u00a0PDF<\/td>\n<td><a href=\"https:\/\/www.lokve.com\/wp-content\/uploads\/2024\/05\/UZU-HR-2024.pdf\">HR<\/a> | <a href=\"https:\/\/www.lokve.com\/wp-content\/uploads\/2024\/05\/UZU-EN.pdf\">EN<\/a> | <a href=\"https:\/\/www.lokve.com\/wp-content\/uploads\/2024\/05\/UZU-DE-2024.pdf\">DE<\/a> | <a href=\"https:\/\/www.lokve.com\/wp-content\/uploads\/2024\/05\/UZU-IT.pdf\">IT<\/a><\/td>\n<\/tr>\n<tr>\n<td><img loading=\"lazy\" decoding=\"async\" class=\"alignnone wp-image-8823\" role=\"img\" src=\"https:\/\/www.lokve.com\/wp-content\/uploads\/2024\/05\/pdf.svg\" alt=\"\" width=\"32\" height=\"32\" \/> Fensteranpassung mit sichtbaren Beschl\u00e4gen ROTO NT<\/td>\n<td>\u00a0PDF<\/td>\n<td><a href=\"https:\/\/www.lokve.com\/wp-content\/uploads\/2021\/01\/Roto-NT.pdf\" target=\"_blank\" rel=\"noopener\">HR<\/a><\/td>\n<\/tr>\n<tr>\n<td><img loading=\"lazy\" decoding=\"async\" class=\"alignnone wp-image-8823\" role=\"img\" src=\"https:\/\/www.lokve.com\/wp-content\/uploads\/2024\/05\/pdf.svg\" alt=\"\" width=\"32\" height=\"32\" \/> Fensteranpassung mit nicht sichtbaren Beschl\u00e4gen ROTO DESIGNO<\/td>\n<td>\u00a0PDF<\/td>\n<td><a href=\"https:\/\/www.lokve.com\/wp-content\/uploads\/2021\/01\/Roto-Designo.pdf\" target=\"_blank\" rel=\"noopener\">HR<\/a><\/td>\n<\/tr>\n<tr>\n<td><img loading=\"lazy\" decoding=\"async\" class=\"alignnone wp-image-8823\" role=\"img\" src=\"https:\/\/www.lokve.com\/wp-content\/uploads\/2024\/05\/pdf.svg\" alt=\"\" width=\"32\" height=\"32\" \/> Anpassung von Schiebsystemen Beschl\u00e4ge ATRIUM HS330<\/td>\n<td>\u00a0PDF<\/td>\n<td><a href=\"https:\/\/www.lokve.com\/wp-content\/uploads\/2021\/01\/HauTau-HS-330.pdf\" target=\"_blank\" rel=\"noopener\">HR<\/a><\/td>\n<\/tr>\n<tr>\n<td><img loading=\"lazy\" decoding=\"async\" class=\"alignnone wp-image-8823\" role=\"img\" src=\"https:\/\/www.lokve.com\/wp-content\/uploads\/2024\/05\/pdf.svg\" alt=\"\" width=\"32\" height=\"32\" \/> Anpassung von Eingangst\u00fcren ROTO SOLID B170R<\/td>\n<td>\u00a0PDF<\/td>\n<td><a href=\"https:\/\/www.lokve.com\/wp-content\/uploads\/2021\/01\/BKV-Roto-Solid-B-170-R.pdf\" target=\"_blank\" rel=\"noopener\">HR<\/a><\/td>\n<\/tr>\n<tr>\n<td><img loading=\"lazy\" decoding=\"async\" class=\"alignnone wp-image-8823\" role=\"img\" src=\"https:\/\/www.lokve.com\/wp-content\/uploads\/2024\/05\/pdf.svg\" alt=\"\" width=\"32\" height=\"32\" \/> Anpassung von Eingangst\u00fcren gem\u00e4\u00df ROTO SOLID S120ATB<\/td>\n<td>\u00a0PDF<\/td>\n<td><a href=\"https:\/\/www.lokve.com\/wp-content\/uploads\/2021\/01\/ATB-Roto-Solid-S-120.pdf\" target=\"_blank\" rel=\"noopener\">HR<\/a><\/td>\n<\/tr>\n<\/tbody>\n<\/table>\n\n\t\t<\/div>\n\t\t\t\t\t<\/div>\n\n\t\n\n<\/div>\n\t<div id=\"gap-394558213\" class=\"gap-element clearfix\" style=\"display:block; height:auto;\">\n\t\t\n<style>\n#gap-394558213 {\n  padding-top: 50px;\n}\n<\/style>\n\t<\/div>\n\t\n\n\n\t\t<\/div>\n\n\t\t\n<style>\n#section_1615310774 {\n  padding-top: 0px;\n  padding-bottom: 0px;\n}\n<\/style>\n\t<\/section>\n\t\n\n\t<section class=\"section\" id=\"section_588387489\">\n\t\t<div class=\"section-bg fill\" >\n\t\t\t\t\t\t\t\t\t\n\t\t\t\n\n\t\t<\/div>\n\n\t\t\n\n\t\t<div class=\"section-content relative\">\n\t\t\t\n\n\t<div id=\"gap-2024091866\" class=\"gap-element clearfix\" style=\"display:block; height:auto;\">\n\t\t\n<style>\n#gap-2024091866 {\n  padding-top: 50px;\n}\n<\/style>\n\t<\/div>\n\t\n\n<h2 class=\"uppercase\" style=\"text-align: center;\">unsere Projekte<\/h2>\n<div class=\"text-center\"><div class=\"is-divider divider clearfix\" style=\"max-width:50px;height:2px;background-color:rgb(128, 195, 66);\"><\/div><\/div>\n\n\t<div id=\"gap-1006528032\" class=\"gap-element clearfix\" style=\"display:block; height:auto;\">\n\t\t\n<style>\n#gap-1006528032 {\n  padding-top: 50px;\n}\n<\/style>\n\t<\/div>\n\t\n\n  <div class=\"banner-grid-wrapper\">\n  <div id=\"banner-grid-279385019\" class=\"banner-grid row row-grid row-xsmall row-full-width\" data-packery-options=\"\">\n                      \n\n<div class=\"col grid-col large-4 grid-col-1\" ><div class=\"col-inner\">\n\n\n  <div class=\"banner has-hover bg-overlay-add\" id=\"banner-1130885222\">\n          <div class=\"banner-inner fill\">\n        <div class=\"banner-bg fill\" >\n            <img loading=\"lazy\" decoding=\"async\" width=\"600\" height=\"600\" src=\"https:\/\/www.lokve.com\/wp-content\/uploads\/2019\/09\/BROWN-BEACH-HOUSE-DESIGN-HOTEL-Trogir-Hrvatska.jpg\" class=\"bg attachment-large size-large\" alt=\"\" \/>                        <div class=\"overlay\"><\/div>            \n                    <\/div>\n\t\t\n        <div class=\"banner-layers container\">\n            <a class=\"fill\" href=\"https:\/\/lokve.com\/de\/referenzen\/\" target=\"_blank\" rel=\"noopener\"><div class=\"fill banner-link\"><\/div><\/a>            \n\n   <div id=\"text-box-1989488583\" class=\"text-box banner-layer x5 md-x5 lg-x5 y95 md-y95 lg-y95 res-text\">\n                                <div class=\"text-box-content text dark\">\n              \n              <div class=\"text-inner text-left\">\n                  \n\n<h2>BROWN BEACH HOUSE DESIGN HOTEL<\/h2>\n<p class=\"uppercase\">\n<div class=\"is-divider divider clearfix\" style=\"max-width:50px;height:2px;background-color:rgb(128, 195, 66);\"><\/div>\n\n<\/p>\n<h3>Trogir, Kroatien<\/h3>\n\n              <\/div>\n           <\/div>\n                            \n<style>\n#text-box-1989488583 {\n  width: 60%;\n}\n#text-box-1989488583 .text-box-content {\n  font-size: 100%;\n}\n@media (min-width:550px) {\n  #text-box-1989488583 {\n    width: 80%;\n  }\n}\n<\/style>\n    <\/div>\n \n\n        <\/div>\n      <\/div>\n\n            \n<style>\n#banner-1130885222 {\n  padding-top: 400px;\n}\n#banner-1130885222 .overlay {\n  background-color: rgba(0,0,0,.5);\n}\n<\/style>\n  <\/div>\n\n\n\n<\/div><\/div>\n<div class=\"col grid-col large-4 grid-col-1\" ><div class=\"col-inner\">\n\n\n  <div class=\"banner has-hover bg-overlay-add\" id=\"banner-1421435034\">\n          <div class=\"banner-inner fill\">\n        <div class=\"banner-bg fill\" >\n            <img loading=\"lazy\" decoding=\"async\" width=\"600\" height=\"600\" src=\"https:\/\/www.lokve.com\/wp-content\/uploads\/2019\/09\/sealine-villas-mykonos-grcka.jpg\" class=\"bg attachment-large size-large\" alt=\"\" \/>                        <div class=\"overlay\"><\/div>            \n                    <\/div>\n\t\t\n        <div class=\"banner-layers container\">\n            <a class=\"fill\" href=\"https:\/\/lokve.com\/de\/referenzen\/\" target=\"_blank\" rel=\"noopener\"><div class=\"fill banner-link\"><\/div><\/a>            \n\n   <div id=\"text-box-1174275380\" class=\"text-box banner-layer x5 md-x5 lg-x5 y95 md-y95 lg-y95 res-text\">\n                                <div class=\"text-box-content text dark\">\n              \n              <div class=\"text-inner text-left\">\n                  \n\n<h2>SEALINE VILLAS<\/h2>\n<div class=\"is-divider divider clearfix\" style=\"max-width:50px;height:2px;background-color:rgb(128, 195, 66);\"><\/div>\n\n<h3>Mykonos, Griechenland<\/h3>\n\n              <\/div>\n           <\/div>\n                            \n<style>\n#text-box-1174275380 {\n  width: 60%;\n}\n#text-box-1174275380 .text-box-content {\n  font-size: 100%;\n}\n@media (min-width:550px) {\n  #text-box-1174275380 {\n    width: 80%;\n  }\n}\n<\/style>\n    <\/div>\n \n\n        <\/div>\n      <\/div>\n\n            \n<style>\n#banner-1421435034 {\n  padding-top: 400px;\n}\n#banner-1421435034 .overlay {\n  background-color: rgba(0,0,0,.5);\n}\n<\/style>\n  <\/div>\n\n\n\n<\/div><\/div>\n<div class=\"col grid-col large-4 grid-col-1\" ><div class=\"col-inner\">\n\n\n  <div class=\"banner has-hover bg-overlay-add\" id=\"banner-1536814588\">\n          <div class=\"banner-inner fill\">\n        <div class=\"banner-bg fill\" >\n            <img loading=\"lazy\" decoding=\"async\" width=\"600\" height=\"600\" src=\"https:\/\/www.lokve.com\/wp-content\/uploads\/2019\/09\/hotel-salona-palace-split-hrvatska.jpg\" class=\"bg attachment-large size-large\" alt=\"\" \/>                        <div class=\"overlay\"><\/div>            \n                    <\/div>\n\t\t\n        <div class=\"banner-layers container\">\n            <a class=\"fill\" href=\"https:\/\/lokve.com\/de\/referenzen\/\" target=\"_blank\" rel=\"noopener\"><div class=\"fill banner-link\"><\/div><\/a>            \n\n   <div id=\"text-box-1654785175\" class=\"text-box banner-layer x5 md-x5 lg-x5 y95 md-y95 lg-y95 res-text\">\n                                <div class=\"text-box-content text dark\">\n              \n              <div class=\"text-inner text-left\">\n                  \n\n<h2>HOTEL SALONA PALACE<\/h2>\n<div class=\"is-divider divider clearfix\" style=\"max-width:50px;height:2px;background-color:rgb(128, 195, 66);\"><\/div>\n\n<h3>Split, Kroatien<\/h3>\n\n              <\/div>\n           <\/div>\n                            \n<style>\n#text-box-1654785175 {\n  width: 60%;\n}\n#text-box-1654785175 .text-box-content {\n  font-size: 100%;\n}\n@media (min-width:550px) {\n  #text-box-1654785175 {\n    width: 80%;\n  }\n}\n<\/style>\n    <\/div>\n \n\n        <\/div>\n      <\/div>\n\n            \n<style>\n#banner-1536814588 {\n  padding-top: 400px;\n}\n#banner-1536814588 .overlay {\n  background-color: rgba(0,0,0,.5);\n}\n<\/style>\n  <\/div>\n\n\n\n<\/div><\/div>\n\n            <\/div>\n    <style>\n    #banner-grid-279385019 .grid-col-1{height: 500px}\n    #banner-grid-279385019 .grid-col-1-2{height: 250px}\n    #banner-grid-279385019 .grid-col-1-3{height:166.66666666667px}\n    #banner-grid-279385019 .grid-col-2-3{height: 333.33333333333px}\n    #banner-grid-279385019 .grid-col-1-4{height: 125px}\n    #banner-grid-279385019 .grid-col-3-4{height: 375px}\n\n\n    \n    \n\n  <\/style>\n    <\/div>\n  \n\n\t\t<\/div>\n\n\t\t\n<style>\n#section_588387489 {\n  padding-top: 0px;\n  padding-bottom: 0px;\n}\n<\/style>\n\t<\/section>\n\t\n\n\n","protected":false},"excerpt":{"rendered":"","protected":false},"author":2,"featured_media":0,"parent":2376,"menu_order":0,"comment_status":"closed","ping_status":"closed","template":"page-blank.php","meta":{"footnotes":""},"class_list":["post-2382","page","type-page","status-publish","hentry"],"_links":{"self":[{"href":"https:\/\/www.lokve.com\/de\/wp-json\/wp\/v2\/pages\/2382","targetHints":{"allow":["GET"]}}],"collection":[{"href":"https:\/\/www.lokve.com\/de\/wp-json\/wp\/v2\/pages"}],"about":[{"href":"https:\/\/www.lokve.com\/de\/wp-json\/wp\/v2\/types\/page"}],"author":[{"embeddable":true,"href":"https:\/\/www.lokve.com\/de\/wp-json\/wp\/v2\/users\/2"}],"replies":[{"embeddable":true,"href":"https:\/\/www.lokve.com\/de\/wp-json\/wp\/v2\/comments?post=2382"}],"version-history":[{"count":10,"href":"https:\/\/www.lokve.com\/de\/wp-json\/wp\/v2\/pages\/2382\/revisions"}],"predecessor-version":[{"id":9085,"href":"https:\/\/www.lokve.com\/de\/wp-json\/wp\/v2\/pages\/2382\/revisions\/9085"}],"up":[{"embeddable":true,"href":"https:\/\/www.lokve.com\/de\/wp-json\/wp\/v2\/pages\/2376"}],"wp:attachment":[{"href":"https:\/\/www.lokve.com\/de\/wp-json\/wp\/v2\/media?parent=2382"}],"curies":[{"name":"wp","href":"https:\/\/api.w.org\/{rel}","templated":true}]}}