{"id":4822,"date":"2021-01-22T13:32:30","date_gmt":"2021-01-22T13:32:30","guid":{"rendered":"https:\/\/lokve.moonsafari.design\/?page_id=4822"},"modified":"2021-02-11T09:09:22","modified_gmt":"2021-02-11T09:09:22","slug":"oscuranti-esterni","status":"publish","type":"page","link":"https:\/\/www.lokve.com\/it\/accessori\/oscuranti-esterni\/","title":{"rendered":"Oscuranti esterni"},"content":{"rendered":"\n\n\t<section class=\"section\" id=\"section_249559825\">\n\t\t<div class=\"section-bg fill\" >\n\t\t\t\t\t\t\t\t\t\n\t\t\t\n\n\t\t<\/div>\n\n\t\t\n\n\t\t<div class=\"section-content relative\">\n\t\t\t\n\n<div class=\"row align-middle\"  id=\"row-226259329\">\n\n\n\t<div id=\"col-1736248071\" class=\"col medium-6 small-12 large-6\"  >\n\t\t\t\t<div class=\"col-inner text-left\"  >\n\t\t\t\n\t\t\t\n\n<h1 data-line-height=\"xs\">OSCURANTI ESTERNI<\/h1>\n<div class=\"is-divider divider clearfix\" style=\"max-width:50px;height:2px;background-color:rgb(128, 195, 66);\"><\/div>\n\n<p class=\"lead\">Nell\u2019architettura moderna di oggi veneziane esterne sostituiscono tapparelle classiche. Varie forme di lamelle e guide permettono soluzioni individuali per ogni tipo di facciata. Ottimo l\u2019abbagliamento, regolazione della luce e presentazione moderna sono le prestazioni che ci offrono.<\/p>\n<p>Sullo stesso edificio, possono combinarsi con tapparelle classiche, perche quando chiuse, sembrano uguali. Vantaggio degli avvolgibili sta nell\u2019possibilit\u00e0 di oscuramento completo, mentre veneziane offrono possibilit\u00e0 di regolare quantit\u00e0 di luce. Oltre la funzionalit\u00e0, veneziane esterne in alluminio hanno anche funzione decorativa vista la vasta scelta di colori.<\/p>\n\n\t\t<\/div>\n\t\t\t\t\t<\/div>\n\n\t\n\n\t<div id=\"col-459168082\" class=\"col medium-6 small-12 large-6\"  >\n\t\t\t\t<div class=\"col-inner text-center\"  >\n\t\t\t\n\t\t\t\n\n\t<div class=\"img has-hover x md-x lg-x y md-y lg-y\" id=\"image_822418749\">\n\t\t\t\t\t\t\t\t<div class=\"img-inner image-cover dark\" style=\"padding-top:500px;\">\n\t\t\t<img loading=\"lazy\" decoding=\"async\" width=\"600\" height=\"600\" src=\"https:\/\/www.lokve.com\/wp-content\/uploads\/2019\/10\/Vanjske-zaluzine-dodatna-oprema-za-prozore-Lokve-Quality-Windows.jpg\" class=\"attachment-original size-original\" alt=\"Vanjske \u017ealuzine dodatna oprema za prozore - Lokve Quality Windows\" srcset=\"https:\/\/www.lokve.com\/wp-content\/uploads\/2019\/10\/Vanjske-zaluzine-dodatna-oprema-za-prozore-Lokve-Quality-Windows.jpg 600w, https:\/\/www.lokve.com\/wp-content\/uploads\/2019\/10\/Vanjske-zaluzine-dodatna-oprema-za-prozore-Lokve-Quality-Windows-150x150.jpg 150w, https:\/\/www.lokve.com\/wp-content\/uploads\/2019\/10\/Vanjske-zaluzine-dodatna-oprema-za-prozore-Lokve-Quality-Windows-300x300.jpg 300w, https:\/\/www.lokve.com\/wp-content\/uploads\/2019\/10\/Vanjske-zaluzine-dodatna-oprema-za-prozore-Lokve-Quality-Windows-100x100.jpg 100w\" sizes=\"auto, (max-width: 600px) 100vw, 600px\" \/>\t\t\t\t\t\t\n\t\t\t\t\t<\/div>\n\t\t\t\t\t\t\t\t\n<style>\n#image_822418749 {\n  width: 100%;\n}\n<\/style>\n\t<\/div>\n\t\n\n\n\t\t<\/div>\n\t\t\t\t\t<\/div>\n\n\t\n\n<\/div>\n\n\t\t<\/div>\n\n\t\t\n<style>\n#section_249559825 {\n  padding-top: 60px;\n  padding-bottom: 60px;\n  min-height: 500px;\n}\n<\/style>\n\t<\/section>\n\t\n\n\t<section class=\"section\" id=\"section_360008960\">\n\t\t<div class=\"section-bg fill\" >\n\t\t\t\t\t\t\t\t\t\n\t\t\t\n\n\t\t<\/div>\n\n\t\t\n\n\t\t<div class=\"section-content relative\">\n\t\t\t\n\n<div class=\"row row-large row-dashed\"  id=\"row-877239928\">\n\n\n\t<div id=\"col-528295184\" class=\"col medium-6 small-6 large-6\"  >\n\t\t\t\t<div class=\"col-inner\"  >\n\t\t\t\n\t\t\t\n\n\t<div class=\"box has-hover   has-hover box-text-bottom\" >\n\n\t\t<div class=\"box-image\" >\n\t\t\t\t\t\t<div class=\"\" >\n\t\t\t\t<img loading=\"lazy\" decoding=\"async\" width=\"500\" height=\"500\" src=\"https:\/\/www.lokve.com\/wp-content\/uploads\/2019\/11\/Predprozorske-zaluzine-HERO-1X-Lokve-Quality-Windows.jpg\" class=\"attachment-original size-original\" alt=\"Predprozorske \u017ealuzine HERO 1X - Lokve Quality Windows\" srcset=\"https:\/\/www.lokve.com\/wp-content\/uploads\/2019\/11\/Predprozorske-zaluzine-HERO-1X-Lokve-Quality-Windows.jpg 500w, https:\/\/www.lokve.com\/wp-content\/uploads\/2019\/11\/Predprozorske-zaluzine-HERO-1X-Lokve-Quality-Windows-150x150.jpg 150w, https:\/\/www.lokve.com\/wp-content\/uploads\/2019\/11\/Predprozorske-zaluzine-HERO-1X-Lokve-Quality-Windows-300x300.jpg 300w, https:\/\/www.lokve.com\/wp-content\/uploads\/2019\/11\/Predprozorske-zaluzine-HERO-1X-Lokve-Quality-Windows-100x100.jpg 100w\" sizes=\"auto, (max-width: 500px) 100vw, 500px\" \/>\t\t\t\t\t\t\t\t\t\t\t<\/div>\n\t\t\t\t\t<\/div>\n\n\t\t<div class=\"box-text text-left\" >\n\t\t\t<div class=\"box-text-inner\">\n\t\t\t\t\n\n<p>\u00a0<\/p>\n<h5 class=\"uppercase\">AVVOLGIBILI DAVANTI AL SERRAMENTO<\/h5>\n<h2>HERO 1X<\/h2>\n<div class=\"is-divider divider clearfix\" style=\"max-width:50px;height:2px;background-color:rgb(128, 195, 66);\"><\/div>\n\n<p class=\"p1\"><strong><span class=\"s1\">Cassonetto<\/span><\/strong><span class=\"s2\"><strong>:<\/strong> Visibile o Nascosto\/Sotto intonaco<\/span><\/p>\n<p class=\"p1\"><strong><span class=\"s1\">Zanzariera<\/span><\/strong><span class=\"s2\"><strong>:<\/strong> Optional<\/span><\/p>\n<p class=\"p1\"><span class=\"s2\">&nbsp;<\/span><\/p>\n<p class=\"p1\"><span class=\"s2\">Veneziane vanno montate davanti al serramento. <br \/>Cassonetti possono essere visibili o nascosti\/sotto intonaco.<\/span><\/p>\n\n\t\t\t<\/div>\n\t\t<\/div>\n\t<\/div>\n\t\n\n\t\t<\/div>\n\t\t\t\t\t<\/div>\n\n\t\n\n\t<div id=\"col-429615160\" class=\"col medium-6 small-12 large-6\"  >\n\t\t\t\t<div class=\"col-inner\"  >\n\t\t\t\n\t\t\t\n\n\t<div class=\"box has-hover   has-hover box-text-bottom\" >\n\n\t\t<div class=\"box-image\" >\n\t\t\t\t\t\t<div class=\"\" >\n\t\t\t\t<img loading=\"lazy\" decoding=\"async\" width=\"500\" height=\"500\" src=\"https:\/\/www.lokve.com\/wp-content\/uploads\/2019\/11\/Nadprozorske-zaluzine-HERO-5-Lokve-Quality-Windows.jpg\" class=\"attachment-original size-original\" alt=\"Nadprozorske \u017ealuzine HERO 5 - Lokve Quality Windows\" srcset=\"https:\/\/www.lokve.com\/wp-content\/uploads\/2019\/11\/Nadprozorske-zaluzine-HERO-5-Lokve-Quality-Windows.jpg 500w, https:\/\/www.lokve.com\/wp-content\/uploads\/2019\/11\/Nadprozorske-zaluzine-HERO-5-Lokve-Quality-Windows-150x150.jpg 150w, https:\/\/www.lokve.com\/wp-content\/uploads\/2019\/11\/Nadprozorske-zaluzine-HERO-5-Lokve-Quality-Windows-300x300.jpg 300w, https:\/\/www.lokve.com\/wp-content\/uploads\/2019\/11\/Nadprozorske-zaluzine-HERO-5-Lokve-Quality-Windows-100x100.jpg 100w\" sizes=\"auto, (max-width: 500px) 100vw, 500px\" \/>\t\t\t\t\t\t\t\t\t\t\t<\/div>\n\t\t\t\t\t<\/div>\n\n\t\t<div class=\"box-text text-left\" >\n\t\t\t<div class=\"box-text-inner\">\n\t\t\t\t\n\n<p>&nbsp;<\/p>\n<h5 class=\"uppercase\">VENEZIANE SOPRA IL SERRAMENTO<\/h5>\n<h2>HERO 5<\/h2>\n<div class=\"is-divider divider clearfix\" style=\"max-width:50px;height:2px;background-color:rgb(128, 195, 66);\"><\/div>\n\n<p><span style=\"font-size: 14.4px;\"><strong>Cassonetto:<\/strong> Nascosto\/Sotto intonaco<br \/><strong>Zanzariera:<\/strong>&nbsp;Optional<br \/>&nbsp;<br \/>Veneziane vanno montate sopra la finestra e vanno installate insieme alla finestra. Cassonetti sono nascosti\/sotto intonaco. Cassonetti degli avvolgibili sono uguali ai cassonetti delle veneziane e in questo modo permettono uso degli entrambi sullo stesso edificio.&nbsp; <\/span><\/p>\n\n\t\t\t<\/div>\n\t\t<\/div>\n\t<\/div>\n\t\n\n\t\t<\/div>\n\t\t\t\t\t<\/div>\n\n\t\n\n<\/div>\n\n\t\t<\/div>\n\n\t\t\n<style>\n#section_360008960 {\n  padding-top: 100px;\n  padding-bottom: 100px;\n}\n<\/style>\n\t<\/section>\n\t\n\n\t<section class=\"section\" id=\"section_972146049\">\n\t\t<div class=\"section-bg fill\" >\n\t\t\t\t\t\t\t\t\t\n\t\t\t\n\n\t\t<\/div>\n\n\t\t\n\n\t\t<div class=\"section-content relative\">\n\t\t\t\n\n<div class=\"row\"  id=\"row-2082323899\">\n\n\n\t<div id=\"col-1058430617\" class=\"col small-12 large-12\"  >\n\t\t\t\t<div class=\"col-inner\"  >\n\t\t\t\n\t\t\t\n\n<h2 class=\"uppercase\" style=\"text-align: center;\"> VANTAGGI DELLE VENEZIANE ESTERNE <\/h2>\n<div class=\"text-center\"><div class=\"is-divider divider clearfix\" style=\"max-width:50px;height:2px;background-color:rgb(128, 195, 66);\"><\/div><\/div>\n\n\n\t\t<\/div>\n\t\t\t\t\t<\/div>\n\n\t\n\n<\/div>\n<div class=\"row row-large align-center\"  id=\"row-814839169\">\n\n\n\t<div id=\"col-1620017040\" class=\"col medium-4 small-12 large-4\"  >\n\t\t\t\t<div class=\"col-inner text-center\"  >\n\t\t\t\n\t\t\t\n\n\n\t\t<div class=\"icon-box featured-box icon-box-center text-center\"  >\n\t\t\t\t\t<div class=\"icon-box-img\" style=\"width: 100px\">\n\t\t\t\t<div class=\"icon\">\n\t\t\t\t\t<div class=\"icon-inner\" >\n\t\t\t\t\t\t<img loading=\"lazy\" decoding=\"async\" width=\"100\" height=\"100\" src=\"https:\/\/www.lokve.com\/wp-content\/uploads\/2019\/09\/quality.svg\" class=\"attachment-medium size-medium\" alt=\"\" \/>\t\t\t\t\t<\/div>\n\t\t\t\t<\/div>\n\t\t\t<\/div>\n\t\t\t\t<div class=\"icon-box-text last-reset\">\n\t\t\t<h5 class=\"uppercase\">PRODOTTI CERTIFICATI<\/h5>\t\t\t\t\t\t\n\n<p> Certificati internazionali confermano alta qualit\u00e0 di prodotti. <\/p>\n\n\t\t<\/div>\n\t<\/div>\n\t\n\t\n\n\t\t<\/div>\n\t\t\t\t\t<\/div>\n\n\t\n\n\t<div id=\"col-1086376695\" class=\"col medium-4 small-12 large-4\"  >\n\t\t\t\t<div class=\"col-inner\"  >\n\t\t\t\n\t\t\t\n\n\n\t\t<div class=\"icon-box featured-box icon-box-center text-center\"  >\n\t\t\t\t\t<div class=\"icon-box-img\" style=\"width: 100px\">\n\t\t\t\t<div class=\"icon\">\n\t\t\t\t\t<div class=\"icon-inner\" >\n\t\t\t\t\t\t<img loading=\"lazy\" decoding=\"async\" width=\"100\" height=\"100\" src=\"https:\/\/www.lokve.com\/wp-content\/uploads\/2019\/11\/proizvodnja-roleta-po-mjeri-Lokve-Quality-Windows.svg\" class=\"attachment-medium size-medium\" alt=\"Proizvodnja roleta po mjeri - Lokve Quality Windows\" \/>\t\t\t\t\t<\/div>\n\t\t\t\t<\/div>\n\t\t\t<\/div>\n\t\t\t\t<div class=\"icon-box-text last-reset\">\n\t\t\t<h5 class=\"uppercase\">PRODUZIONE SU MISURA<\/h5>\t\t\t\t\t\t\n\n<p> Realizzazione personalizzata per dimensioni e colori per il vostro edificio. <\/p>\n\n\t\t<\/div>\n\t<\/div>\n\t\n\t\n\n\t\t<\/div>\n\t\t\t\t\t<\/div>\n\n\t\n\n\t<div id=\"col-2078078453\" class=\"col medium-4 small-12 large-4\"  >\n\t\t\t\t<div class=\"col-inner\"  >\n\t\t\t\n\t\t\t\n\n\n\t\t<div class=\"icon-box featured-box icon-box-center text-center\"  >\n\t\t\t\t\t<div class=\"icon-box-img\" style=\"width: 100px\">\n\t\t\t\t<div class=\"icon\">\n\t\t\t\t\t<div class=\"icon-inner\" >\n\t\t\t\t\t\t<img loading=\"lazy\" decoding=\"async\" width=\"105\" height=\"100\" src=\"https:\/\/www.lokve.com\/wp-content\/uploads\/2019\/11\/vremenski-utjecaj-na-rolete-Lokve-Quality-Windows.svg\" class=\"attachment-medium size-medium\" alt=\"Za\u0161tita od vremenskih utjecaja sa roletama - Lokve Quality Windows\" \/>\t\t\t\t\t<\/div>\n\t\t\t\t<\/div>\n\t\t\t<\/div>\n\t\t\t\t<div class=\"icon-box-text last-reset\">\n\t\t\t<h5 class=\"uppercase\">PROTEZIONE CONTRO GLI AGENTI ATMOSFERICI<\/h5>\t\t\t\t\t\t\n\n<p> Protezione contro il calore e possibilit\u00e0 di oscuramento completo. <\/p>\n\n\t\t<\/div>\n\t<\/div>\n\t\n\t\n\n\t\t<\/div>\n\t\t\t\t\t<\/div>\n\n\t\n\n\n<style>\n#row-814839169 > .col > .col-inner {\n  padding: 50px 0px 50px 0px;\n}\n<\/style>\n<\/div>\n\n\t\t<\/div>\n\n\t\t\n<style>\n#section_972146049 {\n  padding-top: 100px;\n  padding-bottom: 100px;\n  background-color: rgba(99, 100, 102, 0.1);\n}\n<\/style>\n\t<\/section>\n\t\n\n\t<section class=\"section\" id=\"section_500763615\">\n\t\t<div class=\"section-bg fill\" >\n\t\t\t\t\t\t\t\t\t\n\t\t\t\n\n\t\t<\/div>\n\n\t\t\n\n\t\t<div class=\"section-content relative\">\n\t\t\t\n\n\t<div id=\"gap-1209732118\" class=\"gap-element clearfix\" style=\"display:block; height:auto;\">\n\t\t\n<style>\n#gap-1209732118 {\n  padding-top: 50px;\n}\n<\/style>\n\t<\/div>\n\t\n\n<h2 class=\"uppercase\" style=\"text-align: center;\">I NOSTRI PROGETTI<br \/>\n<\/h2>\n<div class=\"text-center\"><div class=\"is-divider divider clearfix\" style=\"max-width:50px;height:2px;background-color:rgb(128, 195, 66);\"><\/div><\/div>\n\n\t<div id=\"gap-88366308\" class=\"gap-element clearfix\" style=\"display:block; height:auto;\">\n\t\t\n<style>\n#gap-88366308 {\n  padding-top: 50px;\n}\n<\/style>\n\t<\/div>\n\t\n\n  <div class=\"banner-grid-wrapper\">\n  <div id=\"banner-grid-1029821058\" class=\"banner-grid row row-grid row-xsmall row-full-width\" data-packery-options=\"\">\n                      \n\n<div class=\"col grid-col large-4 grid-col-1\" ><div class=\"col-inner\">\n\n\n  <div class=\"banner has-hover bg-overlay-add\" id=\"banner-1556685710\">\n          <div class=\"banner-inner fill\">\n        <div class=\"banner-bg fill\" >\n            <img loading=\"lazy\" decoding=\"async\" width=\"600\" height=\"600\" src=\"https:\/\/www.lokve.com\/wp-content\/uploads\/2019\/09\/BROWN-BEACH-HOUSE-DESIGN-HOTEL-Trogir-Hrvatska.jpg\" class=\"bg attachment-large size-large\" alt=\"\" \/>                        <div class=\"overlay\"><\/div>            \n                    <\/div>\n\t\t\n        <div class=\"banner-layers container\">\n            <a class=\"fill\" href=\"https:\/\/www.lokve.com\/reference\/\"><div class=\"fill banner-link\"><\/div><\/a>            \n\n   <div id=\"text-box-1438945149\" class=\"text-box banner-layer x5 md-x5 lg-x5 y95 md-y95 lg-y95 res-text\">\n                                <div class=\"text-box-content text dark\">\n              \n              <div class=\"text-inner text-left\">\n                  \n\n<h2>BROWN BEACH HOUSE DESIGN HOTEL<\/h2>\n<p class=\"uppercase\">\n<div class=\"is-divider divider clearfix\" style=\"max-width:50px;height:2px;background-color:rgb(128, 195, 66);\"><\/div>\n\n<\/p>\n<h3>Trogir, Croazia<\/h3>\n\n              <\/div>\n           <\/div>\n                            \n<style>\n#text-box-1438945149 {\n  width: 60%;\n}\n#text-box-1438945149 .text-box-content {\n  font-size: 100%;\n}\n@media (min-width:550px) {\n  #text-box-1438945149 {\n    width: 80%;\n  }\n}\n<\/style>\n    <\/div>\n \n\n        <\/div>\n      <\/div>\n\n            \n<style>\n#banner-1556685710 {\n  padding-top: 400px;\n}\n#banner-1556685710 .overlay {\n  background-color: rgba(0,0,0,.5);\n}\n<\/style>\n  <\/div>\n\n\n\n<\/div><\/div>\n<div class=\"col grid-col large-4 grid-col-1\" ><div class=\"col-inner\">\n\n\n  <div class=\"banner has-hover bg-overlay-add\" id=\"banner-1517340236\">\n          <div class=\"banner-inner fill\">\n        <div class=\"banner-bg fill\" >\n            <img loading=\"lazy\" decoding=\"async\" width=\"600\" height=\"600\" src=\"https:\/\/www.lokve.com\/wp-content\/uploads\/2019\/09\/sealine-villas-mykonos-grcka.jpg\" class=\"bg attachment-large size-large\" alt=\"\" \/>                        <div class=\"overlay\"><\/div>            \n                    <\/div>\n\t\t\n        <div class=\"banner-layers container\">\n            <a class=\"fill\" href=\"https:\/\/www.lokve.com\/reference\/\"><div class=\"fill banner-link\"><\/div><\/a>            \n\n   <div id=\"text-box-499076650\" class=\"text-box banner-layer x5 md-x5 lg-x5 y95 md-y95 lg-y95 res-text\">\n                                <div class=\"text-box-content text dark\">\n              \n              <div class=\"text-inner text-left\">\n                  \n\n<h2>SEALINE VILLAS<\/h2>\n<div class=\"is-divider divider clearfix\" style=\"max-width:50px;height:2px;background-color:rgb(128, 195, 66);\"><\/div>\n\n<h3>Mykonos, Grecia<\/h3>\n\n              <\/div>\n           <\/div>\n                            \n<style>\n#text-box-499076650 {\n  width: 60%;\n}\n#text-box-499076650 .text-box-content {\n  font-size: 100%;\n}\n@media (min-width:550px) {\n  #text-box-499076650 {\n    width: 80%;\n  }\n}\n<\/style>\n    <\/div>\n \n\n        <\/div>\n      <\/div>\n\n            \n<style>\n#banner-1517340236 {\n  padding-top: 400px;\n}\n#banner-1517340236 .overlay {\n  background-color: rgba(0,0,0,.5);\n}\n<\/style>\n  <\/div>\n\n\n\n<\/div><\/div>\n<div class=\"col grid-col large-4 grid-col-1\" ><div class=\"col-inner\">\n\n\n  <div class=\"banner has-hover bg-overlay-add\" id=\"banner-658403666\">\n          <div class=\"banner-inner fill\">\n        <div class=\"banner-bg fill\" >\n            <img loading=\"lazy\" decoding=\"async\" width=\"600\" height=\"600\" src=\"https:\/\/www.lokve.com\/wp-content\/uploads\/2019\/09\/hotel-salona-palace-split-hrvatska.jpg\" class=\"bg attachment-large size-large\" alt=\"\" \/>                        <div class=\"overlay\"><\/div>            \n                    <\/div>\n\t\t\n        <div class=\"banner-layers container\">\n            <a class=\"fill\" href=\"https:\/\/www.lokve.com\/reference\/\"><div class=\"fill banner-link\"><\/div><\/a>            \n\n   <div id=\"text-box-691564219\" class=\"text-box banner-layer x5 md-x5 lg-x5 y95 md-y95 lg-y95 res-text\">\n                                <div class=\"text-box-content text dark\">\n              \n              <div class=\"text-inner text-left\">\n                  \n\n<h2>HOTEL SALONA PALACE<\/h2>\n<div class=\"is-divider divider clearfix\" style=\"max-width:50px;height:2px;background-color:rgb(128, 195, 66);\"><\/div>\n\n<h3>Split, Croazia<\/h3>\n\n              <\/div>\n           <\/div>\n                            \n<style>\n#text-box-691564219 {\n  width: 60%;\n}\n#text-box-691564219 .text-box-content {\n  font-size: 100%;\n}\n@media (min-width:550px) {\n  #text-box-691564219 {\n    width: 80%;\n  }\n}\n<\/style>\n    <\/div>\n \n\n        <\/div>\n      <\/div>\n\n            \n<style>\n#banner-658403666 {\n  padding-top: 400px;\n}\n#banner-658403666 .overlay {\n  background-color: rgba(0,0,0,.5);\n}\n<\/style>\n  <\/div>\n\n\n\n<\/div><\/div>\n\n            <\/div>\n    <style>\n    #banner-grid-1029821058 .grid-col-1{height: 500px}\n    #banner-grid-1029821058 .grid-col-1-2{height: 250px}\n    #banner-grid-1029821058 .grid-col-1-3{height:166.66666666667px}\n    #banner-grid-1029821058 .grid-col-2-3{height: 333.33333333333px}\n    #banner-grid-1029821058 .grid-col-1-4{height: 125px}\n    #banner-grid-1029821058 .grid-col-3-4{height: 375px}\n\n\n    \n    \n\n  <\/style>\n    <\/div>\n  \n\n\t\t<\/div>\n\n\t\t\n<style>\n#section_500763615 {\n  padding-top: 60px;\n  padding-bottom: 60px;\n}\n<\/style>\n\t<\/section>\n\t\n\n\n","protected":false},"excerpt":{"rendered":"","protected":false},"author":2,"featured_media":0,"parent":4035,"menu_order":0,"comment_status":"closed","ping_status":"closed","template":"page-blank.php","meta":{"footnotes":""},"class_list":["post-4822","page","type-page","status-publish","hentry"],"_links":{"self":[{"href":"https:\/\/www.lokve.com\/it\/wp-json\/wp\/v2\/pages\/4822","targetHints":{"allow":["GET"]}}],"collection":[{"href":"https:\/\/www.lokve.com\/it\/wp-json\/wp\/v2\/pages"}],"about":[{"href":"https:\/\/www.lokve.com\/it\/wp-json\/wp\/v2\/types\/page"}],"author":[{"embeddable":true,"href":"https:\/\/www.lokve.com\/it\/wp-json\/wp\/v2\/users\/2"}],"replies":[{"embeddable":true,"href":"https:\/\/www.lokve.com\/it\/wp-json\/wp\/v2\/comments?post=4822"}],"version-history":[{"count":5,"href":"https:\/\/www.lokve.com\/it\/wp-json\/wp\/v2\/pages\/4822\/revisions"}],"predecessor-version":[{"id":5042,"href":"https:\/\/www.lokve.com\/it\/wp-json\/wp\/v2\/pages\/4822\/revisions\/5042"}],"up":[{"embeddable":true,"href":"https:\/\/www.lokve.com\/it\/wp-json\/wp\/v2\/pages\/4035"}],"wp:attachment":[{"href":"https:\/\/www.lokve.com\/it\/wp-json\/wp\/v2\/media?parent=4822"}],"curies":[{"name":"wp","href":"https:\/\/api.w.org\/{rel}","templated":true}]}}