{"id":8056,"date":"2023-05-06T08:29:08","date_gmt":"2023-05-06T06:29:08","guid":{"rendered":"https:\/\/www.lokve.com\/?page_id=8056"},"modified":"2024-10-29T14:26:32","modified_gmt":"2024-10-29T13:26:32","slug":"kontakt","status":"publish","type":"page","link":"https:\/\/www.lokve.com\/sl\/kontakt-info\/kontakt\/","title":{"rendered":"Kontakt"},"content":{"rendered":"\n\n\t<section class=\"section\" id=\"section_501296258\">\n\t\t<div class=\"section-bg fill\" >\n\t\t\t\t\t\t\t\t\t\n\t\t\t\n\n\t\t<\/div>\n\n\t\t\n\n\t\t<div class=\"section-content relative\">\n\t\t\t\n\n<div class=\"row row-full-width\"  id=\"row-825019513\">\n\n\n\t<div id=\"col-451745979\" class=\"col small-12 large-12\"  >\n\t\t\t\t<div class=\"col-inner\"  >\n\t\t\t\n\t\t\t\n\n<h1 style=\"text-align: center;\">Kontakt<\/h1>\n<p><iframe loading=\"lazy\" src=\"https:\/\/www.google.com\/maps\/embed?pb=!1m18!1m12!1m3!1d179449.21811835916!2d14.595172296287416!3d45.358166515614705!2m3!1f0!2f0!3f0!3m2!1i1024!2i768!4f13.1!3m3!1m2!1s0x476484d2c9e0e2e3%3A0x4ba933cc6fbb0f5c!2sLOKVE%20d.o.o.!5e0!3m2!1ssl!2ssl!4v1568649854321!5m2!1ssl!2ssl\" width=\"100%\" height=\"400\" frameborder=\"0\" style=\"border:0;\" allowfullscreen=\"\"><\/iframe><\/p>\n\n\t\t<\/div>\n\t\t\t\t\t<\/div>\n\n\t\n\n<\/div>\n<div class=\"row\"  id=\"row-1236876420\">\n\n\n\t<div id=\"col-911497783\" class=\"col medium-3 small-12 large-3\"  >\n\t\t\t\t<div class=\"col-inner\"  >\n\t\t\t\n\t\t\t\n\n<h5>SEDE\u017d<\/h5>\n<div class=\"is-divider divider clearfix\" style=\"max-width:50px;height:2px;background-color:rgb(128, 195, 66);\"><\/div>\n\n<p><strong>Lokve d.o.o.<br \/><\/strong>Homer 39<br \/>51316 Lokve<br \/>Hrva\u0161ka<\/p>\n\n\t\t<\/div>\n\t\t\t\t\t<\/div>\n\n\t\n\n\t<div id=\"col-134385199\" class=\"col medium-3 small-12 large-3\"  >\n\t\t\t\t<div class=\"col-inner\"  >\n\t\t\t\n\t\t\t\n\n<h5>KONTAKT<\/h5>\n<div class=\"is-divider divider clearfix\" style=\"max-width:50px;height:2px;background-color:rgb(128, 195, 66);\"><\/div>\n\n<p>T: +385 51 508 300<br \/>F: +385 51 831 100<br \/>E: lokve@lokve.com<\/p>\n\n\t\t<\/div>\n\t\t\t\t\t<\/div>\n\n\t\n\n\t<div id=\"col-298706867\" class=\"col medium-6 small-12 large-6\"  >\n\t\t\t\t<div class=\"col-inner\"  >\n\t\t\t\n\t\t\t\n\n<h5>PODATKI O PODJETJU<\/h5>\n<div class=\"is-divider divider clearfix\" style=\"max-width:50px;height:2px;background-color:rgb(128, 195, 66);\"><\/div>\n\n<p>ID za DDV HR02142627571<br \/>D\u0160 02142627571<br \/>Mati\u010dna \u0161tevilka 0803499<br \/>IBAN &#8211; HR8223600001101366285 Zagreba\u010dka banka<\/p>\n<p>Podjetje je vpisano v register Trgovinskega sodi\u0161\u010da na Reki, osnovni kapital 20.022.000,00 HRK vpla\u010dan v celoti, \u010dlan upravnega odbora in direktor Mihel\u010di\u0107 Franjo.<\/p>\n\n\t\t<\/div>\n\t\t\t\t\t<\/div>\n\n\t\n\n<\/div>\n\n\t\t<\/div>\n\n\t\t\n<style>\n#section_501296258 {\n  padding-top: 30px;\n  padding-bottom: 30px;\n}\n<\/style>\n\t<\/section>\n\t\n\n","protected":false},"excerpt":{"rendered":"","protected":false},"author":4,"featured_media":0,"parent":8034,"menu_order":0,"comment_status":"closed","ping_status":"closed","template":"page-blank.php","meta":{"footnotes":""},"class_list":["post-8056","page","type-page","status-publish","hentry"],"_links":{"self":[{"href":"https:\/\/www.lokve.com\/sl\/wp-json\/wp\/v2\/pages\/8056","targetHints":{"allow":["GET"]}}],"collection":[{"href":"https:\/\/www.lokve.com\/sl\/wp-json\/wp\/v2\/pages"}],"about":[{"href":"https:\/\/www.lokve.com\/sl\/wp-json\/wp\/v2\/types\/page"}],"author":[{"embeddable":true,"href":"https:\/\/www.lokve.com\/sl\/wp-json\/wp\/v2\/users\/4"}],"replies":[{"embeddable":true,"href":"https:\/\/www.lokve.com\/sl\/wp-json\/wp\/v2\/comments?post=8056"}],"version-history":[{"count":4,"href":"https:\/\/www.lokve.com\/sl\/wp-json\/wp\/v2\/pages\/8056\/revisions"}],"predecessor-version":[{"id":9079,"href":"https:\/\/www.lokve.com\/sl\/wp-json\/wp\/v2\/pages\/8056\/revisions\/9079"}],"up":[{"embeddable":true,"href":"https:\/\/www.lokve.com\/sl\/wp-json\/wp\/v2\/pages\/8034"}],"wp:attachment":[{"href":"https:\/\/www.lokve.com\/sl\/wp-json\/wp\/v2\/media?parent=8056"}],"curies":[{"name":"wp","href":"https:\/\/api.w.org\/{rel}","templated":true}]}}