{"id":8077,"date":"2019-10-22T11:38:07","date_gmt":"2019-10-22T11:38:07","guid":{"rendered":"https:\/\/www.lokve.com\/kontakt-info\/servis\/"},"modified":"2024-10-29T14:22:42","modified_gmt":"2024-10-29T13:22:42","slug":"servis","status":"publish","type":"page","link":"https:\/\/www.lokve.com\/sl\/kontakt-info\/servis\/","title":{"rendered":"Servis"},"content":{"rendered":"\n\n\t<section class=\"section has-parallax\" id=\"section_701084398\">\n\t\t<div class=\"section-bg fill\" data-parallax-container=\".section\" data-parallax-background data-parallax=\"-5\">\n\t\t\t<img loading=\"lazy\" decoding=\"async\" width=\"1920\" height=\"760\" src=\"https:\/\/www.lokve.com\/wp-content\/uploads\/2019\/11\/Servis-drvenih-i-drvo-aluminijskih-prozora-Lokve-Quality-Windows.jpg\" class=\"bg attachment-original size-original\" alt=\"Servis drvenih i drvo aluminijskih prozora - Lokve Quality Windows\" \/>\t\t\t\t\t\t\n\t\t\t\n\n\t\t<\/div>\n\n\t\t\n\n\t\t<div class=\"section-content relative\">\n\t\t\t\n\n\n\t\t<\/div>\n\n\t\t\n<style>\n#section_701084398 {\n  padding-top: 30px;\n  padding-bottom: 30px;\n  min-height: 500px;\n}\n#section_701084398 .section-bg img {\n  object-position: 50% 50%;\n}\n<\/style>\n\t<\/section>\n\t\n\n\t<section class=\"section\" id=\"section_371319961\">\n\t\t<div class=\"section-bg fill\" >\n\t\t\t\t\t\t\t\t\t\n\t\t\t\n\n\t\t<\/div>\n\n\t\t\n\n\t\t<div class=\"section-content relative\">\n\t\t\t\n\n<div class=\"row align-center\"  id=\"row-1370730358\">\n\n\n\t<div id=\"col-45758020\" class=\"col medium-10 small-12 large-10\"  >\n\t\t\t\t<div class=\"col-inner text-center\"  >\n\t\t\t\n\t\t\t\n\n<h1>Obrazec za naro\u010dilo servisa<\/h1>\n<div class=\"is-divider divider clearfix\" style=\"max-width:50px;height:2px;background-color:rgb(128, 195, 66);\"><\/div>\n\n\n\t\t<\/div>\n\t\t\t\t\t<\/div>\n\n\t\n\n<\/div>\n<div class=\"row row-small align-middle align-center row-divided\"  id=\"row-496891067\">\n\n\n\t<div id=\"col-564751194\" class=\"col medium-10 small-12 large-10\"  >\n\t\t\t\t<div class=\"col-inner box-shadow-5\"  >\n\t\t\t\n\t\t\t\n\n\n<div class=\"wpcf7 no-js\" id=\"wpcf7-f8080-o1\" lang=\"en-US\" dir=\"ltr\" data-wpcf7-id=\"8080\">\n<div class=\"screen-reader-response\"><p role=\"status\" aria-live=\"polite\" aria-atomic=\"true\"><\/p> <ul><\/ul><\/div>\n<form action=\"\/sl\/wp-json\/wp\/v2\/pages\/8077#wpcf7-f8080-o1\" method=\"post\" class=\"wpcf7-form init\" aria-label=\"Contact form\" novalidate=\"novalidate\" data-status=\"init\">\n<fieldset class=\"hidden-fields-container\"><input type=\"hidden\" name=\"_wpcf7\" value=\"8080\" \/><input type=\"hidden\" name=\"_wpcf7_version\" value=\"6.1.5\" \/><input type=\"hidden\" name=\"_wpcf7_locale\" value=\"en_US\" \/><input type=\"hidden\" name=\"_wpcf7_unit_tag\" value=\"wpcf7-f8080-o1\" \/><input type=\"hidden\" name=\"_wpcf7_container_post\" value=\"0\" \/><input type=\"hidden\" name=\"_wpcf7_posted_data_hash\" value=\"\" \/><input type=\"hidden\" name=\"_wpcf7_recaptcha_response\" value=\"\" \/>\n<\/fieldset>\n<div class=\"form-flat\">\n\t<div class=\"row\">\n\t\t<div class=\"col large-4 pb-half\">\n\t\t\t<p><label>* Va\u0161e ime<\/label><span class=\"wpcf7-form-control-wrap\" data-name=\"Ime\"><input size=\"40\" maxlength=\"400\" class=\"wpcf7-form-control wpcf7-text wpcf7-validates-as-required\" aria-required=\"true\" aria-invalid=\"false\" value=\"\" type=\"text\" name=\"Ime\" \/><\/span>\n\t\t\t<\/p>\n\t\t<\/div>\n\t\t<div class=\"col large-4 pb-half\">\n\t\t\t<p><label>* Va\u0161 priimek<\/label><span class=\"wpcf7-form-control-wrap\" data-name=\"Prezime\"><input size=\"40\" maxlength=\"400\" class=\"wpcf7-form-control wpcf7-text wpcf7-validates-as-required\" aria-required=\"true\" aria-invalid=\"false\" value=\"\" type=\"text\" name=\"Prezime\" \/><\/span>\n\t\t\t<\/p>\n\t\t<\/div>\n\t\t<div class=\"col large-4 pb-half\">\n\t\t\t<p><label>Podjetje<\/label><span class=\"wpcf7-form-control-wrap\" data-name=\"Tvrtka\"><input size=\"40\" maxlength=\"400\" class=\"wpcf7-form-control wpcf7-text wpcf7-validates-as-required\" aria-required=\"true\" aria-invalid=\"false\" value=\"\" type=\"text\" name=\"Tvrtka\" \/><\/span>\n\t\t\t<\/p>\n\t\t<\/div>\n\t<\/div>\n\t<div class=\"row\">\n\t\t<div class=\"col large-3 pb-half\">\n\t\t\t<p><label>* Ulica in hi\u0161na \u0161tevilka<\/label><span class=\"wpcf7-form-control-wrap\" data-name=\"Ulicaikunibroj\"><input size=\"40\" maxlength=\"400\" class=\"wpcf7-form-control wpcf7-text wpcf7-validates-as-required\" aria-required=\"true\" aria-invalid=\"false\" value=\"\" type=\"text\" name=\"Ulicaikunibroj\" \/><\/span>\n\t\t\t<\/p>\n\t\t<\/div>\n\t\t<div class=\"col large-3 pb-half\">\n\t\t\t<p><label>* Po\u0161tna \u0161tevilka<\/label><span class=\"wpcf7-form-control-wrap\" data-name=\"Postanskibroj\"><input size=\"40\" maxlength=\"400\" class=\"wpcf7-form-control wpcf7-text wpcf7-validates-as-required\" aria-required=\"true\" aria-invalid=\"false\" value=\"\" type=\"text\" name=\"Postanskibroj\" \/><\/span>\n\t\t\t<\/p>\n\t\t<\/div>\n\t\t<div class=\"col large-3 pb-half\">\n\t\t\t<p><label>* Mesto<\/label><span class=\"wpcf7-form-control-wrap\" data-name=\"Grad\"><input size=\"40\" maxlength=\"400\" class=\"wpcf7-form-control wpcf7-text wpcf7-validates-as-required\" aria-required=\"true\" aria-invalid=\"false\" value=\"\" type=\"text\" name=\"Grad\" \/><\/span>\n\t\t\t<\/p>\n\t\t<\/div>\n\t\t<div class=\"col large-3 pb-half\">\n\t\t\t<p><label>* Dr\u017eava<\/label><span class=\"wpcf7-form-control-wrap\" data-name=\"Zemlja\"><input size=\"40\" maxlength=\"400\" class=\"wpcf7-form-control wpcf7-text wpcf7-validates-as-required\" aria-required=\"true\" aria-invalid=\"false\" value=\"\" type=\"text\" name=\"Zemlja\" \/><\/span>\n\t\t\t<\/p>\n\t\t<\/div>\n\t<\/div>\n\t<div class=\"row\">\n\t\t<div class=\"col large-6 pb-half\">\n\t\t\t<p><label>* Telefon\/mobilni telefon<\/label><span class=\"wpcf7-form-control-wrap\" data-name=\"Telefon\"><input size=\"40\" maxlength=\"400\" class=\"wpcf7-form-control wpcf7-tel wpcf7-validates-as-required wpcf7-text wpcf7-validates-as-tel\" aria-required=\"true\" aria-invalid=\"false\" value=\"\" type=\"tel\" name=\"Telefon\" \/><\/span>\n\t\t\t<\/p>\n\t\t<\/div>\n\t\t<div class=\"col large-6 pb-half\">\n\t\t\t<p><label>* E-naslov<\/label><span class=\"wpcf7-form-control-wrap\" data-name=\"Email\"><input size=\"40\" maxlength=\"400\" class=\"wpcf7-form-control wpcf7-email wpcf7-validates-as-required wpcf7-text wpcf7-validates-as-email\" aria-required=\"true\" aria-invalid=\"false\" value=\"\" type=\"email\" name=\"Email\" \/><\/span>\n\t\t\t<\/p>\n\t\t<\/div>\n\t<\/div>\n\t<div class=\"row\">\n\t\t<div class=\"col large-4 pb-half\">\n\t\t\t<p><label>* \u0160tevilka naro\u010dila ali ra\u010duna<\/label><span class=\"wpcf7-form-control-wrap\" data-name=\"brojkupca\"><input class=\"wpcf7-form-control wpcf7-number wpcf7-validates-as-number\" aria-invalid=\"false\" value=\"\" type=\"number\" name=\"brojkupca\" \/><\/span>\n\t\t\t<\/p>\n\t\t<\/div>\n\t\t<div class=\"col large-4 pb-half\">\n\t\t\t<p><label>Leto nakupa<\/label><span class=\"wpcf7-form-control-wrap\" data-name=\"godinakupnje\"><input class=\"wpcf7-form-control wpcf7-number wpcf7-validates-as-number\" aria-invalid=\"false\" value=\"\" type=\"number\" name=\"godinakupnje\" \/><\/span>\n\t\t\t<\/p>\n\t\t<\/div>\n\t\t<div class=\"col large-4 pb-half\">\n\t\t\t<p><label>Komercialist<\/label><span class=\"wpcf7-form-control-wrap\" data-name=\"Prodavac\"><input size=\"40\" maxlength=\"400\" class=\"wpcf7-form-control wpcf7-text\" aria-invalid=\"false\" value=\"\" type=\"text\" name=\"Prodavac\" \/><\/span>\n\t\t\t<\/p>\n\t\t<\/div>\n\t<\/div>\n\t<div class=\"row\">\n\t\t<div class=\"col large-4 pb-half\">\n\t\t\t<p><label>* Monta\u017ea<\/label><span class=\"wpcf7-form-control-wrap\" data-name=\"Ugradnja\"><select class=\"wpcf7-form-control wpcf7-select\" aria-invalid=\"false\" name=\"Ugradnja\"><option value=\"Izberite\">Izberite<\/option><option value=\"Pobla\u0161\u010deni partner Lokve\">Pobla\u0161\u010deni partner Lokve<\/option><option value=\"V lastni re\u017eiji\">V lastni re\u017eiji<\/option><\/select><\/span>\n\t\t\t<\/p>\n\t\t<\/div>\n\t\t<div class=\"col large-8 pb-half\">\n\t\t\t<p><label>Poobla\u0161\u010deni partner Lokve<\/label><span class=\"wpcf7-form-control-wrap\" data-name=\"Lokve\"><input size=\"40\" maxlength=\"400\" class=\"wpcf7-form-control wpcf7-text\" aria-invalid=\"false\" value=\"\" type=\"text\" name=\"Lokve\" \/><\/span>\n\t\t\t<\/p>\n\t\t<\/div>\n\t<\/div>\n\t<div class=\"row\">\n\t\t<div class=\"col pb-half\">\n\t\t\t<p><label>Razlog za servis<\/label>\n\t\t\t<\/p>\n\t\t<\/div>\n\t<\/div>\n\t<div class=\"row\">\n\t\t<div class=\"col pb-half\">\n\t\t\t<p><span class=\"wpcf7-form-control-wrap\" data-name=\"razlog-1\"><span class=\"wpcf7-form-control wpcf7-checkbox\"><span class=\"wpcf7-list-item first\"><input type=\"checkbox\" name=\"razlog-1[]\" value=\"Okna\" \/><span class=\"wpcf7-list-item-label\">Okna<\/span><\/span><span class=\"wpcf7-list-item\"><input type=\"checkbox\" name=\"razlog-1[]\" value=\"Vhodna\/balkonska vrata\" \/><span class=\"wpcf7-list-item-label\">Vhodna\/balkonska vrata<\/span><\/span><span class=\"wpcf7-list-item\"><input type=\"checkbox\" name=\"razlog-1[]\" value=\"Drsna stena\" \/><span class=\"wpcf7-list-item-label\">Drsna stena<\/span><\/span><span class=\"wpcf7-list-item\"><input type=\"checkbox\" name=\"razlog-1[]\" value=\"Sen\u010dila\" \/><span class=\"wpcf7-list-item-label\">Sen\u010dila<\/span><\/span><span class=\"wpcf7-list-item last\"><input type=\"checkbox\" name=\"razlog-1[]\" value=\"Drugo\" \/><span class=\"wpcf7-list-item-label\">Drugo<\/span><\/span><\/span><\/span>\n\t\t\t<\/p>\n\t\t<\/div>\n\t<\/div>\n\t<div class=\"row\">\n\t\t<div class=\"col large-6 pb-half\">\n\t\t\t<p><label>* Opis te\u017eave<\/label><br \/>\n<span class=\"wpcf7-form-control-wrap\" data-name=\"Opisproblema\"><textarea cols=\"40\" rows=\"10\" maxlength=\"2000\" class=\"wpcf7-form-control wpcf7-textarea\" aria-invalid=\"false\" name=\"Opisproblema\"><\/textarea><\/span>\n\t\t\t<\/p>\n\t\t<\/div>\n\t\t<div class=\"col large-6 pb-half\">\n\t\t\t<p><label>* Nalo\u017eite slike<\/label><span class=\"wpcf7-form-control-wrap\" data-name=\"upload-file\"><input size=\"40\" class=\"wpcf7-form-control wpcf7-drag-n-drop-file d-none\" aria-invalid=\"false\" type=\"file\" multiple=\"multiple\" data-name=\"upload-file\" data-id=\"8080\" data-version=\"free version 1.3.9.6\" accept=\".\" \/><\/span><br \/>\n.jpg | .pdf | .zip | .dwg | .png\n\t\t\t<\/p>\n\t\t<\/div>\n\t<\/div>\n\t<div class=\"row\">\n\t\t<div class=\"col pb-half\">\n\t\t\t<p><span class=\"wpcf7-form-control-wrap\" data-name=\"Uvjeti\"><span class=\"wpcf7-form-control wpcf7-checkbox\"><span class=\"wpcf7-list-item first last\"><input type=\"checkbox\" name=\"Uvjeti[]\" value=\"* Prebral sem pogoje uporabe in se strinjam s pogoji uporabe in politiko zasebnosti.\" \/><span class=\"wpcf7-list-item-label\">* Prebral sem pogoje uporabe in se strinjam s pogoji uporabe in politiko zasebnosti.<\/span><\/span><\/span><\/span>\n\t\t\t<\/p>\n\t\t<\/div>\n\t<\/div>\n\t<div class=\"row\">\n\t\t<div class=\"col pb-half\">\n\t\t\t<p><input class=\"wpcf7-form-control wpcf7-submit has-spinner button\" type=\"submit\" value=\"Po\u0161lji\" \/>\n\t\t\t<\/p>\n\t\t<\/div>\n\t<\/div>\n<\/div><div class=\"wpcf7-response-output\" aria-hidden=\"true\"><\/div>\n<\/form>\n<\/div>\n\n\n\n\t\t<\/div>\n\t\t\t\t\t<\/div>\n\n\t\n\n\n<style>\n#row-496891067 > .col > .col-inner {\n  padding: 50px 50px 50px 50px;\n}\n<\/style>\n<\/div>\n\n\t\t<\/div>\n\n\t\t\n<style>\n#section_371319961 {\n  padding-top: 50px;\n  padding-bottom: 50px;\n}\n<\/style>\n\t<\/section>\n\t\n\n\t<section class=\"section\" id=\"section_1782180270\">\n\t\t<div class=\"section-bg fill\" >\n\t\t\t\t\t\t\t\t\t\n\t\t\t\n\n\t\t<\/div>\n\n\t\t\n\n\t\t<div class=\"section-content relative\">\n\t\t\t\n\n<div class=\"row row-collapse row-full-width align-middle\"  id=\"row-818837712\">\n\n\n\t<div id=\"col-812814581\" class=\"col medium-6 small-12 large-6\"  >\n\t\t\t\t<div class=\"col-inner\"  >\n\t\t\t\n\t\t\t\n\n\n  <div class=\"banner has-hover\" id=\"banner-272443728\">\n          <div class=\"banner-inner fill\">\n        <div class=\"banner-bg fill\" >\n            <img loading=\"lazy\" decoding=\"async\" width=\"1500\" height=\"1098\" src=\"https:\/\/www.lokve.com\/wp-content\/uploads\/2019\/11\/csm_Montagepartner_Header_0e54dc8bad.jpg\" class=\"bg attachment-original size-original\" alt=\"\" \/>                                    \n                    <\/div>\n\t\t\n        <div class=\"banner-layers container\">\n            <div class=\"fill banner-link\"><\/div>            \n\n\n        <\/div>\n      <\/div>\n\n            \n<style>\n#banner-272443728 {\n  padding-top: 400px;\n}\n#banner-272443728 .banner-bg img {\n  object-position: 56% 0%;\n}\n<\/style>\n  <\/div>\n\n\n\n\t\t<\/div>\n\t\t\t\t\t<\/div>\n\n\t\n\n\t<div id=\"col-1022639432\" class=\"col medium-6 small-12 large-6\"  >\n\t\t\t\t<div class=\"col-inner\"  >\n\t\t\t\n\t\t\t\n\n\t<div id=\"text-3782028461\" class=\"text\">\n\t\t\n\n<h2><span style=\"font-size: 100%;\">Kontakt servisa<\/span><\/h2>\n\t\t\n<style>\n#text-3782028461 {\n  text-align: left;\n}\n<\/style>\n\t<\/div>\n\t\n<div class=\"is-divider divider clearfix\" style=\"max-width:50px;height:2px;background-color:rgb(128, 195, 66);\"><\/div>\n\n<p><strong>Nenad Grguri\u0107<\/strong><\/p>\n<p>Telefon +385 99 463 9455<br \/>E-po\u0161ta&nbsp;<a href=\"mailto:servis@lokve.com\">servis@lokve-prozori.hr<\/a><\/p>\n<p>Ponedeljek &#8211; petek:<br \/>07:00 h &#8211; 15:00 h<\/p>\n\n\t\t<\/div>\n\t\t\t\t\n<style>\n#col-1022639432 > .col-inner {\n  padding: 0px 100px 0px 100px;\n}\n<\/style>\n\t<\/div>\n\n\t\n\n\n<style>\n#row-818837712 > .col > .col-inner {\n  padding: 0px 30px 0px 0px;\n}\n<\/style>\n<\/div>\n\n\t\t<\/div>\n\n\t\t\n<style>\n#section_1782180270 {\n  padding-top: 50px;\n  padding-bottom: 50px;\n}\n<\/style>\n\t<\/section>\n\t\n\n\t<section class=\"section\" id=\"section_1651122857\">\n\t\t<div class=\"section-bg fill\" >\n\t\t\t\t\t\t\t\t\t\n\t\t\t\n\n\t\t<\/div>\n\n\t\t\n\n\t\t<div class=\"section-content relative\">\n\t\t\t\n\n\t<div id=\"gap-1974145622\" class=\"gap-element clearfix\" style=\"display:block; height:auto;\">\n\t\t\n<style>\n#gap-1974145622 {\n  padding-top: 50px;\n}\n<\/style>\n\t<\/div>\n\t\n\n<h2 class=\"uppercase\" style=\"text-align: center;\">Na\u0161i projekti<\/h2>\n<div class=\"text-center\"><div class=\"is-divider divider clearfix\" style=\"max-width:50px;height:2px;background-color:rgb(128, 195, 66);\"><\/div><\/div>\n\n\t<div id=\"gap-2003623756\" class=\"gap-element clearfix\" style=\"display:block; height:auto;\">\n\t\t\n<style>\n#gap-2003623756 {\n  padding-top: 50px;\n}\n<\/style>\n\t<\/div>\n\t\n\n  <div class=\"banner-grid-wrapper\">\n  <div id=\"banner-grid-867216862\" class=\"banner-grid row row-grid row-xsmall row-full-width\" data-packery-options=\"\">\n                      \n\n<div class=\"col grid-col large-4 grid-col-1\" ><div class=\"col-inner\">\n\n\n  <div class=\"banner has-hover bg-overlay-add\" id=\"banner-500724325\">\n          <div class=\"banner-inner fill\">\n        <div class=\"banner-bg fill\" >\n            <img loading=\"lazy\" decoding=\"async\" width=\"600\" height=\"600\" src=\"https:\/\/www.lokve.com\/wp-content\/uploads\/2019\/09\/BROWN-BEACH-HOUSE-DESIGN-HOTEL-Trogir-Hrvatska.jpg\" class=\"bg attachment-large size-large\" alt=\"\" \/>                        <div class=\"overlay\"><\/div>            \n                    <\/div>\n\t\t\n        <div class=\"banner-layers container\">\n            <a class=\"fill\" href=\"https:\/\/www.lokve.com\/reference\/\"><div class=\"fill banner-link\"><\/div><\/a>            \n\n   <div id=\"text-box-888751401\" class=\"text-box banner-layer x5 md-x5 lg-x5 y95 md-y95 lg-y95 res-text\">\n                                <div class=\"text-box-content text dark\">\n              \n              <div class=\"text-inner text-left\">\n                  \n\n<h2>BROWN BEACH HOUSE DESIGN HOTEL<\/h2>\n<p class=\"uppercase\">\n<div class=\"is-divider divider clearfix\" style=\"max-width:50px;height:2px;background-color:rgb(128, 195, 66);\"><\/div>\n\n<\/p>\n<h3>Trogir, Hrvatska<\/h3>\n\n              <\/div>\n           <\/div>\n                            \n<style>\n#text-box-888751401 {\n  width: 60%;\n}\n#text-box-888751401 .text-box-content {\n  font-size: 100%;\n}\n@media (min-width:550px) {\n  #text-box-888751401 {\n    width: 80%;\n  }\n}\n<\/style>\n    <\/div>\n \n\n        <\/div>\n      <\/div>\n\n            \n<style>\n#banner-500724325 {\n  padding-top: 400px;\n}\n#banner-500724325 .overlay {\n  background-color: rgba(0,0,0,.5);\n}\n<\/style>\n  <\/div>\n\n\n\n<\/div><\/div>\n<div class=\"col grid-col large-4 grid-col-1\" ><div class=\"col-inner\">\n\n\n  <div class=\"banner has-hover bg-overlay-add\" id=\"banner-132242833\">\n          <div class=\"banner-inner fill\">\n        <div class=\"banner-bg fill\" >\n            <img loading=\"lazy\" decoding=\"async\" width=\"600\" height=\"600\" src=\"https:\/\/www.lokve.com\/wp-content\/uploads\/2019\/09\/sealine-villas-mykonos-grcka.jpg\" class=\"bg attachment-large size-large\" alt=\"\" \/>                        <div class=\"overlay\"><\/div>            \n                    <\/div>\n\t\t\n        <div class=\"banner-layers container\">\n            <a class=\"fill\" href=\"https:\/\/www.lokve.com\/reference\/\"><div class=\"fill banner-link\"><\/div><\/a>            \n\n   <div id=\"text-box-1671882980\" class=\"text-box banner-layer x5 md-x5 lg-x5 y95 md-y95 lg-y95 res-text\">\n                                <div class=\"text-box-content text dark\">\n              \n              <div class=\"text-inner text-left\">\n                  \n\n<h2>SEALINE VILLAS<\/h2>\n<div class=\"is-divider divider clearfix\" style=\"max-width:50px;height:2px;background-color:rgb(128, 195, 66);\"><\/div>\n\n<h3>Mykonos, Gr\u010dka<\/h3>\n\n              <\/div>\n           <\/div>\n                            \n<style>\n#text-box-1671882980 {\n  width: 60%;\n}\n#text-box-1671882980 .text-box-content {\n  font-size: 100%;\n}\n@media (min-width:550px) {\n  #text-box-1671882980 {\n    width: 80%;\n  }\n}\n<\/style>\n    <\/div>\n \n\n        <\/div>\n      <\/div>\n\n            \n<style>\n#banner-132242833 {\n  padding-top: 400px;\n}\n#banner-132242833 .overlay {\n  background-color: rgba(0,0,0,.5);\n}\n<\/style>\n  <\/div>\n\n\n\n<\/div><\/div>\n<div class=\"col grid-col large-4 grid-col-1\" ><div class=\"col-inner\">\n\n\n  <div class=\"banner has-hover bg-overlay-add\" id=\"banner-2092539272\">\n          <div class=\"banner-inner fill\">\n        <div class=\"banner-bg fill\" >\n            <img loading=\"lazy\" decoding=\"async\" width=\"600\" height=\"600\" src=\"https:\/\/www.lokve.com\/wp-content\/uploads\/2019\/09\/hotel-salona-palace-split-hrvatska.jpg\" class=\"bg attachment-large size-large\" alt=\"\" \/>                        <div class=\"overlay\"><\/div>            \n                    <\/div>\n\t\t\n        <div class=\"banner-layers container\">\n            <a class=\"fill\" href=\"https:\/\/www.lokve.com\/reference\/\"><div class=\"fill banner-link\"><\/div><\/a>            \n\n   <div id=\"text-box-581464363\" class=\"text-box banner-layer x5 md-x5 lg-x5 y95 md-y95 lg-y95 res-text\">\n                                <div class=\"text-box-content text dark\">\n              \n              <div class=\"text-inner text-left\">\n                  \n\n<h2>HOTEL SALONA PALACE<\/h2>\n<div class=\"is-divider divider clearfix\" style=\"max-width:50px;height:2px;background-color:rgb(128, 195, 66);\"><\/div>\n\n<h3>Split, Hrvatska<\/h3>\n\n              <\/div>\n           <\/div>\n                            \n<style>\n#text-box-581464363 {\n  width: 60%;\n}\n#text-box-581464363 .text-box-content {\n  font-size: 100%;\n}\n@media (min-width:550px) {\n  #text-box-581464363 {\n    width: 80%;\n  }\n}\n<\/style>\n    <\/div>\n \n\n        <\/div>\n      <\/div>\n\n            \n<style>\n#banner-2092539272 {\n  padding-top: 400px;\n}\n#banner-2092539272 .overlay {\n  background-color: rgba(0,0,0,.5);\n}\n<\/style>\n  <\/div>\n\n\n\n<\/div><\/div>\n\n            <\/div>\n    <style>\n    #banner-grid-867216862 .grid-col-1{height: 500px}\n    #banner-grid-867216862 .grid-col-1-2{height: 250px}\n    #banner-grid-867216862 .grid-col-1-3{height:166.66666666667px}\n    #banner-grid-867216862 .grid-col-2-3{height: 333.33333333333px}\n    #banner-grid-867216862 .grid-col-1-4{height: 125px}\n    #banner-grid-867216862 .grid-col-3-4{height: 375px}\n\n\n    \n    \n\n  <\/style>\n    <\/div>\n  \n\n\t\t<\/div>\n\n\t\t\n<style>\n#section_1651122857 {\n  padding-top: 60px;\n  padding-bottom: 60px;\n}\n<\/style>\n\t<\/section>\n\t\n\n\n","protected":false},"excerpt":{"rendered":"","protected":false},"author":2,"featured_media":0,"parent":8034,"menu_order":0,"comment_status":"closed","ping_status":"closed","template":"page-blank.php","meta":{"footnotes":""},"class_list":["post-8077","page","type-page","status-publish","hentry"],"_links":{"self":[{"href":"https:\/\/www.lokve.com\/sl\/wp-json\/wp\/v2\/pages\/8077","targetHints":{"allow":["GET"]}}],"collection":[{"href":"https:\/\/www.lokve.com\/sl\/wp-json\/wp\/v2\/pages"}],"about":[{"href":"https:\/\/www.lokve.com\/sl\/wp-json\/wp\/v2\/types\/page"}],"author":[{"embeddable":true,"href":"https:\/\/www.lokve.com\/sl\/wp-json\/wp\/v2\/users\/2"}],"replies":[{"embeddable":true,"href":"https:\/\/www.lokve.com\/sl\/wp-json\/wp\/v2\/comments?post=8077"}],"version-history":[{"count":5,"href":"https:\/\/www.lokve.com\/sl\/wp-json\/wp\/v2\/pages\/8077\/revisions"}],"predecessor-version":[{"id":9074,"href":"https:\/\/www.lokve.com\/sl\/wp-json\/wp\/v2\/pages\/8077\/revisions\/9074"}],"up":[{"embeddable":true,"href":"https:\/\/www.lokve.com\/sl\/wp-json\/wp\/v2\/pages\/8034"}],"wp:attachment":[{"href":"https:\/\/www.lokve.com\/sl\/wp-json\/wp\/v2\/media?parent=8077"}],"curies":[{"name":"wp","href":"https:\/\/api.w.org\/{rel}","templated":true}]}}