{"id":8155,"date":"2019-10-16T13:00:09","date_gmt":"2019-10-16T13:00:09","guid":{"rendered":"https:\/\/www.lokve.com\/dodatna-oprema\/okov\/"},"modified":"2023-05-10T11:45:17","modified_gmt":"2023-05-10T09:45:17","slug":"okovje","status":"publish","type":"page","link":"https:\/\/www.lokve.com\/sl\/dodatna-oprema\/okovje\/","title":{"rendered":"Okovje"},"content":{"rendered":"\n\n\t<section class=\"section\" id=\"section_135713188\">\n\t\t<div class=\"section-bg fill\" >\n\t\t\t\t\t\t\t\t\t\n\t\t\t\n\n\t\t<\/div>\n\n\t\t\n\n\t\t<div class=\"section-content relative\">\n\t\t\t\n\n<div class=\"row align-middle\"  id=\"row-2031413484\">\n\n\n\t<div id=\"col-1568445184\" class=\"col medium-6 small-12 large-6\"  >\n\t\t\t\t<div class=\"col-inner text-left\"  >\n\t\t\t\n\t\t\t\n\n<h1 data-line-height=\"xs\">OKOVJE<\/h1>\n<div class=\"is-divider divider clearfix\" style=\"max-width:50px;height:2px;background-color:rgb(128, 195, 66);\"><\/div>\n\n<p class=\"lead\">Izdelki podjetja Lokve d.o.o. so opremljeni s kakovostnim okovjem nem\u0161kega proizvajalca Roto, najve\u010djega proizvajalca okovja na svetu, ki je specializiran prav za stavbno pohi\u0161tvo. Okovje, ki zagotavlja funkcionalnost, varnost in enostavno rokovanje.<\/p>\n<div class=\"row\"  id=\"row-397722932\">\n\n\n\t<div id=\"col-832214928\" class=\"col medium-6 small-12 large-6\"  >\n\t\t\t\t<div class=\"col-inner\"  >\n\t\t\t\n\t\t\t\n\n<p><strong>Standardna oprema<\/strong><\/p>\n<ul>\n<li>funkcija odpiranja na nagib (na \u00bbkip\u00ab)<\/li>\n<li>protivlomna za\u0161\u010dita Basic<\/li>\n<li>pokrovi v ve\u010d barvah<\/li>\n<\/ul>\n\n\n\t\t<\/div>\n\t\t\t\t\t<\/div>\n\n\t\n\n\t<div id=\"col-1033494828\" class=\"col medium-6 small-12 large-6\"  >\n\t\t\t\t<div class=\"col-inner\"  >\n\t\t\t\n\t\t\t\n\n<p><strong>Dodatna oprema<\/strong><\/p>\n<div>\n<ul>\n<li>skrito okovje<\/li>\n<li>protivlomna za\u0161\u010dita RC1 ali RC2<\/li>\n<li>senzorska oprema, povezana s sistemi za upravljanje ogrevanja in hlajenja<\/li>\n<\/ul>\n<\/div>\n\n\n\t\t<\/div>\n\t\t\t\t\t<\/div>\n\n\t\n\n<\/div>\n\n\t\t<\/div>\n\t\t\t\t\t<\/div>\n\n\t\n\n\t<div id=\"col-1411617072\" class=\"col medium-6 small-12 large-6\"  >\n\t\t\t\t<div class=\"col-inner text-center\"  >\n\t\t\t\n\t\t\t\n\n\t<div class=\"img has-hover x md-x lg-x y md-y lg-y\" id=\"image_540025526\">\n\t\t\t\t\t\t\t\t<div class=\"img-inner dark\" >\n\t\t\t<img loading=\"lazy\" decoding=\"async\" width=\"346\" height=\"559\" src=\"https:\/\/www.lokve.com\/wp-content\/uploads\/2019\/10\/okov-dodatna-oprema-Lokve-Quality-Windows.jpg\" class=\"attachment-original size-original\" alt=\"\" srcset=\"https:\/\/www.lokve.com\/wp-content\/uploads\/2019\/10\/okov-dodatna-oprema-Lokve-Quality-Windows.jpg 346w, https:\/\/www.lokve.com\/wp-content\/uploads\/2019\/10\/okov-dodatna-oprema-Lokve-Quality-Windows-186x300.jpg 186w\" sizes=\"auto, (max-width: 346px) 100vw, 346px\" \/>\t\t\t\t\t\t\n\t\t\t\t\t<\/div>\n\t\t\t\t\t\t\t\t\n<style>\n#image_540025526 {\n  width: 60%;\n}\n<\/style>\n\t<\/div>\n\t\n\n\n\t\t<\/div>\n\t\t\t\t\t<\/div>\n\n\t\n\n<\/div>\n\n\t\t<\/div>\n\n\t\t\n<style>\n#section_135713188 {\n  padding-top: 30px;\n  padding-bottom: 30px;\n  min-height: 500px;\n}\n<\/style>\n\t<\/section>\n\t\n\n\t<section class=\"section\" id=\"section_1645152453\">\n\t\t<div class=\"section-bg fill\" >\n\t\t\t\t\t\t\t\t\t\n\t\t\t\n\n\t\t<\/div>\n\n\t\t\n\n\t\t<div class=\"section-content relative\">\n\t\t\t\n\n<div class=\"row row-large\"  id=\"row-1534689717\">\n\n\n\t<div id=\"col-1418850168\" class=\"col medium-6 small-12 large-6\"  >\n\t\t\t\t<div class=\"col-inner\"  >\n\t\t\t\n\t\t\t\n\n\t<div class=\"box has-hover   has-hover box-text-bottom\" >\n\n\t\t<div class=\"box-image\" >\n\t\t\t\t\t\t<div class=\"\" >\n\t\t\t\t<img loading=\"lazy\" decoding=\"async\" width=\"500\" height=\"500\" src=\"https:\/\/www.lokve.com\/wp-content\/uploads\/2019\/10\/okov-standard-dodatna-oprema-Lokve-Quality-Windows.jpg\" class=\"attachment- size-\" alt=\"\" srcset=\"https:\/\/www.lokve.com\/wp-content\/uploads\/2019\/10\/okov-standard-dodatna-oprema-Lokve-Quality-Windows.jpg 500w, https:\/\/www.lokve.com\/wp-content\/uploads\/2019\/10\/okov-standard-dodatna-oprema-Lokve-Quality-Windows-150x150.jpg 150w, https:\/\/www.lokve.com\/wp-content\/uploads\/2019\/10\/okov-standard-dodatna-oprema-Lokve-Quality-Windows-300x300.jpg 300w, https:\/\/www.lokve.com\/wp-content\/uploads\/2019\/10\/okov-standard-dodatna-oprema-Lokve-Quality-Windows-100x100.jpg 100w\" sizes=\"auto, (max-width: 500px) 100vw, 500px\" \/>\t\t\t\t\t\t\t\t\t\t\t<\/div>\n\t\t\t\t\t<\/div>\n\n\t\t<div class=\"box-text text-left\" >\n\t\t\t<div class=\"box-text-inner\">\n\t\t\t\t\n\n<p>Vidno okovje<\/p>\n\n\t\t\t<\/div>\n\t\t<\/div>\n\t<\/div>\n\t\n\n\t\t<\/div>\n\t\t\t\t\t<\/div>\n\n\t\n\n\t<div id=\"col-748636463\" class=\"col medium-6 small-12 large-6\"  >\n\t\t\t\t<div class=\"col-inner\"  >\n\t\t\t\n\t\t\t\n\n\t<div class=\"box has-hover   has-hover box-text-bottom\" >\n\n\t\t<div class=\"box-image\" >\n\t\t\t\t\t\t<div class=\"\" >\n\t\t\t\t<img loading=\"lazy\" decoding=\"async\" width=\"500\" height=\"500\" src=\"https:\/\/www.lokve.com\/wp-content\/uploads\/2019\/10\/okov-skriveni-dodatna-oprema-Lokve-Quality-Windows.jpg\" class=\"attachment- size-\" alt=\"\" srcset=\"https:\/\/www.lokve.com\/wp-content\/uploads\/2019\/10\/okov-skriveni-dodatna-oprema-Lokve-Quality-Windows.jpg 500w, https:\/\/www.lokve.com\/wp-content\/uploads\/2019\/10\/okov-skriveni-dodatna-oprema-Lokve-Quality-Windows-150x150.jpg 150w, https:\/\/www.lokve.com\/wp-content\/uploads\/2019\/10\/okov-skriveni-dodatna-oprema-Lokve-Quality-Windows-300x300.jpg 300w, https:\/\/www.lokve.com\/wp-content\/uploads\/2019\/10\/okov-skriveni-dodatna-oprema-Lokve-Quality-Windows-100x100.jpg 100w\" sizes=\"auto, (max-width: 500px) 100vw, 500px\" \/>\t\t\t\t\t\t\t\t\t\t\t<\/div>\n\t\t\t\t\t<\/div>\n\n\t\t<div class=\"box-text text-left\" >\n\t\t\t<div class=\"box-text-inner\">\n\t\t\t\t\n\n<div>\n<p>Skrito okovje<\/p>\n<\/div>\n\n\t\t\t<\/div>\n\t\t<\/div>\n\t<\/div>\n\t\n\n\t\t<\/div>\n\t\t\t\t\t<\/div>\n\n\t\n\n<\/div>\n\n\t\t<\/div>\n\n\t\t\n<style>\n#section_1645152453 {\n  padding-top: 30px;\n  padding-bottom: 30px;\n}\n<\/style>\n\t<\/section>\n\t\n\n\t<section class=\"section\" id=\"section_57959463\">\n\t\t<div class=\"section-bg fill\" >\n\t\t\t\t\t\t\t\t\t\n\t\t\t\n\n\t\t<\/div>\n\n\t\t\n\n\t\t<div class=\"section-content relative\">\n\t\t\t\n\n<div class=\"row row-large row-full-width align-middle\"  id=\"row-1968968513\">\n\n\n\t<div id=\"col-1018769361\" class=\"col medium-6 small-12 large-6\"  >\n\t\t\t\t<div class=\"col-inner\"  >\n\t\t\t\n\t\t\t\n\n\n  <div class=\"banner has-hover has-parallax\" id=\"banner-152817136\">\n          <div class=\"banner-inner fill\">\n        <div class=\"banner-bg fill\" data-parallax=\"-5\" data-parallax-container=\".banner\" data-parallax-background>\n            <img loading=\"lazy\" decoding=\"async\" width=\"1280\" height=\"746\" src=\"https:\/\/www.lokve.com\/wp-content\/uploads\/2019\/09\/partners.jpg\" class=\"bg attachment-original size-original\" alt=\"\" \/>                                    \n                    <\/div>\n\t\t\n        <div class=\"banner-layers container\">\n            <div class=\"fill banner-link\"><\/div>            \n\n\n        <\/div>\n      <\/div>\n\n            \n<style>\n#banner-152817136 {\n  padding-top: 500px;\n}\n<\/style>\n  <\/div>\n\n\n\n\t\t<\/div>\n\t\t\t\t\t<\/div>\n\n\t\n\n\t<div id=\"col-570096695\" class=\"col medium-6 small-12 large-6\"  >\n\t\t\t\t<div class=\"col-inner\"  >\n\t\t\t\n\t\t\t\n\n<h2>POSTANITE <span style=\"font-size: 100%;\" data-line-height=\"xs\" data-text-color=\"primary\">PARTNER<\/span><br \/>PODJETJA LOKVE<\/h2>\n\n<div class=\"is-divider divider clearfix\" style=\"max-width:50px;height:2px;background-color:rgb(128, 195, 66);\"><\/div>\n\n<p id=\"tw-target-text\" class=\"tw-data-text tw-text-large XcVN5d tw-ta\" dir=\"ltr\" data-placeholder=\"Prijevod\">Ste arhitekt, oblikovalec, na\u010drtovalec, gradbenik ali trgovec?<\/p>\n<p>Na PORTALU LOKVE boste na\u0161li marketin\u0161ka gradiva, certifikate, tehni\u010dne podatke in CAD risbe na\u0161ih oken in drugih izdelkov.<\/p>\n<p>S tesnim sodelovanjem in odli\u010dno podporo na\u0161e strokovne ekipe nudimo visokokakovostne izdelke in podporo pri na\u010drtovanju in projektiranju ter tehni\u010dnih, prodajnih in marketin\u0161kih aktivnostih.<\/p>\n<p class=\"tw-data-text tw-text-large XcVN5d tw-ta\" dir=\"ltr\" data-placeholder=\"Prijevod\">Veselimo se sodelovanja z vami!<\/p>\n<a href=\"https:\/\/www.lokve.com\/sl\/partneri\/\" class=\"button primary is-outline\" >\n\t\t<span>VE\u010c INFORMACIJ<\/span>\n\t<\/a>\n\n\n\n\t\t<\/div>\n\t\t\t\t\t<\/div>\n\n\t\n\n<\/div>\n\n\t\t<\/div>\n\n\t\t\n<style>\n#section_57959463 {\n  padding-top: 100px;\n  padding-bottom: 100px;\n  margin-bottom: 0px;\n  min-height: 500px;\n}\n<\/style>\n\t<\/section>\n\t\n\n\n\t<section class=\"section\" id=\"section_1198315032\">\n\t\t<div class=\"section-bg fill\" >\n\t\t\t\t\t\t\t\t\t\n\t\t\t\n\n\t\t<\/div>\n\n\t\t\n\n\t\t<div class=\"section-content relative\">\n\t\t\t\r\n\r\n<div class=\"container section-title-container\" ><h2 class=\"section-title section-title-center\"><b aria-hidden=\"true\"><\/b><span class=\"section-title-main\" >NA\u0160I PROJEKTI<\/span><b aria-hidden=\"true\"><\/b><\/h2><\/div>\r\n\r\n  <div class=\"banner-grid-wrapper\">\n  <div id=\"banner-grid-439091649\" class=\"banner-grid row row-grid row-xsmall row-full-width\" data-packery-options=\"\">\n                      \r\n\r\n<div class=\"col grid-col large-4 grid-col-1\" ><div class=\"col-inner\">\r\n\r\n\n  <div class=\"banner has-hover bg-overlay-add\" id=\"banner-979600344\">\n          <div class=\"banner-inner fill\">\n        <div class=\"banner-bg fill\" >\n            <img loading=\"lazy\" decoding=\"async\" width=\"600\" height=\"600\" src=\"https:\/\/www.lokve.com\/wp-content\/uploads\/2019\/09\/BROWN-BEACH-HOUSE-DESIGN-HOTEL-Trogir-Hrvatska.jpg\" class=\"bg attachment-large size-large\" alt=\"\" \/>                        <div class=\"overlay\"><\/div>            \n                    <\/div>\n\t\t\n        <div class=\"banner-layers container\">\n            <a class=\"fill\" href=\"https:\/\/www.lokve.com\/reference\/\"><div class=\"fill banner-link\"><\/div><\/a>            \r\n\r\n   <div id=\"text-box-1801838533\" class=\"text-box banner-layer x5 md-x5 lg-x5 y95 md-y95 lg-y95 res-text\">\n                                <div class=\"text-box-content text dark\">\n              \n              <div class=\"text-inner text-left\">\n                  \r\n<h2>BROWN BEACH HOUSE DESIGN HOTEL<\/h2>\r\n<p class=\"uppercase\"><div class=\"is-divider divider clearfix\" style=\"margin-top:2.0em;margin-bottom:2.0em;max-width:50px;height:5px;background-color:rgb(128, 195, 66);\"><\/div><\/p>\r\n\r\n<h3>Trogir, Hrva\u0161ka<\/h3>\r\n              <\/div>\n           <\/div>\n                            \n<style>\n#text-box-1801838533 {\n  width: 60%;\n}\n#text-box-1801838533 .text-box-content {\n  font-size: 100%;\n}\n@media (min-width:550px) {\n  #text-box-1801838533 {\n    width: 80%;\n  }\n}\n<\/style>\n    <\/div>\n \r\n\r\n        <\/div>\n      <\/div>\n\n            \n<style>\n#banner-979600344 {\n  padding-top: 400px;\n}\n#banner-979600344 .overlay {\n  background-color: rgba(0,0,0,.5);\n}\n<\/style>\n  <\/div>\n\n\r\n\r\n<\/div><\/div>\r\n<div class=\"col grid-col large-4 grid-col-1\" ><div class=\"col-inner\">\r\n\r\n\n  <div class=\"banner has-hover bg-overlay-add\" id=\"banner-766845328\">\n          <div class=\"banner-inner fill\">\n        <div class=\"banner-bg fill\" >\n            <img loading=\"lazy\" decoding=\"async\" width=\"600\" height=\"600\" src=\"https:\/\/www.lokve.com\/wp-content\/uploads\/2019\/09\/sealine-villas-mykonos-grcka.jpg\" class=\"bg attachment-large size-large\" alt=\"\" \/>                        <div class=\"overlay\"><\/div>            \n                    <\/div>\n\t\t\n        <div class=\"banner-layers container\">\n            <a class=\"fill\" href=\"https:\/\/www.lokve.com\/reference\/\"><div class=\"fill banner-link\"><\/div><\/a>            \r\n\r\n   <div id=\"text-box-1872452002\" class=\"text-box banner-layer x5 md-x5 lg-x5 y95 md-y95 lg-y95 res-text\">\n                                <div class=\"text-box-content text dark\">\n              \n              <div class=\"text-inner text-left\">\n                  \r\n<h2>SEALINE VILLAS<\/h2>\r\n<div class=\"is-divider divider clearfix\" style=\"margin-top:2.0em;margin-bottom:2.0em;max-width:50px;height:5px;background-color:rgb(128, 195, 66);\"><\/div>\r\n<h3>Mykonos, Gr\u010dija<\/h3>\r\n              <\/div>\n           <\/div>\n                            \n<style>\n#text-box-1872452002 {\n  width: 60%;\n}\n#text-box-1872452002 .text-box-content {\n  font-size: 100%;\n}\n@media (min-width:550px) {\n  #text-box-1872452002 {\n    width: 80%;\n  }\n}\n<\/style>\n    <\/div>\n \r\n\r\n        <\/div>\n      <\/div>\n\n            \n<style>\n#banner-766845328 {\n  padding-top: 400px;\n}\n#banner-766845328 .overlay {\n  background-color: rgba(0,0,0,.5);\n}\n<\/style>\n  <\/div>\n\n\r\n\r\n<\/div><\/div>\r\n<div class=\"col grid-col large-4 grid-col-1\" ><div class=\"col-inner\">\r\n\r\n\n  <div class=\"banner has-hover bg-overlay-add\" id=\"banner-386671480\">\n          <div class=\"banner-inner fill\">\n        <div class=\"banner-bg fill\" >\n            <img loading=\"lazy\" decoding=\"async\" width=\"600\" height=\"600\" src=\"https:\/\/www.lokve.com\/wp-content\/uploads\/2019\/09\/hotel-salona-palace-split-hrvatska.jpg\" class=\"bg attachment-large size-large\" alt=\"\" \/>                        <div class=\"overlay\"><\/div>            \n                    <\/div>\n\t\t\n        <div class=\"banner-layers container\">\n            <a class=\"fill\" href=\"https:\/\/www.lokve.com\/reference\/\"><div class=\"fill banner-link\"><\/div><\/a>            \r\n\r\n   <div id=\"text-box-1270734986\" class=\"text-box banner-layer x5 md-x5 lg-x5 y95 md-y95 lg-y95 res-text\">\n                                <div class=\"text-box-content text dark\">\n              \n              <div class=\"text-inner text-left\">\n                  \r\n<h2>HOTEL SALONA PALACE<\/h2>\r\n<div class=\"is-divider divider clearfix\" style=\"margin-top:2.0em;margin-bottom:2.0em;max-width:50px;height:5px;background-color:rgb(128, 195, 66);\"><\/div>\r\n<h3>Split, Hrva\u0161ka<\/h3>\r\n              <\/div>\n           <\/div>\n                            \n<style>\n#text-box-1270734986 {\n  width: 60%;\n}\n#text-box-1270734986 .text-box-content {\n  font-size: 100%;\n}\n@media (min-width:550px) {\n  #text-box-1270734986 {\n    width: 80%;\n  }\n}\n<\/style>\n    <\/div>\n \r\n\r\n        <\/div>\n      <\/div>\n\n            \n<style>\n#banner-386671480 {\n  padding-top: 400px;\n}\n#banner-386671480 .overlay {\n  background-color: rgba(0,0,0,.5);\n}\n<\/style>\n  <\/div>\n\n\r\n\r\n<\/div><\/div>\r\n\r\n            <\/div>\n    <style>\n    #banner-grid-439091649 .grid-col-1{height: 500px}\n    #banner-grid-439091649 .grid-col-1-2{height: 250px}\n    #banner-grid-439091649 .grid-col-1-3{height:166.66666666667px}\n    #banner-grid-439091649 .grid-col-2-3{height: 333.33333333333px}\n    #banner-grid-439091649 .grid-col-1-4{height: 125px}\n    #banner-grid-439091649 .grid-col-3-4{height: 375px}\n\n\n    \n    \n\n  <\/style>\n    <\/div>\n  \r\n\r\n\t\t<\/div>\n\n\t\t\n<style>\n#section_1198315032 {\n  padding-top: 60px;\n  padding-bottom: 60px;\n}\n<\/style>\n\t<\/section>\n\t\n\n\n","protected":false},"excerpt":{"rendered":"","protected":false},"author":2,"featured_media":0,"parent":8139,"menu_order":0,"comment_status":"closed","ping_status":"closed","template":"page-blank.php","meta":{"footnotes":""},"class_list":["post-8155","page","type-page","status-publish","hentry"],"_links":{"self":[{"href":"https:\/\/www.lokve.com\/sl\/wp-json\/wp\/v2\/pages\/8155","targetHints":{"allow":["GET"]}}],"collection":[{"href":"https:\/\/www.lokve.com\/sl\/wp-json\/wp\/v2\/pages"}],"about":[{"href":"https:\/\/www.lokve.com\/sl\/wp-json\/wp\/v2\/types\/page"}],"author":[{"embeddable":true,"href":"https:\/\/www.lokve.com\/sl\/wp-json\/wp\/v2\/users\/2"}],"replies":[{"embeddable":true,"href":"https:\/\/www.lokve.com\/sl\/wp-json\/wp\/v2\/comments?post=8155"}],"version-history":[{"count":3,"href":"https:\/\/www.lokve.com\/sl\/wp-json\/wp\/v2\/pages\/8155\/revisions"}],"predecessor-version":[{"id":8356,"href":"https:\/\/www.lokve.com\/sl\/wp-json\/wp\/v2\/pages\/8155\/revisions\/8356"}],"up":[{"embeddable":true,"href":"https:\/\/www.lokve.com\/sl\/wp-json\/wp\/v2\/pages\/8139"}],"wp:attachment":[{"href":"https:\/\/www.lokve.com\/sl\/wp-json\/wp\/v2\/media?parent=8155"}],"curies":[{"name":"wp","href":"https:\/\/api.w.org\/{rel}","templated":true}]}}