{"id":8158,"date":"2019-10-15T15:40:55","date_gmt":"2019-10-15T13:40:55","guid":{"rendered":"https:\/\/www.lokve.com\/dodatna-oprema\/komarnici\/"},"modified":"2023-05-10T11:54:52","modified_gmt":"2023-05-10T09:54:52","slug":"komarniki","status":"publish","type":"page","link":"https:\/\/www.lokve.com\/sl\/dodatna-oprema\/komarniki\/","title":{"rendered":"Komarniki"},"content":{"rendered":"\n\n\t<section class=\"section\" id=\"section_2039576\">\n\t\t<div class=\"section-bg fill\" >\n\t\t\t\t\t\t\t\t\t\n\t\t\t\n\n\t\t<\/div>\n\n\t\t\n\n\t\t<div class=\"section-content relative\">\n\t\t\t\n\n<div class=\"row align-middle\"  id=\"row-1706699671\">\n\n\n\t<div id=\"col-619852837\" class=\"col medium-6 small-12 large-6\"  >\n\t\t\t\t<div class=\"col-inner text-left\"  >\n\t\t\t\n\t\t\t\n\n<h1 data-line-height=\"xs\">KOMARNIKI<\/h1>\n<div class=\"is-divider divider clearfix\" style=\"max-width:50px;height:2px;background-color:rgb(128, 195, 66);\"><\/div>\n\n<p class=\"lead\">Rolo, krilni, drsni ali plisirani komarniki. Mo\u017enost vgradnje v kasete rolet ali polken.<\/p>\n<p>S komarnikom na oknu ali vratih boste varni pred vsemi vrstami mr\u010desa. Nudimo ve\u010d vrst komarnikov, ki bodo ustrezali vsakemu na\u0161emu izdelku.<\/p>\n\n\t\t<\/div>\n\t\t\t\t\t<\/div>\n\n\t\n\n\t<div id=\"col-543531398\" class=\"col medium-6 small-12 large-6\"  >\n\t\t\t\t<div class=\"col-inner text-center\"  >\n\t\t\t\n\t\t\t\n\n\t<div class=\"img has-hover x md-x lg-x y md-y lg-y\" id=\"image_1980074193\">\n\t\t\t\t\t\t\t\t<div class=\"img-inner image-cover dark\" style=\"padding-top:500px;\">\n\t\t\t<img loading=\"lazy\" decoding=\"async\" width=\"161\" height=\"485\" src=\"https:\/\/www.lokve.com\/wp-content\/uploads\/2019\/10\/Komarnici-header.png\" class=\"attachment-original size-original\" alt=\"\" srcset=\"https:\/\/www.lokve.com\/wp-content\/uploads\/2019\/10\/Komarnici-header.png 161w, https:\/\/www.lokve.com\/wp-content\/uploads\/2019\/10\/Komarnici-header-100x300.png 100w\" sizes=\"auto, (max-width: 161px) 100vw, 161px\" \/>\t\t\t\t\t\t\n\t\t\t\t\t<\/div>\n\t\t\t\t\t\t\t\t\n<style>\n#image_1980074193 {\n  width: 32%;\n}\n<\/style>\n\t<\/div>\n\t\n\n\n\t\t<\/div>\n\t\t\t\t\t<\/div>\n\n\t\n\n<\/div>\n\n\t\t<\/div>\n\n\t\t\n<style>\n#section_2039576 {\n  padding-top: 30px;\n  padding-bottom: 30px;\n  min-height: 500px;\n}\n<\/style>\n\t<\/section>\n\t\n\n\t<section class=\"section\" id=\"section_295448931\">\n\t\t<div class=\"section-bg fill\" >\n\t\t\t\t\t\t\t\t\t\n\t\t\t\n\n\t\t<\/div>\n\n\t\t\n\n\t\t<div class=\"section-content relative\">\n\t\t\t\n\n<div class=\"row\"  id=\"row-415254393\">\n\n\n\t<div id=\"col-1014642287\" class=\"col small-12 large-12\"  >\n\t\t\t\t<div class=\"col-inner\"  >\n\t\t\t\n\t\t\t\n\n<h2 style=\"text-align: center;\" data-line-height=\"xs\">VRSTE KOMARNIKOV<\/h2>\n<div class=\"text-center\"><div class=\"is-divider divider clearfix\" style=\"max-width:50px;height:2px;background-color:rgb(128, 195, 66);\"><\/div><\/div>\n\n\n\t\t<\/div>\n\t\t\t\t\t<\/div>\n\n\t\n\n<\/div>\n<div class=\"row row-large row-divided\"  id=\"row-1724782326\">\n\n\n\t<div id=\"col-894093804\" class=\"col medium-4 small-12 large-4\"  >\n\t\t\t\t<div class=\"col-inner\"  >\n\t\t\t\n\t\t\t\n\n\t<div class=\"box has-hover   has-hover box-text-bottom\" >\n\n\t\t<div class=\"box-image\" >\n\t\t\t\t\t\t<div class=\"image-cover\" style=\"padding-top:300px;\">\n\t\t\t\t<img loading=\"lazy\" decoding=\"async\" width=\"560\" height=\"338\" src=\"https:\/\/www.lokve.com\/wp-content\/uploads\/2019\/10\/rolo-komarnik.jpg\" class=\"attachment- size-\" alt=\"\" srcset=\"https:\/\/www.lokve.com\/wp-content\/uploads\/2019\/10\/rolo-komarnik.jpg 560w, https:\/\/www.lokve.com\/wp-content\/uploads\/2019\/10\/rolo-komarnik-300x181.jpg 300w\" sizes=\"auto, (max-width: 560px) 100vw, 560px\" \/>\t\t\t\t\t\t\t\t\t\t\t<\/div>\n\t\t\t\t\t<\/div>\n\n\t\t<div class=\"box-text text-left\" >\n\t\t\t<div class=\"box-text-inner\">\n\t\t\t\t\n\n<p>\u00a0<\/p>\n<h4 class=\"uppercase\">Rolo KOMARNIK<\/h4>\n<div class=\"is-divider divider clearfix\" style=\"max-width:50px;height:2px;background-color:rgb(128, 195, 66);\"><\/div>\n<ul>\n<li>namenjeno za okna<\/li>\n<li>navpi\u010dno odpiranje<\/li>\n<li>skrije se v posebno kaseto<\/li>\n<\/ul>\n\n\n\t\t\t<\/div>\n\t\t<\/div>\n\t<\/div>\n\t\n\n\t\t<\/div>\n\t\t\t\t\t<\/div>\n\n\t\n\n\t<div id=\"col-156006690\" class=\"col medium-4 small-12 large-4\"  >\n\t\t\t\t<div class=\"col-inner\"  >\n\t\t\t\n\t\t\t\n\n\t<div class=\"box has-hover   has-hover box-text-bottom\" >\n\n\t\t<div class=\"box-image\" >\n\t\t\t\t\t\t<div class=\"image-cover\" style=\"padding-top:300px;\">\n\t\t\t\t<img loading=\"lazy\" decoding=\"async\" width=\"560\" height=\"337\" src=\"https:\/\/www.lokve.com\/wp-content\/uploads\/2019\/10\/integrirani-rolo-komarnici.jpg\" class=\"attachment-original size-original\" alt=\"\" srcset=\"https:\/\/www.lokve.com\/wp-content\/uploads\/2019\/10\/integrirani-rolo-komarnici.jpg 560w, https:\/\/www.lokve.com\/wp-content\/uploads\/2019\/10\/integrirani-rolo-komarnici-300x181.jpg 300w\" sizes=\"auto, (max-width: 560px) 100vw, 560px\" \/>\t\t\t\t\t\t\t\t\t\t\t<\/div>\n\t\t\t\t\t<\/div>\n\n\t\t<div class=\"box-text text-left\" >\n\t\t\t<div class=\"box-text-inner\">\n\t\t\t\t\n\n<p>\u00a0<\/p>\n<h4 class=\"uppercase\" style=\"text-align: left;\">Integrirani rolo KOMARNIK<\/h4>\n<p style=\"text-align: left;\">\n<div class=\"is-divider divider clearfix\" style=\"max-width:50px;height:2px;background-color:rgb(128, 195, 66);\"><\/div>\n\n<\/p>\n<ul>\n<li style=\"text-align: left;\">namenjeno za okna<\/li>\n<li style=\"text-align: left;\">navpi\u010dno odpiranje<\/li>\n<li style=\"text-align: left;\">skrije se v kaseto od rolet<\/li>\n<\/ul>\n\n\n\t\t\t<\/div>\n\t\t<\/div>\n\t<\/div>\n\t\n\n\t\t<\/div>\n\t\t\t\t\t<\/div>\n\n\t\n\n\t<div id=\"col-1927145672\" class=\"col medium-4 small-12 large-4\"  >\n\t\t\t\t<div class=\"col-inner\"  >\n\t\t\t\n\t\t\t\n\n\t<div class=\"box has-hover   has-hover box-text-bottom\" >\n\n\t\t<div class=\"box-image\" >\n\t\t\t\t\t\t<div class=\"image-cover\" style=\"padding-top:300px;\">\n\t\t\t\t<img loading=\"lazy\" decoding=\"async\" width=\"560\" height=\"338\" src=\"https:\/\/www.lokve.com\/wp-content\/uploads\/2019\/10\/krilni-komarnik.jpg\" class=\"attachment- size-\" alt=\"\" srcset=\"https:\/\/www.lokve.com\/wp-content\/uploads\/2019\/10\/krilni-komarnik.jpg 560w, https:\/\/www.lokve.com\/wp-content\/uploads\/2019\/10\/krilni-komarnik-300x181.jpg 300w\" sizes=\"auto, (max-width: 560px) 100vw, 560px\" \/>\t\t\t\t\t\t\t\t\t\t\t<\/div>\n\t\t\t\t\t<\/div>\n\n\t\t<div class=\"box-text text-left\" >\n\t\t\t<div class=\"box-text-inner\">\n\t\t\t\t\n\n<p>\u00a0<\/p>\n<h4 class=\"uppercase\">Krilni KOMARNIK<\/h4>\n<div class=\"is-divider divider clearfix\" style=\"max-width:50px;height:2px;background-color:rgb(128, 195, 66);\"><\/div>\n<ul>\n<li>namenjeno za okna ali balkonska vrata<\/li>\n<li>na\u010din odpiranja kot pri vratih<\/li>\n<li style=\"text-align: left;\">okvir iz aluminijastih profilov<\/li>\n<\/ul>\n\n\n\t\t\t<\/div>\n\t\t<\/div>\n\t<\/div>\n\t\n\n\t\t<\/div>\n\t\t\t\t\t<\/div>\n\n\t\n\n<\/div>\n\t<div id=\"gap-309181328\" class=\"gap-element clearfix\" style=\"display:block; height:auto;\">\n\t\t\n<style>\n#gap-309181328 {\n  padding-top: 50px;\n}\n<\/style>\n\t<\/div>\n\t\n\n<div class=\"row row-large align-center row-divided\"  id=\"row-1615201729\">\n\n\n\t<div id=\"col-549769701\" class=\"col medium-4 small-12 large-4\"  >\n\t\t\t\t<div class=\"col-inner\"  >\n\t\t\t\n\t\t\t\n\n\t<div class=\"box has-hover   has-hover box-text-bottom\" >\n\n\t\t<div class=\"box-image\" >\n\t\t\t\t\t\t<div class=\"image-cover\" style=\"padding-top:300px;\">\n\t\t\t\t<img loading=\"lazy\" decoding=\"async\" width=\"560\" height=\"338\" src=\"https:\/\/www.lokve.com\/wp-content\/uploads\/2019\/10\/klizni-komarnik.jpg\" class=\"attachment- size-\" alt=\"\" srcset=\"https:\/\/www.lokve.com\/wp-content\/uploads\/2019\/10\/klizni-komarnik.jpg 560w, https:\/\/www.lokve.com\/wp-content\/uploads\/2019\/10\/klizni-komarnik-300x181.jpg 300w\" sizes=\"auto, (max-width: 560px) 100vw, 560px\" \/>\t\t\t\t\t\t\t\t\t\t\t<\/div>\n\t\t\t\t\t<\/div>\n\n\t\t<div class=\"box-text text-left\" >\n\t\t\t<div class=\"box-text-inner\">\n\t\t\t\t\n\n<p>\u00a0<\/p>\n<h4 class=\"uppercase\">Drsni KOMARNIK<\/h4>\n<div class=\"is-divider divider clearfix\" style=\"max-width:50px;height:2px;background-color:rgb(128, 195, 66);\"><\/div>\n<ul>\n<li>namenjeno za drsne stene<\/li>\n<li>vodoravno pomi\u010dno<\/li>\n<li>okvir iz aluminijastih profilov<\/li>\n<\/ul>\n\n\n\t\t\t<\/div>\n\t\t<\/div>\n\t<\/div>\n\t\n\n\t\t<\/div>\n\t\t\t\t\t<\/div>\n\n\t\n\n\t<div id=\"col-1720847401\" class=\"col medium-4 small-12 large-4\"  >\n\t\t\t\t<div class=\"col-inner\"  >\n\t\t\t\n\t\t\t\n\n\t<div class=\"box has-hover   has-hover box-text-bottom\" >\n\n\t\t<div class=\"box-image\" >\n\t\t\t\t\t\t<div class=\"image-cover\" style=\"padding-top:300px;\">\n\t\t\t\t<img loading=\"lazy\" decoding=\"async\" width=\"560\" height=\"338\" src=\"https:\/\/www.lokve.com\/wp-content\/uploads\/2019\/10\/plise-komarnik.jpg\" class=\"attachment- size-\" alt=\"\" srcset=\"https:\/\/www.lokve.com\/wp-content\/uploads\/2019\/10\/plise-komarnik.jpg 560w, https:\/\/www.lokve.com\/wp-content\/uploads\/2019\/10\/plise-komarnik-300x181.jpg 300w\" sizes=\"auto, (max-width: 560px) 100vw, 560px\" \/>\t\t\t\t\t\t\t\t\t\t\t<\/div>\n\t\t\t\t\t<\/div>\n\n\t\t<div class=\"box-text text-left\" >\n\t\t\t<div class=\"box-text-inner\">\n\t\t\t\t\n\n<p>\u00a0<\/p>\n<h4 class=\"uppercase\" style=\"text-align: left;\">Plise KOMARNIK<\/h4>\n<div class=\"is-divider divider clearfix\" style=\"max-width:50px;height:2px;background-color:rgb(128, 195, 66);\"><\/div>\n<ul>\n<li>namenjeno za drsne stene ali balkonska vrata<\/li>\n<li>vodoravno pomi\u010dno<\/li>\n<li>zlaganje na harmoniko<\/li>\n<\/ul>\n\n\n\t\t\t<\/div>\n\t\t<\/div>\n\t<\/div>\n\t\n\n\t\t<\/div>\n\t\t\t\t\t<\/div>\n\n\t\n\n<\/div>\n\n\t\t<\/div>\n\n\t\t\n<style>\n#section_295448931 {\n  padding-top: 100px;\n  padding-bottom: 100px;\n}\n<\/style>\n\t<\/section>\n\t\n\n\t<section class=\"section\" id=\"section_1476892696\">\n\t\t<div class=\"section-bg fill\" >\n\t\t\t\t\t\t\t\t\t\n\t\t\t\n\n\t\t<\/div>\n\n\t\t\n\n\t\t<div class=\"section-content relative\">\n\t\t\t\n\n<div class=\"row row-large row-full-width align-middle\"  id=\"row-110779902\">\n\n\n\t<div id=\"col-1869257733\" class=\"col medium-6 small-12 large-6\"  >\n\t\t\t\t<div class=\"col-inner\"  >\n\t\t\t\n\t\t\t\n\n\n  <div class=\"banner has-hover has-parallax\" id=\"banner-1295538956\">\n          <div class=\"banner-inner fill\">\n        <div class=\"banner-bg fill\" data-parallax=\"-5\" data-parallax-container=\".banner\" data-parallax-background>\n            <img loading=\"lazy\" decoding=\"async\" width=\"1280\" height=\"746\" src=\"https:\/\/www.lokve.com\/wp-content\/uploads\/2019\/09\/partners.jpg\" class=\"bg attachment-original size-original\" alt=\"\" \/>                                    \n                    <\/div>\n\t\t\n        <div class=\"banner-layers container\">\n            <div class=\"fill banner-link\"><\/div>            \n\n\n        <\/div>\n      <\/div>\n\n            \n<style>\n#banner-1295538956 {\n  padding-top: 500px;\n}\n<\/style>\n  <\/div>\n\n\n\n\t\t<\/div>\n\t\t\t\t\t<\/div>\n\n\t\n\n\t<div id=\"col-1045319394\" class=\"col medium-6 small-12 large-6\"  >\n\t\t\t\t<div class=\"col-inner\"  >\n\t\t\t\n\t\t\t\n\n<h2>POSTANITE <span style=\"font-size: 100%;\" data-line-height=\"xs\" data-text-color=\"primary\">PARTNER<\/span><br \/>PODJETJA LOKVE<\/h2>\n\n<div class=\"is-divider divider clearfix\" style=\"max-width:50px;height:2px;background-color:rgb(128, 195, 66);\"><\/div>\n\n<p id=\"tw-target-text\" class=\"tw-data-text tw-text-large XcVN5d tw-ta\" dir=\"ltr\" data-placeholder=\"Prijevod\">Ste arhitekt, oblikovalec, na\u010drtovalec, gradbenik ali trgovec?<\/p>\n<p>Na PORTALU LOKVE boste na\u0161li marketin\u0161ka gradiva, certifikate, tehni\u010dne podatke in CAD risbe na\u0161ih oken in drugih izdelkov.<\/p>\n<p>S tesnim sodelovanjem in odli\u010dno podporo na\u0161e strokovne ekipe nudimo visokokakovostne izdelke in podporo pri na\u010drtovanju in projektiranju ter tehni\u010dnih, prodajnih in marketin\u0161kih aktivnostih.<\/p>\n<p class=\"tw-data-text tw-text-large XcVN5d tw-ta\" dir=\"ltr\" data-placeholder=\"Prijevod\">Veselimo se sodelovanja z vami!<\/p>\n<a href=\"https:\/\/www.lokve.com\/sl\/partneri\/\" class=\"button primary is-outline\" >\n\t\t<span>VE\u010c INFORMACIJ<\/span>\n\t<\/a>\n\n\n\n\t\t<\/div>\n\t\t\t\t\t<\/div>\n\n\t\n\n<\/div>\n\n\t\t<\/div>\n\n\t\t\n<style>\n#section_1476892696 {\n  padding-top: 100px;\n  padding-bottom: 100px;\n  margin-bottom: 0px;\n  min-height: 500px;\n}\n<\/style>\n\t<\/section>\n\t\n\n\n\t<section class=\"section\" id=\"section_1019432583\">\n\t\t<div class=\"section-bg fill\" >\n\t\t\t\t\t\t\t\t\t\n\t\t\t\n\n\t\t<\/div>\n\n\t\t\n\n\t\t<div class=\"section-content relative\">\n\t\t\t\r\n\r\n<div class=\"container section-title-container\" ><h2 class=\"section-title section-title-center\"><b aria-hidden=\"true\"><\/b><span class=\"section-title-main\" >NA\u0160I PROJEKTI<\/span><b aria-hidden=\"true\"><\/b><\/h2><\/div>\r\n\r\n  <div class=\"banner-grid-wrapper\">\n  <div id=\"banner-grid-379397611\" class=\"banner-grid row row-grid row-xsmall row-full-width\" data-packery-options=\"\">\n                      \r\n\r\n<div class=\"col grid-col large-4 grid-col-1\" ><div class=\"col-inner\">\r\n\r\n\n  <div class=\"banner has-hover bg-overlay-add\" id=\"banner-1579960426\">\n          <div class=\"banner-inner fill\">\n        <div class=\"banner-bg fill\" >\n            <img loading=\"lazy\" decoding=\"async\" width=\"600\" height=\"600\" src=\"https:\/\/www.lokve.com\/wp-content\/uploads\/2019\/09\/BROWN-BEACH-HOUSE-DESIGN-HOTEL-Trogir-Hrvatska.jpg\" class=\"bg attachment-large size-large\" alt=\"\" \/>                        <div class=\"overlay\"><\/div>            \n                    <\/div>\n\t\t\n        <div class=\"banner-layers container\">\n            <a class=\"fill\" href=\"https:\/\/www.lokve.com\/reference\/\"><div class=\"fill banner-link\"><\/div><\/a>            \r\n\r\n   <div id=\"text-box-623100274\" class=\"text-box banner-layer x5 md-x5 lg-x5 y95 md-y95 lg-y95 res-text\">\n                                <div class=\"text-box-content text dark\">\n              \n              <div class=\"text-inner text-left\">\n                  \r\n<h2>BROWN BEACH HOUSE DESIGN HOTEL<\/h2>\r\n<p class=\"uppercase\"><div class=\"is-divider divider clearfix\" style=\"margin-top:2.0em;margin-bottom:2.0em;max-width:50px;height:5px;background-color:rgb(128, 195, 66);\"><\/div><\/p>\r\n\r\n<h3>Trogir, Hrva\u0161ka<\/h3>\r\n              <\/div>\n           <\/div>\n                            \n<style>\n#text-box-623100274 {\n  width: 60%;\n}\n#text-box-623100274 .text-box-content {\n  font-size: 100%;\n}\n@media (min-width:550px) {\n  #text-box-623100274 {\n    width: 80%;\n  }\n}\n<\/style>\n    <\/div>\n \r\n\r\n        <\/div>\n      <\/div>\n\n            \n<style>\n#banner-1579960426 {\n  padding-top: 400px;\n}\n#banner-1579960426 .overlay {\n  background-color: rgba(0,0,0,.5);\n}\n<\/style>\n  <\/div>\n\n\r\n\r\n<\/div><\/div>\r\n<div class=\"col grid-col large-4 grid-col-1\" ><div class=\"col-inner\">\r\n\r\n\n  <div class=\"banner has-hover bg-overlay-add\" id=\"banner-1613894888\">\n          <div class=\"banner-inner fill\">\n        <div class=\"banner-bg fill\" >\n            <img loading=\"lazy\" decoding=\"async\" width=\"600\" height=\"600\" src=\"https:\/\/www.lokve.com\/wp-content\/uploads\/2019\/09\/sealine-villas-mykonos-grcka.jpg\" class=\"bg attachment-large size-large\" alt=\"\" \/>                        <div class=\"overlay\"><\/div>            \n                    <\/div>\n\t\t\n        <div class=\"banner-layers container\">\n            <a class=\"fill\" href=\"https:\/\/www.lokve.com\/reference\/\"><div class=\"fill banner-link\"><\/div><\/a>            \r\n\r\n   <div id=\"text-box-59505929\" class=\"text-box banner-layer x5 md-x5 lg-x5 y95 md-y95 lg-y95 res-text\">\n                                <div class=\"text-box-content text dark\">\n              \n              <div class=\"text-inner text-left\">\n                  \r\n<h2>SEALINE VILLAS<\/h2>\r\n<div class=\"is-divider divider clearfix\" style=\"margin-top:2.0em;margin-bottom:2.0em;max-width:50px;height:5px;background-color:rgb(128, 195, 66);\"><\/div>\r\n<h3>Mykonos, Gr\u010dija<\/h3>\r\n              <\/div>\n           <\/div>\n                            \n<style>\n#text-box-59505929 {\n  width: 60%;\n}\n#text-box-59505929 .text-box-content {\n  font-size: 100%;\n}\n@media (min-width:550px) {\n  #text-box-59505929 {\n    width: 80%;\n  }\n}\n<\/style>\n    <\/div>\n \r\n\r\n        <\/div>\n      <\/div>\n\n            \n<style>\n#banner-1613894888 {\n  padding-top: 400px;\n}\n#banner-1613894888 .overlay {\n  background-color: rgba(0,0,0,.5);\n}\n<\/style>\n  <\/div>\n\n\r\n\r\n<\/div><\/div>\r\n<div class=\"col grid-col large-4 grid-col-1\" ><div class=\"col-inner\">\r\n\r\n\n  <div class=\"banner has-hover bg-overlay-add\" id=\"banner-1771537949\">\n          <div class=\"banner-inner fill\">\n        <div class=\"banner-bg fill\" >\n            <img loading=\"lazy\" decoding=\"async\" width=\"600\" height=\"600\" src=\"https:\/\/www.lokve.com\/wp-content\/uploads\/2019\/09\/hotel-salona-palace-split-hrvatska.jpg\" class=\"bg attachment-large size-large\" alt=\"\" \/>                        <div class=\"overlay\"><\/div>            \n                    <\/div>\n\t\t\n        <div class=\"banner-layers container\">\n            <a class=\"fill\" href=\"https:\/\/www.lokve.com\/reference\/\"><div class=\"fill banner-link\"><\/div><\/a>            \r\n\r\n   <div id=\"text-box-2011633854\" class=\"text-box banner-layer x5 md-x5 lg-x5 y95 md-y95 lg-y95 res-text\">\n                                <div class=\"text-box-content text dark\">\n              \n              <div class=\"text-inner text-left\">\n                  \r\n<h2>HOTEL SALONA PALACE<\/h2>\r\n<div class=\"is-divider divider clearfix\" style=\"margin-top:2.0em;margin-bottom:2.0em;max-width:50px;height:5px;background-color:rgb(128, 195, 66);\"><\/div>\r\n<h3>Split, Hrva\u0161ka<\/h3>\r\n              <\/div>\n           <\/div>\n                            \n<style>\n#text-box-2011633854 {\n  width: 60%;\n}\n#text-box-2011633854 .text-box-content {\n  font-size: 100%;\n}\n@media (min-width:550px) {\n  #text-box-2011633854 {\n    width: 80%;\n  }\n}\n<\/style>\n    <\/div>\n \r\n\r\n        <\/div>\n      <\/div>\n\n            \n<style>\n#banner-1771537949 {\n  padding-top: 400px;\n}\n#banner-1771537949 .overlay {\n  background-color: rgba(0,0,0,.5);\n}\n<\/style>\n  <\/div>\n\n\r\n\r\n<\/div><\/div>\r\n\r\n            <\/div>\n    <style>\n    #banner-grid-379397611 .grid-col-1{height: 500px}\n    #banner-grid-379397611 .grid-col-1-2{height: 250px}\n    #banner-grid-379397611 .grid-col-1-3{height:166.66666666667px}\n    #banner-grid-379397611 .grid-col-2-3{height: 333.33333333333px}\n    #banner-grid-379397611 .grid-col-1-4{height: 125px}\n    #banner-grid-379397611 .grid-col-3-4{height: 375px}\n\n\n    \n    \n\n  <\/style>\n    <\/div>\n  \r\n\r\n\t\t<\/div>\n\n\t\t\n<style>\n#section_1019432583 {\n  padding-top: 60px;\n  padding-bottom: 60px;\n}\n<\/style>\n\t<\/section>\n\t\n\n\n","protected":false},"excerpt":{"rendered":"","protected":false},"author":2,"featured_media":0,"parent":8139,"menu_order":0,"comment_status":"closed","ping_status":"closed","template":"page-blank.php","meta":{"footnotes":""},"class_list":["post-8158","page","type-page","status-publish","hentry"],"_links":{"self":[{"href":"https:\/\/www.lokve.com\/sl\/wp-json\/wp\/v2\/pages\/8158","targetHints":{"allow":["GET"]}}],"collection":[{"href":"https:\/\/www.lokve.com\/sl\/wp-json\/wp\/v2\/pages"}],"about":[{"href":"https:\/\/www.lokve.com\/sl\/wp-json\/wp\/v2\/types\/page"}],"author":[{"embeddable":true,"href":"https:\/\/www.lokve.com\/sl\/wp-json\/wp\/v2\/users\/2"}],"replies":[{"embeddable":true,"href":"https:\/\/www.lokve.com\/sl\/wp-json\/wp\/v2\/comments?post=8158"}],"version-history":[{"count":8,"href":"https:\/\/www.lokve.com\/sl\/wp-json\/wp\/v2\/pages\/8158\/revisions"}],"predecessor-version":[{"id":8361,"href":"https:\/\/www.lokve.com\/sl\/wp-json\/wp\/v2\/pages\/8158\/revisions\/8361"}],"up":[{"embeddable":true,"href":"https:\/\/www.lokve.com\/sl\/wp-json\/wp\/v2\/pages\/8139"}],"wp:attachment":[{"href":"https:\/\/www.lokve.com\/sl\/wp-json\/wp\/v2\/media?parent=8158"}],"curies":[{"name":"wp","href":"https:\/\/api.w.org\/{rel}","templated":true}]}}