{"id":8161,"date":"2019-10-15T12:39:56","date_gmt":"2019-10-15T10:39:56","guid":{"rendered":"https:\/\/www.lokve.com\/dodatna-oprema\/grilje\/"},"modified":"2023-05-06T15:18:37","modified_gmt":"2023-05-06T13:18:37","slug":"polkna","status":"publish","type":"page","link":"https:\/\/www.lokve.com\/sl\/dodatna-oprema\/polkna\/","title":{"rendered":"Polkna"},"content":{"rendered":"\n\n\t<section class=\"section\" id=\"section_892869582\">\n\t\t<div class=\"section-bg fill\" >\n\t\t\t\t\t\t\t\t\t\n\t\t\t\n\n\t\t<\/div>\n\n\t\t\n\n\t\t<div class=\"section-content relative\">\n\t\t\t\n\n<div class=\"row align-middle\"  id=\"row-537701094\">\n\n\n\t<div id=\"col-1634218666\" class=\"col medium-6 small-12 large-6\"  >\n\t\t\t\t<div class=\"col-inner text-left\"  >\n\t\t\t\n\t\t\t\n\n<h1 data-line-height=\"xs\">POLKNA<\/h1>\n\n<div class=\"is-divider divider clearfix\" style=\"max-width:50px;height:2px;background-color:rgb(128, 195, 66);\"><\/div>\n\n<p class=\"lead\">Polkna so tradicionalni element v arhitekturi, ki s svojim videzom polep\u0161ajo va\u0161 dom in ga za\u0161\u010ditijo pred vremenskimi vplivi in neza\u017eelenimi pogledi.<\/p>\n<p>V ponudbi imamo polkna iz razli\u010dnih vrst <strong>lesa<\/strong> ali <strong>aluminija<\/strong>, v barvi in tipu po izbiri kupca, da se do popolnosti ujamejo s podobo oken in fasade. Nudimo polkna s <strong>fiksnimi ali gibljivimi lamelami<\/strong> z mo\u017enostjo vgradnje komarnikov. Mo\u017ena je uporaba pri oknih, balkonskih vratih in drsnih stenah.<\/p>\n\n\t\t<\/div>\n\t\t\t\t\t<\/div>\n\n\t\n\n\t<div id=\"col-689463590\" class=\"col medium-6 small-12 large-6\"  >\n\t\t\t\t<div class=\"col-inner text-center\"  >\n\t\t\t\n\t\t\t\n\n\t<div class=\"img has-hover x md-x lg-x y md-y lg-y\" id=\"image_1277506422\">\n\t\t\t\t\t\t\t\t<div class=\"img-inner dark\" >\n\t\t\t<img loading=\"lazy\" decoding=\"async\" width=\"500\" height=\"462\" src=\"https:\/\/www.lokve.com\/wp-content\/uploads\/2019\/11\/Grilje-za-drvene-i-drvo-aluminijske-prozore-Lokve-Quality-Windows.jpg\" class=\"attachment-original size-original\" alt=\"Grilje za drvene i drvo-aluminijske prozore - Lokve Quality Windows\" srcset=\"https:\/\/www.lokve.com\/wp-content\/uploads\/2019\/11\/Grilje-za-drvene-i-drvo-aluminijske-prozore-Lokve-Quality-Windows.jpg 500w, https:\/\/www.lokve.com\/wp-content\/uploads\/2019\/11\/Grilje-za-drvene-i-drvo-aluminijske-prozore-Lokve-Quality-Windows-300x277.jpg 300w\" sizes=\"auto, (max-width: 500px) 100vw, 500px\" \/>\t\t\t\t\t\t\n\t\t\t\t\t<\/div>\n\t\t\t\t\t\t\t\t\n<style>\n#image_1277506422 {\n  width: 100%;\n}\n<\/style>\n\t<\/div>\n\t\n\n\n\t\t<\/div>\n\t\t\t\t\t<\/div>\n\n\t\n\n<\/div>\n\n\t\t<\/div>\n\n\t\t\n<style>\n#section_892869582 {\n  padding-top: 30px;\n  padding-bottom: 30px;\n  min-height: 500px;\n}\n<\/style>\n\t<\/section>\n\t\n\n\t<section class=\"section\" id=\"section_2069278014\">\n\t\t<div class=\"section-bg fill\" >\n\t\t\t\t\t\t\t\t\t<div class=\"section-bg-overlay absolute fill\"><\/div>\n\t\t\t\n\n\t\t<\/div>\n\n\t\t\n\n\t\t<div class=\"section-content relative\">\n\t\t\t\n\n<div class=\"row\"  id=\"row-1207107671\">\n\n\n\t<div id=\"col-1982362371\" class=\"col small-12 large-12\"  >\n\t\t\t\t<div class=\"col-inner text-center\"  >\n\t\t\t\n\t\t\t\n\n<h2>DODATNA OPREMA<\/h2>\n<div class=\"is-divider divider clearfix\" style=\"max-width:50px;height:2px;background-color:rgb(128, 195, 66);\"><\/div>\n\n\n\t\t<\/div>\n\t\t\t\t\t<\/div>\n\n\t\n\n\t<div id=\"col-1513840685\" class=\"col medium-3 small-6 large-3\"  >\n\t\t\t\t<div class=\"col-inner\"  >\n\t\t\t\n\t\t\t\n\n\t<div class=\"box has-hover   has-hover box-default box-text-bottom\" >\n\n\t\t<div class=\"box-image\" >\n\t\t\t<a href=\"https:\/\/lokve.com\/dodatna-oprema\/rolete\/\" target=\"_blank\" rel=\"noopener\">\t\t\t<div class=\"image-fade-out\" >\n\t\t\t\t<img loading=\"lazy\" decoding=\"async\" width=\"350\" height=\"350\" src=\"https:\/\/www.lokve.com\/wp-content\/uploads\/2019\/10\/rolete-dodatna-oprema-Lokve-Quality-Windows.jpg\" class=\"attachment-original size-original\" alt=\"Rolete dodatna oprema - Lokve Quality Windows\" srcset=\"https:\/\/www.lokve.com\/wp-content\/uploads\/2019\/10\/rolete-dodatna-oprema-Lokve-Quality-Windows.jpg 350w, https:\/\/www.lokve.com\/wp-content\/uploads\/2019\/10\/rolete-dodatna-oprema-Lokve-Quality-Windows-150x150.jpg 150w, https:\/\/www.lokve.com\/wp-content\/uploads\/2019\/10\/rolete-dodatna-oprema-Lokve-Quality-Windows-300x300.jpg 300w, https:\/\/www.lokve.com\/wp-content\/uploads\/2019\/10\/rolete-dodatna-oprema-Lokve-Quality-Windows-100x100.jpg 100w\" sizes=\"auto, (max-width: 350px) 100vw, 350px\" \/>\t\t\t\t\t\t\t\t\t\t\t<\/div>\n\t\t\t<\/a>\t\t<\/div>\n\n\t\t<div class=\"box-text text-center\" style=\"background-color:rgb(255, 255, 255);padding:15px 15px 15px 15px;\">\n\t\t\t<div class=\"box-text-inner\">\n\t\t\t\t\n\n<h4 class=\"uppercase\">Rolete<\/h4>\n<div class=\"is-divider divider clearfix\" style=\"max-width:50px;height:2px;background-color:rgb(128, 195, 66);\"><\/div>\n\n\n\t\t\t<\/div>\n\t\t<\/div>\n\t<\/div>\n\t\n\n\t\t<\/div>\n\t\t\t\t\t<\/div>\n\n\t\n\n\t<div id=\"col-544692915\" class=\"col medium-3 small-6 large-3\"  >\n\t\t\t\t<div class=\"col-inner\"  >\n\t\t\t\n\t\t\t\n\n\t<div class=\"box has-hover   has-hover box-default box-text-bottom\" >\n\n\t\t<div class=\"box-image\" >\n\t\t\t<a href=\"https:\/\/lokve.com\/dodatna-oprema\/poluolive\/\" target=\"_blank\" rel=\"noopener\">\t\t\t<div class=\"image-fade-out\" >\n\t\t\t\t<img loading=\"lazy\" decoding=\"async\" width=\"350\" height=\"350\" src=\"https:\/\/www.lokve.com\/wp-content\/uploads\/2019\/10\/kvake-za-prozore-dodatna-oprema-Lokve-Quality-Windows.jpg\" class=\"attachment-original size-original\" alt=\"Kvake za prozore dodatna-oprema - Lokve Quality Windows\" srcset=\"https:\/\/www.lokve.com\/wp-content\/uploads\/2019\/10\/kvake-za-prozore-dodatna-oprema-Lokve-Quality-Windows.jpg 350w, https:\/\/www.lokve.com\/wp-content\/uploads\/2019\/10\/kvake-za-prozore-dodatna-oprema-Lokve-Quality-Windows-150x150.jpg 150w, https:\/\/www.lokve.com\/wp-content\/uploads\/2019\/10\/kvake-za-prozore-dodatna-oprema-Lokve-Quality-Windows-300x300.jpg 300w, https:\/\/www.lokve.com\/wp-content\/uploads\/2019\/10\/kvake-za-prozore-dodatna-oprema-Lokve-Quality-Windows-100x100.jpg 100w\" sizes=\"auto, (max-width: 350px) 100vw, 350px\" \/>\t\t\t\t\t\t\t\t\t\t\t<\/div>\n\t\t\t<\/a>\t\t<\/div>\n\n\t\t<div class=\"box-text text-center\" style=\"background-color:rgb(255, 255, 255);padding:15px 15px 15px 15px;\">\n\t\t\t<div class=\"box-text-inner\">\n\t\t\t\t\n\n<h4 class=\"uppercase\">Kljuke<\/h4>\n\n<div class=\"is-divider divider clearfix\" style=\"max-width:50px;height:2px;background-color:rgb(128, 195, 66);\"><\/div>\n\n\n\t\t\t<\/div>\n\t\t<\/div>\n\t<\/div>\n\t\n\n\t\t<\/div>\n\t\t\t\t\t<\/div>\n\n\t\n\n\t<div id=\"col-1927784051\" class=\"col medium-3 small-6 large-3\"  >\n\t\t\t\t<div class=\"col-inner\"  >\n\t\t\t\n\t\t\t\n\n\t<div class=\"box has-hover   has-hover box-text-bottom\" >\n\n\t\t<div class=\"box-image\" >\n\t\t\t<a href=\"https:\/\/lokve.com\/dodatna-oprema\/vanjske-zaluzine\/\" target=\"_blank\" rel=\"noopener\">\t\t\t<div class=\"image-fade-out\" >\n\t\t\t\t<img loading=\"lazy\" decoding=\"async\" width=\"350\" height=\"350\" src=\"https:\/\/www.lokve.com\/wp-content\/uploads\/2019\/10\/vanjske-zaluzine-dodatna-oprema-Lokve-Quality-Windows.jpg\" class=\"attachment- size-\" alt=\"Vanjske \u017ealuzine za prozore dodatna oprema - Lokve Quality Windows\" srcset=\"https:\/\/www.lokve.com\/wp-content\/uploads\/2019\/10\/vanjske-zaluzine-dodatna-oprema-Lokve-Quality-Windows.jpg 350w, https:\/\/www.lokve.com\/wp-content\/uploads\/2019\/10\/vanjske-zaluzine-dodatna-oprema-Lokve-Quality-Windows-150x150.jpg 150w, https:\/\/www.lokve.com\/wp-content\/uploads\/2019\/10\/vanjske-zaluzine-dodatna-oprema-Lokve-Quality-Windows-300x300.jpg 300w, https:\/\/www.lokve.com\/wp-content\/uploads\/2019\/10\/vanjske-zaluzine-dodatna-oprema-Lokve-Quality-Windows-100x100.jpg 100w\" sizes=\"auto, (max-width: 350px) 100vw, 350px\" \/>\t\t\t\t\t\t\t\t\t\t\t<\/div>\n\t\t\t<\/a>\t\t<\/div>\n\n\t\t<div class=\"box-text text-center\" style=\"background-color:rgb(255, 255, 255);padding:15px 15px 15px 15px;\">\n\t\t\t<div class=\"box-text-inner\">\n\t\t\t\t\n\n<h4 class=\"uppercase\">\u017daluzije<\/h4>\n\n<div class=\"is-divider divider clearfix\" style=\"max-width:50px;height:2px;background-color:rgb(128, 195, 66);\"><\/div>\n\n\n\t\t\t<\/div>\n\t\t<\/div>\n\t<\/div>\n\t\n\n\t\t<\/div>\n\t\t\t\t\t<\/div>\n\n\t\n\n\t<div id=\"col-589544376\" class=\"col medium-3 small-6 large-3\"  >\n\t\t\t\t<div class=\"col-inner\"  >\n\t\t\t\n\t\t\t\n\n\t<div class=\"box has-hover   has-hover box-text-bottom\" >\n\n\t\t<div class=\"box-image\" >\n\t\t\t<a href=\"https:\/\/lokve.com\/dodatna-oprema\/komarnici\/\" target=\"_blank\" rel=\"noopener\">\t\t\t<div class=\"image-fade-out\" >\n\t\t\t\t<img loading=\"lazy\" decoding=\"async\" width=\"350\" height=\"350\" src=\"https:\/\/www.lokve.com\/wp-content\/uploads\/2019\/10\/komarnici-dodatna-oprema-Lokve-Quality-Windows.jpg\" class=\"attachment- size-\" alt=\"Komarnici dodatna oprema - Lokve Quality Windows\" srcset=\"https:\/\/www.lokve.com\/wp-content\/uploads\/2019\/10\/komarnici-dodatna-oprema-Lokve-Quality-Windows.jpg 350w, https:\/\/www.lokve.com\/wp-content\/uploads\/2019\/10\/komarnici-dodatna-oprema-Lokve-Quality-Windows-150x150.jpg 150w, https:\/\/www.lokve.com\/wp-content\/uploads\/2019\/10\/komarnici-dodatna-oprema-Lokve-Quality-Windows-300x300.jpg 300w, https:\/\/www.lokve.com\/wp-content\/uploads\/2019\/10\/komarnici-dodatna-oprema-Lokve-Quality-Windows-100x100.jpg 100w\" sizes=\"auto, (max-width: 350px) 100vw, 350px\" \/>\t\t\t\t\t\t\t\t\t\t\t<\/div>\n\t\t\t<\/a>\t\t<\/div>\n\n\t\t<div class=\"box-text text-center\" style=\"background-color:rgb(255, 255, 255);padding:15px 15px 15px 15px;\">\n\t\t\t<div class=\"box-text-inner\">\n\t\t\t\t\n\n<h4 class=\"uppercase\">KOMARNIKI<\/h4>\n\n<div class=\"is-divider divider clearfix\" style=\"max-width:50px;height:2px;background-color:rgb(128, 195, 66);\"><\/div>\n\n\n\t\t\t<\/div>\n\t\t<\/div>\n\t<\/div>\n\t\n\n\t\t<\/div>\n\t\t\t\t\t<\/div>\n\n\t\n\n<\/div>\n\n\t\t<\/div>\n\n\t\t\n<style>\n#section_2069278014 {\n  padding-top: 100px;\n  padding-bottom: 100px;\n}\n#section_2069278014 .section-bg-overlay {\n  background-color: rgb(242, 242, 242);\n}\n<\/style>\n\t<\/section>\n\t\n\n\n\t<section class=\"section\" id=\"section_1680909411\">\n\t\t<div class=\"section-bg fill\" >\n\t\t\t\t\t\t\t\t\t\n\t\t\t\n\n\t\t<\/div>\n\n\t\t\n\n\t\t<div class=\"section-content relative\">\n\t\t\t\r\n\r\n<div class=\"container section-title-container\" ><h2 class=\"section-title section-title-center\"><b aria-hidden=\"true\"><\/b><span class=\"section-title-main\" >NA\u0160I PROJEKTI<\/span><b aria-hidden=\"true\"><\/b><\/h2><\/div>\r\n\r\n  <div class=\"banner-grid-wrapper\">\n  <div id=\"banner-grid-1833933708\" class=\"banner-grid row row-grid row-xsmall row-full-width\" data-packery-options=\"\">\n                      \r\n\r\n<div class=\"col grid-col large-4 grid-col-1\" ><div class=\"col-inner\">\r\n\r\n\n  <div class=\"banner has-hover bg-overlay-add\" id=\"banner-1736769646\">\n          <div class=\"banner-inner fill\">\n        <div class=\"banner-bg fill\" >\n            <img loading=\"lazy\" decoding=\"async\" width=\"600\" height=\"600\" src=\"https:\/\/www.lokve.com\/wp-content\/uploads\/2019\/09\/BROWN-BEACH-HOUSE-DESIGN-HOTEL-Trogir-Hrvatska.jpg\" class=\"bg attachment-large size-large\" alt=\"\" \/>                        <div class=\"overlay\"><\/div>            \n                    <\/div>\n\t\t\n        <div class=\"banner-layers container\">\n            <a class=\"fill\" href=\"https:\/\/www.lokve.com\/reference\/\"><div class=\"fill banner-link\"><\/div><\/a>            \r\n\r\n   <div id=\"text-box-1194393297\" class=\"text-box banner-layer x5 md-x5 lg-x5 y95 md-y95 lg-y95 res-text\">\n                                <div class=\"text-box-content text dark\">\n              \n              <div class=\"text-inner text-left\">\n                  \r\n<h2>BROWN BEACH HOUSE DESIGN HOTEL<\/h2>\r\n<p class=\"uppercase\"><div class=\"is-divider divider clearfix\" style=\"margin-top:2.0em;margin-bottom:2.0em;max-width:50px;height:5px;background-color:rgb(128, 195, 66);\"><\/div><\/p>\r\n\r\n<h3>Trogir, Hrva\u0161ka<\/h3>\r\n              <\/div>\n           <\/div>\n                            \n<style>\n#text-box-1194393297 {\n  width: 60%;\n}\n#text-box-1194393297 .text-box-content {\n  font-size: 100%;\n}\n@media (min-width:550px) {\n  #text-box-1194393297 {\n    width: 80%;\n  }\n}\n<\/style>\n    <\/div>\n \r\n\r\n        <\/div>\n      <\/div>\n\n            \n<style>\n#banner-1736769646 {\n  padding-top: 400px;\n}\n#banner-1736769646 .overlay {\n  background-color: rgba(0,0,0,.5);\n}\n<\/style>\n  <\/div>\n\n\r\n\r\n<\/div><\/div>\r\n<div class=\"col grid-col large-4 grid-col-1\" ><div class=\"col-inner\">\r\n\r\n\n  <div class=\"banner has-hover bg-overlay-add\" id=\"banner-285276888\">\n          <div class=\"banner-inner fill\">\n        <div class=\"banner-bg fill\" >\n            <img loading=\"lazy\" decoding=\"async\" width=\"600\" height=\"600\" src=\"https:\/\/www.lokve.com\/wp-content\/uploads\/2019\/09\/sealine-villas-mykonos-grcka.jpg\" class=\"bg attachment-large size-large\" alt=\"\" \/>                        <div class=\"overlay\"><\/div>            \n                    <\/div>\n\t\t\n        <div class=\"banner-layers container\">\n            <a class=\"fill\" href=\"https:\/\/www.lokve.com\/reference\/\"><div class=\"fill banner-link\"><\/div><\/a>            \r\n\r\n   <div id=\"text-box-361681966\" class=\"text-box banner-layer x5 md-x5 lg-x5 y95 md-y95 lg-y95 res-text\">\n                                <div class=\"text-box-content text dark\">\n              \n              <div class=\"text-inner text-left\">\n                  \r\n<h2>SEALINE VILLAS<\/h2>\r\n<div class=\"is-divider divider clearfix\" style=\"margin-top:2.0em;margin-bottom:2.0em;max-width:50px;height:5px;background-color:rgb(128, 195, 66);\"><\/div>\r\n<h3>Mykonos, Gr\u010dija<\/h3>\r\n              <\/div>\n           <\/div>\n                            \n<style>\n#text-box-361681966 {\n  width: 60%;\n}\n#text-box-361681966 .text-box-content {\n  font-size: 100%;\n}\n@media (min-width:550px) {\n  #text-box-361681966 {\n    width: 80%;\n  }\n}\n<\/style>\n    <\/div>\n \r\n\r\n        <\/div>\n      <\/div>\n\n            \n<style>\n#banner-285276888 {\n  padding-top: 400px;\n}\n#banner-285276888 .overlay {\n  background-color: rgba(0,0,0,.5);\n}\n<\/style>\n  <\/div>\n\n\r\n\r\n<\/div><\/div>\r\n<div class=\"col grid-col large-4 grid-col-1\" ><div class=\"col-inner\">\r\n\r\n\n  <div class=\"banner has-hover bg-overlay-add\" id=\"banner-31112853\">\n          <div class=\"banner-inner fill\">\n        <div class=\"banner-bg fill\" >\n            <img loading=\"lazy\" decoding=\"async\" width=\"600\" height=\"600\" src=\"https:\/\/www.lokve.com\/wp-content\/uploads\/2019\/09\/hotel-salona-palace-split-hrvatska.jpg\" class=\"bg attachment-large size-large\" alt=\"\" \/>                        <div class=\"overlay\"><\/div>            \n                    <\/div>\n\t\t\n        <div class=\"banner-layers container\">\n            <a class=\"fill\" href=\"https:\/\/www.lokve.com\/reference\/\"><div class=\"fill banner-link\"><\/div><\/a>            \r\n\r\n   <div id=\"text-box-475676177\" class=\"text-box banner-layer x5 md-x5 lg-x5 y95 md-y95 lg-y95 res-text\">\n                                <div class=\"text-box-content text dark\">\n              \n              <div class=\"text-inner text-left\">\n                  \r\n<h2>HOTEL SALONA PALACE<\/h2>\r\n<div class=\"is-divider divider clearfix\" style=\"margin-top:2.0em;margin-bottom:2.0em;max-width:50px;height:5px;background-color:rgb(128, 195, 66);\"><\/div>\r\n<h3>Split, Hrva\u0161ka<\/h3>\r\n              <\/div>\n           <\/div>\n                            \n<style>\n#text-box-475676177 {\n  width: 60%;\n}\n#text-box-475676177 .text-box-content {\n  font-size: 100%;\n}\n@media (min-width:550px) {\n  #text-box-475676177 {\n    width: 80%;\n  }\n}\n<\/style>\n    <\/div>\n \r\n\r\n        <\/div>\n      <\/div>\n\n            \n<style>\n#banner-31112853 {\n  padding-top: 400px;\n}\n#banner-31112853 .overlay {\n  background-color: rgba(0,0,0,.5);\n}\n<\/style>\n  <\/div>\n\n\r\n\r\n<\/div><\/div>\r\n\r\n            <\/div>\n    <style>\n    #banner-grid-1833933708 .grid-col-1{height: 500px}\n    #banner-grid-1833933708 .grid-col-1-2{height: 250px}\n    #banner-grid-1833933708 .grid-col-1-3{height:166.66666666667px}\n    #banner-grid-1833933708 .grid-col-2-3{height: 333.33333333333px}\n    #banner-grid-1833933708 .grid-col-1-4{height: 125px}\n    #banner-grid-1833933708 .grid-col-3-4{height: 375px}\n\n\n    \n    \n\n  <\/style>\n    <\/div>\n  \r\n\r\n\t\t<\/div>\n\n\t\t\n<style>\n#section_1680909411 {\n  padding-top: 60px;\n  padding-bottom: 60px;\n}\n<\/style>\n\t<\/section>\n\t\n\n\n","protected":false},"excerpt":{"rendered":"","protected":false},"author":2,"featured_media":0,"parent":8139,"menu_order":0,"comment_status":"closed","ping_status":"closed","template":"page-blank.php","meta":{"footnotes":""},"class_list":["post-8161","page","type-page","status-publish","hentry"],"_links":{"self":[{"href":"https:\/\/www.lokve.com\/sl\/wp-json\/wp\/v2\/pages\/8161","targetHints":{"allow":["GET"]}}],"collection":[{"href":"https:\/\/www.lokve.com\/sl\/wp-json\/wp\/v2\/pages"}],"about":[{"href":"https:\/\/www.lokve.com\/sl\/wp-json\/wp\/v2\/types\/page"}],"author":[{"embeddable":true,"href":"https:\/\/www.lokve.com\/sl\/wp-json\/wp\/v2\/users\/2"}],"replies":[{"embeddable":true,"href":"https:\/\/www.lokve.com\/sl\/wp-json\/wp\/v2\/comments?post=8161"}],"version-history":[{"count":3,"href":"https:\/\/www.lokve.com\/sl\/wp-json\/wp\/v2\/pages\/8161\/revisions"}],"predecessor-version":[{"id":8167,"href":"https:\/\/www.lokve.com\/sl\/wp-json\/wp\/v2\/pages\/8161\/revisions\/8167"}],"up":[{"embeddable":true,"href":"https:\/\/www.lokve.com\/sl\/wp-json\/wp\/v2\/pages\/8139"}],"wp:attachment":[{"href":"https:\/\/www.lokve.com\/sl\/wp-json\/wp\/v2\/media?parent=8161"}],"curies":[{"name":"wp","href":"https:\/\/api.w.org\/{rel}","templated":true}]}}