{"id":8178,"date":"2019-10-30T08:09:16","date_gmt":"2019-10-30T08:09:16","guid":{"rendered":"https:\/\/www.lokve.com\/dodatna-oprema\/screen-sjenila\/"},"modified":"2023-05-06T15:31:51","modified_gmt":"2023-05-06T13:31:51","slug":"screen-sencila","status":"publish","type":"page","link":"https:\/\/www.lokve.com\/sl\/dodatna-oprema\/screen-sencila\/","title":{"rendered":"Screen sen\u010dila"},"content":{"rendered":"\n\n\t<section class=\"section\" id=\"section_1914465720\">\n\t\t<div class=\"section-bg fill\" >\n\t\t\t\t\t\t\t\t\t\n\t\t\t\n\n\t\t<\/div>\n\n\t\t\n\n\t\t<div class=\"section-content relative\">\n\t\t\t\n\n<div class=\"row row-large align-middle\"  id=\"row-1218462799\">\n\n\n\t<div id=\"col-270252074\" class=\"col medium-6 small-12 large-6\"  >\n\t\t\t\t<div class=\"col-inner text-left\"  >\n\t\t\t\n\t\t\t\n\n<h1 data-line-height=\"xs\">SCREEN SEN\u010cILA<\/h1>\n\n<div class=\"is-divider divider clearfix\" style=\"max-width:50px;height:2px;background-color:rgb(128, 195, 66);\"><\/div>\n\n<p class=\"lead\">IGRA SENC IN POGLED NAVZVEN<\/p>\n<p>Zunanja screen sen\u010dila vas \u0161\u010ditijo pred vro\u010dino in ble\u0161\u010danjem, hkrati pa vam zagotavljajo jasen pogled navzven. Odporna so na vremenske razmere in ne zahtevajo nobenega vzdr\u017eevanja. Odlikuje jih odli\u010dna funkcionalnost, saj nudijo za\u0161\u010dito pred vro\u010dino, a obenem prepu\u0161\u010dajo dovolj naravne svetlobe za udobno bivanje.<\/p>\n\n\n\t\t<\/div>\n\t\t\t\t\t<\/div>\n\n\t\n\n\t<div id=\"col-792312255\" class=\"col medium-6 small-12 large-6\"  >\n\t\t\t\t<div class=\"col-inner text-center\"  >\n\t\t\t\n\t\t\t\n\n\t<div class=\"img has-hover x md-x lg-x y md-y lg-y\" id=\"image_1164636452\">\n\t\t\t\t\t\t\t\t<div class=\"img-inner image-cover dark\" style=\"padding-top:500px;\">\n\t\t\t<img loading=\"lazy\" decoding=\"async\" width=\"500\" height=\"500\" src=\"https:\/\/www.lokve.com\/wp-content\/uploads\/2019\/11\/Screen-sjenila-Roltek-Lokve-Quality-Windows.jpg\" class=\"attachment-original size-original\" alt=\"Screen sjenila Roltek - Lokve Quality Windows\" srcset=\"https:\/\/www.lokve.com\/wp-content\/uploads\/2019\/11\/Screen-sjenila-Roltek-Lokve-Quality-Windows.jpg 500w, https:\/\/www.lokve.com\/wp-content\/uploads\/2019\/11\/Screen-sjenila-Roltek-Lokve-Quality-Windows-150x150.jpg 150w, https:\/\/www.lokve.com\/wp-content\/uploads\/2019\/11\/Screen-sjenila-Roltek-Lokve-Quality-Windows-300x300.jpg 300w, https:\/\/www.lokve.com\/wp-content\/uploads\/2019\/11\/Screen-sjenila-Roltek-Lokve-Quality-Windows-100x100.jpg 100w\" sizes=\"auto, (max-width: 500px) 100vw, 500px\" \/>\t\t\t\t\t\t\n\t\t\t\t\t<\/div>\n\t\t\t\t\t\t\t\t\n<style>\n#image_1164636452 {\n  width: 100%;\n}\n<\/style>\n\t<\/div>\n\t\n\n\n\t\t<\/div>\n\t\t\t\t\t<\/div>\n\n\t\n\n<\/div>\n\n\t\t<\/div>\n\n\t\t\n<style>\n#section_1914465720 {\n  padding-top: 30px;\n  padding-bottom: 30px;\n  min-height: 500px;\n}\n<\/style>\n\t<\/section>\n\t\n\n\t<section class=\"section\" id=\"section_614212787\">\n\t\t<div class=\"section-bg fill\" >\n\t\t\t\t\t\t\t\t\t\n\t\t\t\n\n\t\t<\/div>\n\n\t\t\n\n\t\t<div class=\"section-content relative\">\n\t\t\t\n\n<div class=\"row row-large align-middle\"  id=\"row-1041610151\">\n\n\n\t<div id=\"col-1838625347\" class=\"col medium-6 small-6 large-6\"  >\n\t\t\t\t<div class=\"col-inner\"  >\n\t\t\t\n\t\t\t\n\n\t<div class=\"box has-hover   has-hover box-text-bottom\" >\n\n\t\t<div class=\"box-image\" >\n\t\t\t\t\t\t<div class=\"\" >\n\t\t\t\t<img loading=\"lazy\" decoding=\"async\" width=\"500\" height=\"500\" src=\"https:\/\/www.lokve.com\/wp-content\/uploads\/2019\/11\/Screen-sjenila-ZIPSCREEN-2-Lokve-Quality-Windows.jpg\" class=\"attachment-original size-original\" alt=\"\" srcset=\"https:\/\/www.lokve.com\/wp-content\/uploads\/2019\/11\/Screen-sjenila-ZIPSCREEN-2-Lokve-Quality-Windows.jpg 500w, https:\/\/www.lokve.com\/wp-content\/uploads\/2019\/11\/Screen-sjenila-ZIPSCREEN-2-Lokve-Quality-Windows-150x150.jpg 150w, https:\/\/www.lokve.com\/wp-content\/uploads\/2019\/11\/Screen-sjenila-ZIPSCREEN-2-Lokve-Quality-Windows-300x300.jpg 300w, https:\/\/www.lokve.com\/wp-content\/uploads\/2019\/11\/Screen-sjenila-ZIPSCREEN-2-Lokve-Quality-Windows-100x100.jpg 100w\" sizes=\"auto, (max-width: 500px) 100vw, 500px\" \/>\t\t\t\t\t\t\t\t\t\t\t<\/div>\n\t\t\t\t\t<\/div>\n\n\t\t<div class=\"box-text text-center\" >\n\t\t\t<div class=\"box-text-inner\">\n\t\t\t\t\n\n\n\t\t\t<\/div>\n\t\t<\/div>\n\t<\/div>\n\t\n\n\t\t<\/div>\n\t\t\t\t\t<\/div>\n\n\t\n\n\t<div id=\"col-1782128225\" class=\"col medium-6 small-6 large-6\"  >\n\t\t\t\t<div class=\"col-inner\"  >\n\t\t\t\n\t\t\t\n\n<h2 data-line-height=\"xs\">ZIPSCREEN.2<\/h2>\n<div class=\"is-divider divider clearfix\" style=\"max-width:50px;height:2px;background-color:rgb(128, 195, 66);\"><\/div>\n\n<p>Zunanje screen sen\u010dilo se namesti v predokensko omarico. Omarica je lahko vidna ali skrita\/podometna. Omogo\u010da delno osvetlitev in prepre\u010duje segrevanje prostora.<\/p>\n<p>Zahvaljujo\u010d prozornim tkaninam lahko nenehno kombinirate svetlobo in hlad. Zaradi upravljanja, ki je serijsko na motorni pogon, nudijo maksimalno udobje.<\/p>\n<p>Velike dimenzije tudi pri mo\u010dnem vetru s hitrostjo 120 km\/h. Najve\u010dja povr\u0161ina je 18 m2, \u0161irina in vi\u0161ina pa ne smeta presegati 6 m.<\/p>\n\n\n\t\t<\/div>\n\t\t\t\t\t<\/div>\n\n\t\n\n<\/div>\n\n\t\t<\/div>\n\n\t\t\n<style>\n#section_614212787 {\n  padding-top: 100px;\n  padding-bottom: 100px;\n}\n<\/style>\n\t<\/section>\n\t\n\n\t<section class=\"section\" id=\"section_417875039\">\n\t\t<div class=\"section-bg fill\" >\n\t\t\t\t\t\t\t\t\t<div class=\"section-bg-overlay absolute fill\"><\/div>\n\t\t\t\n\n\t\t<\/div>\n\n\t\t\n\n\t\t<div class=\"section-content relative\">\n\t\t\t\n\n<div class=\"row\"  id=\"row-379587299\">\n\n\n\t<div id=\"col-587122714\" class=\"col small-12 large-12\"  >\n\t\t\t\t<div class=\"col-inner text-center\"  >\n\t\t\t\n\t\t\t\n\n<h2>DODATNA OPREMA<\/h2>\n<div class=\"is-divider divider clearfix\" style=\"max-width:50px;height:2px;background-color:rgb(128, 195, 66);\"><\/div>\n\n\n\t\t<\/div>\n\t\t\t\t\t<\/div>\n\n\t\n\n\t<div id=\"col-1382194655\" class=\"col medium-3 small-6 large-3\"  >\n\t\t\t\t<div class=\"col-inner\"  >\n\t\t\t\n\t\t\t\n\n\t<div class=\"box has-hover   has-hover box-default box-text-bottom\" >\n\n\t\t<div class=\"box-image\" >\n\t\t\t<a href=\"https:\/\/lokve.com\/dodatna-oprema\/rolete\/\" target=\"_blank\" rel=\"noopener\">\t\t\t<div class=\"image-fade-out\" >\n\t\t\t\t<img loading=\"lazy\" decoding=\"async\" width=\"350\" height=\"350\" src=\"https:\/\/www.lokve.com\/wp-content\/uploads\/2019\/10\/rolete-dodatna-oprema-Lokve-Quality-Windows.jpg\" class=\"attachment-original size-original\" alt=\"Rolete dodatna oprema - Lokve Quality Windows\" srcset=\"https:\/\/www.lokve.com\/wp-content\/uploads\/2019\/10\/rolete-dodatna-oprema-Lokve-Quality-Windows.jpg 350w, https:\/\/www.lokve.com\/wp-content\/uploads\/2019\/10\/rolete-dodatna-oprema-Lokve-Quality-Windows-150x150.jpg 150w, https:\/\/www.lokve.com\/wp-content\/uploads\/2019\/10\/rolete-dodatna-oprema-Lokve-Quality-Windows-300x300.jpg 300w, https:\/\/www.lokve.com\/wp-content\/uploads\/2019\/10\/rolete-dodatna-oprema-Lokve-Quality-Windows-100x100.jpg 100w\" sizes=\"auto, (max-width: 350px) 100vw, 350px\" \/>\t\t\t\t\t\t\t\t\t\t\t<\/div>\n\t\t\t<\/a>\t\t<\/div>\n\n\t\t<div class=\"box-text text-center\" style=\"background-color:rgb(255, 255, 255);padding:15px 15px 15px 15px;\">\n\t\t\t<div class=\"box-text-inner\">\n\t\t\t\t\n\n<h4 class=\"uppercase\">Rolete<\/h4>\n<div class=\"is-divider divider clearfix\" style=\"max-width:50px;height:2px;background-color:rgb(128, 195, 66);\"><\/div>\n\n\n\t\t\t<\/div>\n\t\t<\/div>\n\t<\/div>\n\t\n\n\t\t<\/div>\n\t\t\t\t\t<\/div>\n\n\t\n\n\t<div id=\"col-877549439\" class=\"col medium-3 small-6 large-3\"  >\n\t\t\t\t<div class=\"col-inner\"  >\n\t\t\t\n\t\t\t\n\n\t<div class=\"box has-hover   has-hover box-default box-text-bottom\" >\n\n\t\t<div class=\"box-image\" >\n\t\t\t<a href=\"https:\/\/lokve.com\/dodatna-oprema\/poluolive\/\" target=\"_blank\" rel=\"noopener\">\t\t\t<div class=\"image-fade-out\" >\n\t\t\t\t<img loading=\"lazy\" decoding=\"async\" width=\"350\" height=\"350\" src=\"https:\/\/www.lokve.com\/wp-content\/uploads\/2019\/10\/kvake-za-prozore-dodatna-oprema-Lokve-Quality-Windows.jpg\" class=\"attachment-original size-original\" alt=\"Kvake za prozore dodatna-oprema - Lokve Quality Windows\" srcset=\"https:\/\/www.lokve.com\/wp-content\/uploads\/2019\/10\/kvake-za-prozore-dodatna-oprema-Lokve-Quality-Windows.jpg 350w, https:\/\/www.lokve.com\/wp-content\/uploads\/2019\/10\/kvake-za-prozore-dodatna-oprema-Lokve-Quality-Windows-150x150.jpg 150w, https:\/\/www.lokve.com\/wp-content\/uploads\/2019\/10\/kvake-za-prozore-dodatna-oprema-Lokve-Quality-Windows-300x300.jpg 300w, https:\/\/www.lokve.com\/wp-content\/uploads\/2019\/10\/kvake-za-prozore-dodatna-oprema-Lokve-Quality-Windows-100x100.jpg 100w\" sizes=\"auto, (max-width: 350px) 100vw, 350px\" \/>\t\t\t\t\t\t\t\t\t\t\t<\/div>\n\t\t\t<\/a>\t\t<\/div>\n\n\t\t<div class=\"box-text text-center\" style=\"background-color:rgb(255, 255, 255);padding:15px 15px 15px 15px;\">\n\t\t\t<div class=\"box-text-inner\">\n\t\t\t\t\n\n<h4 class=\"uppercase\">Kljuke<\/h4>\n\n<div class=\"is-divider divider clearfix\" style=\"max-width:50px;height:2px;background-color:rgb(128, 195, 66);\"><\/div>\n\n\n\t\t\t<\/div>\n\t\t<\/div>\n\t<\/div>\n\t\n\n\t\t<\/div>\n\t\t\t\t\t<\/div>\n\n\t\n\n\t<div id=\"col-69666483\" class=\"col medium-3 small-6 large-3\"  >\n\t\t\t\t<div class=\"col-inner\"  >\n\t\t\t\n\t\t\t\n\n\t<div class=\"box has-hover   has-hover box-text-bottom\" >\n\n\t\t<div class=\"box-image\" >\n\t\t\t<a href=\"https:\/\/lokve.com\/dodatna-oprema\/vanjske-zaluzine\/\" target=\"_blank\" rel=\"noopener\">\t\t\t<div class=\"image-fade-out\" >\n\t\t\t\t<img loading=\"lazy\" decoding=\"async\" width=\"350\" height=\"350\" src=\"https:\/\/www.lokve.com\/wp-content\/uploads\/2019\/10\/vanjske-zaluzine-dodatna-oprema-Lokve-Quality-Windows.jpg\" class=\"attachment- size-\" alt=\"Vanjske \u017ealuzine za prozore dodatna oprema - Lokve Quality Windows\" srcset=\"https:\/\/www.lokve.com\/wp-content\/uploads\/2019\/10\/vanjske-zaluzine-dodatna-oprema-Lokve-Quality-Windows.jpg 350w, https:\/\/www.lokve.com\/wp-content\/uploads\/2019\/10\/vanjske-zaluzine-dodatna-oprema-Lokve-Quality-Windows-150x150.jpg 150w, https:\/\/www.lokve.com\/wp-content\/uploads\/2019\/10\/vanjske-zaluzine-dodatna-oprema-Lokve-Quality-Windows-300x300.jpg 300w, https:\/\/www.lokve.com\/wp-content\/uploads\/2019\/10\/vanjske-zaluzine-dodatna-oprema-Lokve-Quality-Windows-100x100.jpg 100w\" sizes=\"auto, (max-width: 350px) 100vw, 350px\" \/>\t\t\t\t\t\t\t\t\t\t\t<\/div>\n\t\t\t<\/a>\t\t<\/div>\n\n\t\t<div class=\"box-text text-center\" style=\"background-color:rgb(255, 255, 255);padding:15px 15px 15px 15px;\">\n\t\t\t<div class=\"box-text-inner\">\n\t\t\t\t\n\n<h4 class=\"uppercase\">\u017daluzije<\/h4>\n\n<div class=\"is-divider divider clearfix\" style=\"max-width:50px;height:2px;background-color:rgb(128, 195, 66);\"><\/div>\n\n\n\t\t\t<\/div>\n\t\t<\/div>\n\t<\/div>\n\t\n\n\t\t<\/div>\n\t\t\t\t\t<\/div>\n\n\t\n\n\t<div id=\"col-563817611\" class=\"col medium-3 small-6 large-3\"  >\n\t\t\t\t<div class=\"col-inner\"  >\n\t\t\t\n\t\t\t\n\n\t<div class=\"box has-hover   has-hover box-text-bottom\" >\n\n\t\t<div class=\"box-image\" >\n\t\t\t<a href=\"https:\/\/lokve.com\/dodatna-oprema\/komarnici\/\" target=\"_blank\" rel=\"noopener\">\t\t\t<div class=\"image-fade-out\" >\n\t\t\t\t<img loading=\"lazy\" decoding=\"async\" width=\"350\" height=\"350\" src=\"https:\/\/www.lokve.com\/wp-content\/uploads\/2019\/10\/komarnici-dodatna-oprema-Lokve-Quality-Windows.jpg\" class=\"attachment- size-\" alt=\"Komarnici dodatna oprema - Lokve Quality Windows\" srcset=\"https:\/\/www.lokve.com\/wp-content\/uploads\/2019\/10\/komarnici-dodatna-oprema-Lokve-Quality-Windows.jpg 350w, https:\/\/www.lokve.com\/wp-content\/uploads\/2019\/10\/komarnici-dodatna-oprema-Lokve-Quality-Windows-150x150.jpg 150w, https:\/\/www.lokve.com\/wp-content\/uploads\/2019\/10\/komarnici-dodatna-oprema-Lokve-Quality-Windows-300x300.jpg 300w, https:\/\/www.lokve.com\/wp-content\/uploads\/2019\/10\/komarnici-dodatna-oprema-Lokve-Quality-Windows-100x100.jpg 100w\" sizes=\"auto, (max-width: 350px) 100vw, 350px\" \/>\t\t\t\t\t\t\t\t\t\t\t<\/div>\n\t\t\t<\/a>\t\t<\/div>\n\n\t\t<div class=\"box-text text-center\" style=\"background-color:rgb(255, 255, 255);padding:15px 15px 15px 15px;\">\n\t\t\t<div class=\"box-text-inner\">\n\t\t\t\t\n\n<h4 class=\"uppercase\">KOMARNIKI<\/h4>\n\n<div class=\"is-divider divider clearfix\" style=\"max-width:50px;height:2px;background-color:rgb(128, 195, 66);\"><\/div>\n\n\n\t\t\t<\/div>\n\t\t<\/div>\n\t<\/div>\n\t\n\n\t\t<\/div>\n\t\t\t\t\t<\/div>\n\n\t\n\n<\/div>\n\n\t\t<\/div>\n\n\t\t\n<style>\n#section_417875039 {\n  padding-top: 100px;\n  padding-bottom: 100px;\n}\n#section_417875039 .section-bg-overlay {\n  background-color: rgb(242, 242, 242);\n}\n<\/style>\n\t<\/section>\n\t\n\n\n\t<section class=\"section\" id=\"section_425063536\">\n\t\t<div class=\"section-bg fill\" >\n\t\t\t\t\t\t\t\t\t\n\t\t\t\n\n\t\t<\/div>\n\n\t\t\n\n\t\t<div class=\"section-content relative\">\n\t\t\t\n\n<div class=\"row\"  id=\"row-358237823\">\n\n\n\t<div id=\"col-666498012\" class=\"col small-12 large-12\"  >\n\t\t\t\t<div class=\"col-inner\"  >\n\t\t\t\n\t\t\t\n\n<h2 class=\"uppercase\" style=\"text-align: center;\">Prednosti SCREEN SEN\u010cIL<\/h2>\n\n<div class=\"text-center\"><div class=\"is-divider divider clearfix\" style=\"max-width:50px;height:2px;background-color:rgb(128, 195, 66);\"><\/div><\/div>\n\n\n\t\t<\/div>\n\t\t\t\t\t<\/div>\n\n\t\n\n<\/div>\n<div class=\"row align-center\"  id=\"row-1683301158\">\n\n\n\t<div id=\"col-2086387921\" class=\"col medium-4 small-12 large-4\"  >\n\t\t\t\t<div class=\"col-inner\"  >\n\t\t\t\n\t\t\t\n\n\n\t\t<div class=\"icon-box featured-box icon-box-center text-center\"  >\n\t\t\t\t\t<div class=\"icon-box-img\" style=\"width: 100px\">\n\t\t\t\t<div class=\"icon\">\n\t\t\t\t\t<div class=\"icon-inner\" >\n\t\t\t\t\t\t<img loading=\"lazy\" decoding=\"async\" width=\"100\" height=\"100\" src=\"https:\/\/www.lokve.com\/wp-content\/uploads\/2019\/09\/quality.svg\" class=\"attachment-medium size-medium\" alt=\"\" \/>\t\t\t\t\t<\/div>\n\t\t\t\t<\/div>\n\t\t\t<\/div>\n\t\t\t\t<div class=\"icon-box-text last-reset\">\n\t\t\t<h5 class=\"uppercase\">CERTIFICIRANI IZDELKI<\/h5>\t\t\t\t\t\t\n\n<p>Mednarodni certifikati potrjujejo visoko kakovost izdelka<\/p>\n\n\n\t\t<\/div>\n\t<\/div>\n\t\n\t\n\n\t\t<\/div>\n\t\t\t\t\t<\/div>\n\n\t\n\n\t<div id=\"col-1155902875\" class=\"col medium-4 small-12 large-4\"  >\n\t\t\t\t<div class=\"col-inner\"  >\n\t\t\t\n\t\t\t\n\n\n\t\t<div class=\"icon-box featured-box icon-box-center text-center\"  >\n\t\t\t\t\t<div class=\"icon-box-img\" style=\"width: 100px\">\n\t\t\t\t<div class=\"icon\">\n\t\t\t\t\t<div class=\"icon-inner\" >\n\t\t\t\t\t\t<img loading=\"lazy\" decoding=\"async\" width=\"100\" height=\"100\" src=\"https:\/\/www.lokve.com\/wp-content\/uploads\/2019\/11\/proizvodnja-roleta-po-mjeri-Lokve-Quality-Windows.svg\" class=\"attachment-medium size-medium\" alt=\"Proizvodnja roleta po mjeri - Lokve Quality Windows\" \/>\t\t\t\t\t<\/div>\n\t\t\t\t<\/div>\n\t\t\t<\/div>\n\t\t\t\t<div class=\"icon-box-text last-reset\">\n\t\t\t<h5 class=\"uppercase\">IZDELAVA PO MERI<\/h5>\t\t\t\t\t\t\n\n<p>Individualna izdelava v velikosti in barvi po va\u0161i izbiri<\/p>\n\n\n\t\t<\/div>\n\t<\/div>\n\t\n\t\n\n\t\t<\/div>\n\t\t\t\t\t<\/div>\n\n\t\n\n\t<div id=\"col-2041362197\" class=\"col medium-4 small-12 large-4\"  >\n\t\t\t\t<div class=\"col-inner\"  >\n\t\t\t\n\t\t\t\n\n\n\t\t<div class=\"icon-box featured-box icon-box-center text-center\"  >\n\t\t\t\t\t<div class=\"icon-box-img\" style=\"width: 100px\">\n\t\t\t\t<div class=\"icon\">\n\t\t\t\t\t<div class=\"icon-inner\" >\n\t\t\t\t\t\t<img loading=\"lazy\" decoding=\"async\" width=\"105\" height=\"100\" src=\"https:\/\/www.lokve.com\/wp-content\/uploads\/2019\/11\/vremenski-utjecaj-na-rolete-Lokve-Quality-Windows.svg\" class=\"attachment-medium size-medium\" alt=\"Za\u0161tita od vremenskih utjecaja sa roletama - Lokve Quality Windows\" \/>\t\t\t\t\t<\/div>\n\t\t\t\t<\/div>\n\t\t\t<\/div>\n\t\t\t\t<div class=\"icon-box-text last-reset\">\n\t\t\t<h5 class=\"uppercase\">ZA\u0160\u010cITA PRED VREMENSKIMI VPLIVI<\/h5>\t\t\t\t\t\t\n\n<p>Za\u0161\u010dita pred vro\u010dino in ble\u0161\u010danjem<\/p>\n\n\n\t\t<\/div>\n\t<\/div>\n\t\n\t\n\n\t\t<\/div>\n\t\t\t\t\t<\/div>\n\n\t\n\n\n<style>\n#row-1683301158 > .col > .col-inner {\n  padding: 50px 0px 50px 0px;\n}\n<\/style>\n<\/div>\n\n\t\t<\/div>\n\n\t\t\n<style>\n#section_425063536 {\n  padding-top: 100px;\n  padding-bottom: 100px;\n  background-color: rgba(99, 100, 102, 0.1);\n}\n<\/style>\n\t<\/section>\n\t\n\n\t<section class=\"section\" id=\"section_1827161972\">\n\t\t<div class=\"section-bg fill\" >\n\t\t\t\t\t\t\t\t\t\n\t\t\t\n\n\t\t<\/div>\n\n\t\t\n\n\t\t<div class=\"section-content relative\">\n\t\t\t\r\n\r\n<div class=\"container section-title-container\" ><h2 class=\"section-title section-title-center\"><b aria-hidden=\"true\"><\/b><span class=\"section-title-main\" >NA\u0160I PROJEKTI<\/span><b aria-hidden=\"true\"><\/b><\/h2><\/div>\r\n\r\n  <div class=\"banner-grid-wrapper\">\n  <div id=\"banner-grid-554079445\" class=\"banner-grid row row-grid row-xsmall row-full-width\" data-packery-options=\"\">\n                      \r\n\r\n<div class=\"col grid-col large-4 grid-col-1\" ><div class=\"col-inner\">\r\n\r\n\n  <div class=\"banner has-hover bg-overlay-add\" id=\"banner-1711713510\">\n          <div class=\"banner-inner fill\">\n        <div class=\"banner-bg fill\" >\n            <img loading=\"lazy\" decoding=\"async\" width=\"600\" height=\"600\" src=\"https:\/\/www.lokve.com\/wp-content\/uploads\/2019\/09\/BROWN-BEACH-HOUSE-DESIGN-HOTEL-Trogir-Hrvatska.jpg\" class=\"bg attachment-large size-large\" alt=\"\" \/>                        <div class=\"overlay\"><\/div>            \n                    <\/div>\n\t\t\n        <div class=\"banner-layers container\">\n            <a class=\"fill\" href=\"https:\/\/www.lokve.com\/reference\/\"><div class=\"fill banner-link\"><\/div><\/a>            \r\n\r\n   <div id=\"text-box-1197221543\" class=\"text-box banner-layer x5 md-x5 lg-x5 y95 md-y95 lg-y95 res-text\">\n                                <div class=\"text-box-content text dark\">\n              \n              <div class=\"text-inner text-left\">\n                  \r\n<h2>BROWN BEACH HOUSE DESIGN HOTEL<\/h2>\r\n<p class=\"uppercase\"><div class=\"is-divider divider clearfix\" style=\"margin-top:2.0em;margin-bottom:2.0em;max-width:50px;height:5px;background-color:rgb(128, 195, 66);\"><\/div><\/p>\r\n\r\n<h3>Trogir, Hrva\u0161ka<\/h3>\r\n              <\/div>\n           <\/div>\n                            \n<style>\n#text-box-1197221543 {\n  width: 60%;\n}\n#text-box-1197221543 .text-box-content {\n  font-size: 100%;\n}\n@media (min-width:550px) {\n  #text-box-1197221543 {\n    width: 80%;\n  }\n}\n<\/style>\n    <\/div>\n \r\n\r\n        <\/div>\n      <\/div>\n\n            \n<style>\n#banner-1711713510 {\n  padding-top: 400px;\n}\n#banner-1711713510 .overlay {\n  background-color: rgba(0,0,0,.5);\n}\n<\/style>\n  <\/div>\n\n\r\n\r\n<\/div><\/div>\r\n<div class=\"col grid-col large-4 grid-col-1\" ><div class=\"col-inner\">\r\n\r\n\n  <div class=\"banner has-hover bg-overlay-add\" id=\"banner-898423624\">\n          <div class=\"banner-inner fill\">\n        <div class=\"banner-bg fill\" >\n            <img loading=\"lazy\" decoding=\"async\" width=\"600\" height=\"600\" src=\"https:\/\/www.lokve.com\/wp-content\/uploads\/2019\/09\/sealine-villas-mykonos-grcka.jpg\" class=\"bg attachment-large size-large\" alt=\"\" \/>                        <div class=\"overlay\"><\/div>            \n                    <\/div>\n\t\t\n        <div class=\"banner-layers container\">\n            <a class=\"fill\" href=\"https:\/\/www.lokve.com\/reference\/\"><div class=\"fill banner-link\"><\/div><\/a>            \r\n\r\n   <div id=\"text-box-484738232\" class=\"text-box banner-layer x5 md-x5 lg-x5 y95 md-y95 lg-y95 res-text\">\n                                <div class=\"text-box-content text dark\">\n              \n              <div class=\"text-inner text-left\">\n                  \r\n<h2>SEALINE VILLAS<\/h2>\r\n<div class=\"is-divider divider clearfix\" style=\"margin-top:2.0em;margin-bottom:2.0em;max-width:50px;height:5px;background-color:rgb(128, 195, 66);\"><\/div>\r\n<h3>Mykonos, Gr\u010dija<\/h3>\r\n              <\/div>\n           <\/div>\n                            \n<style>\n#text-box-484738232 {\n  width: 60%;\n}\n#text-box-484738232 .text-box-content {\n  font-size: 100%;\n}\n@media (min-width:550px) {\n  #text-box-484738232 {\n    width: 80%;\n  }\n}\n<\/style>\n    <\/div>\n \r\n\r\n        <\/div>\n      <\/div>\n\n            \n<style>\n#banner-898423624 {\n  padding-top: 400px;\n}\n#banner-898423624 .overlay {\n  background-color: rgba(0,0,0,.5);\n}\n<\/style>\n  <\/div>\n\n\r\n\r\n<\/div><\/div>\r\n<div class=\"col grid-col large-4 grid-col-1\" ><div class=\"col-inner\">\r\n\r\n\n  <div class=\"banner has-hover bg-overlay-add\" id=\"banner-924468929\">\n          <div class=\"banner-inner fill\">\n        <div class=\"banner-bg fill\" >\n            <img loading=\"lazy\" decoding=\"async\" width=\"600\" height=\"600\" src=\"https:\/\/www.lokve.com\/wp-content\/uploads\/2019\/09\/hotel-salona-palace-split-hrvatska.jpg\" class=\"bg attachment-large size-large\" alt=\"\" \/>                        <div class=\"overlay\"><\/div>            \n                    <\/div>\n\t\t\n        <div class=\"banner-layers container\">\n            <a class=\"fill\" href=\"https:\/\/www.lokve.com\/reference\/\"><div class=\"fill banner-link\"><\/div><\/a>            \r\n\r\n   <div id=\"text-box-832393350\" class=\"text-box banner-layer x5 md-x5 lg-x5 y95 md-y95 lg-y95 res-text\">\n                                <div class=\"text-box-content text dark\">\n              \n              <div class=\"text-inner text-left\">\n                  \r\n<h2>HOTEL SALONA PALACE<\/h2>\r\n<div class=\"is-divider divider clearfix\" style=\"margin-top:2.0em;margin-bottom:2.0em;max-width:50px;height:5px;background-color:rgb(128, 195, 66);\"><\/div>\r\n<h3>Split, Hrva\u0161ka<\/h3>\r\n              <\/div>\n           <\/div>\n                            \n<style>\n#text-box-832393350 {\n  width: 60%;\n}\n#text-box-832393350 .text-box-content {\n  font-size: 100%;\n}\n@media (min-width:550px) {\n  #text-box-832393350 {\n    width: 80%;\n  }\n}\n<\/style>\n    <\/div>\n \r\n\r\n        <\/div>\n      <\/div>\n\n            \n<style>\n#banner-924468929 {\n  padding-top: 400px;\n}\n#banner-924468929 .overlay {\n  background-color: rgba(0,0,0,.5);\n}\n<\/style>\n  <\/div>\n\n\r\n\r\n<\/div><\/div>\r\n\r\n            <\/div>\n    <style>\n    #banner-grid-554079445 .grid-col-1{height: 500px}\n    #banner-grid-554079445 .grid-col-1-2{height: 250px}\n    #banner-grid-554079445 .grid-col-1-3{height:166.66666666667px}\n    #banner-grid-554079445 .grid-col-2-3{height: 333.33333333333px}\n    #banner-grid-554079445 .grid-col-1-4{height: 125px}\n    #banner-grid-554079445 .grid-col-3-4{height: 375px}\n\n\n    \n    \n\n  <\/style>\n    <\/div>\n  \r\n\r\n\t\t<\/div>\n\n\t\t\n<style>\n#section_1827161972 {\n  padding-top: 60px;\n  padding-bottom: 60px;\n}\n<\/style>\n\t<\/section>\n\t\n\n\n","protected":false},"excerpt":{"rendered":"","protected":false},"author":2,"featured_media":0,"parent":8139,"menu_order":0,"comment_status":"closed","ping_status":"closed","template":"page-blank.php","meta":{"footnotes":""},"class_list":["post-8178","page","type-page","status-publish","hentry"],"_links":{"self":[{"href":"https:\/\/www.lokve.com\/sl\/wp-json\/wp\/v2\/pages\/8178","targetHints":{"allow":["GET"]}}],"collection":[{"href":"https:\/\/www.lokve.com\/sl\/wp-json\/wp\/v2\/pages"}],"about":[{"href":"https:\/\/www.lokve.com\/sl\/wp-json\/wp\/v2\/types\/page"}],"author":[{"embeddable":true,"href":"https:\/\/www.lokve.com\/sl\/wp-json\/wp\/v2\/users\/2"}],"replies":[{"embeddable":true,"href":"https:\/\/www.lokve.com\/sl\/wp-json\/wp\/v2\/comments?post=8178"}],"version-history":[{"count":2,"href":"https:\/\/www.lokve.com\/sl\/wp-json\/wp\/v2\/pages\/8178\/revisions"}],"predecessor-version":[{"id":8180,"href":"https:\/\/www.lokve.com\/sl\/wp-json\/wp\/v2\/pages\/8178\/revisions\/8180"}],"up":[{"embeddable":true,"href":"https:\/\/www.lokve.com\/sl\/wp-json\/wp\/v2\/pages\/8139"}],"wp:attachment":[{"href":"https:\/\/www.lokve.com\/sl\/wp-json\/wp\/v2\/media?parent=8178"}],"curies":[{"name":"wp","href":"https:\/\/api.w.org\/{rel}","templated":true}]}}