{"id":8181,"date":"2019-10-16T12:41:32","date_gmt":"2019-10-16T12:41:32","guid":{"rendered":"https:\/\/www.lokve.com\/dodatna-oprema\/drvo\/"},"modified":"2023-05-06T15:33:42","modified_gmt":"2023-05-06T13:33:42","slug":"les","status":"publish","type":"page","link":"https:\/\/www.lokve.com\/sl\/dodatna-oprema\/les\/","title":{"rendered":"Les"},"content":{"rendered":"\n\n\t<section class=\"section\" id=\"section_1868212965\">\n\t\t<div class=\"section-bg fill\" >\n\t\t\t\t\t\t\t\t\t\n\t\t\t\n\n\t\t<\/div>\n\n\t\t\n\n\t\t<div class=\"section-content relative\">\n\t\t\t\n\n<div class=\"row\"  id=\"row-535043722\">\n\n\n\t<div id=\"col-405993000\" class=\"col medium-6 small-12 large-6\"  >\n\t\t\t\t<div class=\"col-inner text-left\"  >\n\t\t\t\n\t\t\t\n\n<h1>LES<\/h1>\n\n<div class=\"is-divider divider clearfix\" style=\"max-width:50px;height:2px;background-color:rgb(128, 195, 66);\"><\/div>\n\n<p class=\"lead\">Ker \u017eelimo zagotoviti, da so na\u0161a okna in ostali izdelki najvi\u0161je kakovosti, uporabljamo visokokakovostne materiale in orodja, s katerimi je mogo\u010de ustrezno obdelati surovine in jih spremeniti v izdelke, katerim kupci \u017ee vrsto let priznavajo kakovost.<\/p>\n<p>V podjetju Lokve d.o.o. obvladujemo celoten proizvodni proces od obdelave hlodovine v \u017eagi do izdelave kon\u010dnega izdelka. V proizvodnem procesu uporabljamo visokokakovosten les s certifikatom FSC\u00ae in najsodobnej\u0161e CNC stroje. Pri izdelavi oken uporabljamo prvovrstne troslojno in \u0161tirislojno lepljene profile debeline 68 in 92 mm iz lesa jelke\/smreke, macesna in hrasta. Zahvaljujo\u010d stoletnim izku\u0161njam pri izdelavi lesenega in lesno-aluminijastega stavbnega pohi\u0161tva smo ustvarili izdelke, ki so konkuren\u010dni in priznani pri na\u0161ih partnerjih in kupcih po vsem svetu.<\/p>\n\n\n\t\t<\/div>\n\t\t\t\t\t<\/div>\n\n\t\n\n\t<div id=\"col-239734705\" class=\"col medium-6 small-12 large-6\"  >\n\t\t\t\t<div class=\"col-inner text-center\"  >\n\t\t\t\n\t\t\t\n\n\t<div class=\"img has-hover x md-x lg-x y md-y lg-y\" id=\"image_868189985\">\n\t\t\t\t\t\t\t\t<div class=\"img-inner dark\" >\n\t\t\t<img loading=\"lazy\" decoding=\"async\" width=\"500\" height=\"500\" src=\"https:\/\/www.lokve.com\/wp-content\/uploads\/2019\/11\/Kombinacija-lameliranog-drva-smreka-aris-hrast-lokve-Quality-Windows.jpg\" class=\"attachment-original size-original\" alt=\"Kombinacija lameliranog drva smreka, ari\u0161 ili hrast - lokve Quality Windows\" srcset=\"https:\/\/www.lokve.com\/wp-content\/uploads\/2019\/11\/Kombinacija-lameliranog-drva-smreka-aris-hrast-lokve-Quality-Windows.jpg 500w, https:\/\/www.lokve.com\/wp-content\/uploads\/2019\/11\/Kombinacija-lameliranog-drva-smreka-aris-hrast-lokve-Quality-Windows-150x150.jpg 150w, https:\/\/www.lokve.com\/wp-content\/uploads\/2019\/11\/Kombinacija-lameliranog-drva-smreka-aris-hrast-lokve-Quality-Windows-300x300.jpg 300w, https:\/\/www.lokve.com\/wp-content\/uploads\/2019\/11\/Kombinacija-lameliranog-drva-smreka-aris-hrast-lokve-Quality-Windows-100x100.jpg 100w\" sizes=\"auto, (max-width: 500px) 100vw, 500px\" \/>\t\t\t\t\t\t\n\t\t\t\t\t<\/div>\n\t\t\t\t\t\t\t\t\n<style>\n#image_868189985 {\n  width: 100%;\n}\n<\/style>\n\t<\/div>\n\t\n\n\n\t\t<\/div>\n\t\t\t\t\t<\/div>\n\n\t\n\n<\/div>\n\n\t\t<\/div>\n\n\t\t\n<style>\n#section_1868212965 {\n  padding-top: 30px;\n  padding-bottom: 30px;\n  min-height: 500px;\n}\n<\/style>\n\t<\/section>\n\t\n\n\t<section class=\"section\" id=\"section_1898946499\">\n\t\t<div class=\"section-bg fill\" >\n\t\t\t\t\t\t\t\t\t\n\t\t\t\n\n\t\t<\/div>\n\n\t\t\n\n\t\t<div class=\"section-content relative\">\n\t\t\t\n\n<div class=\"row row-large row-full-width align-middle\"  id=\"row-1912294391\">\n\n\n\t<div id=\"col-1642480832\" class=\"col medium-6 small-12 large-6\"  >\n\t\t\t\t<div class=\"col-inner\"  >\n\t\t\t\n\t\t\t\n\n\n  <div class=\"banner has-hover has-parallax\" id=\"banner-1987897926\">\n          <div class=\"banner-inner fill\">\n        <div class=\"banner-bg fill\" data-parallax=\"-5\" data-parallax-container=\".banner\" data-parallax-background>\n            <img loading=\"lazy\" decoding=\"async\" width=\"1280\" height=\"746\" src=\"https:\/\/www.lokve.com\/wp-content\/uploads\/2019\/09\/partners.jpg\" class=\"bg attachment-original size-original\" alt=\"\" \/>                                    \n                    <\/div>\n\t\t\n        <div class=\"banner-layers container\">\n            <div class=\"fill banner-link\"><\/div>            \n\n\n        <\/div>\n      <\/div>\n\n            \n<style>\n#banner-1987897926 {\n  padding-top: 500px;\n}\n<\/style>\n  <\/div>\n\n\n\n\t\t<\/div>\n\t\t\t\t\t<\/div>\n\n\t\n\n\t<div id=\"col-1129745304\" class=\"col medium-6 small-12 large-6\"  >\n\t\t\t\t<div class=\"col-inner\"  >\n\t\t\t\n\t\t\t\n\n<h2>POSTANITE <span style=\"font-size: 100%;\" data-line-height=\"xs\" data-text-color=\"primary\">PARTNER<\/span><br \/>PODJETJA LOKVE<\/h2>\n\n<div class=\"is-divider divider clearfix\" style=\"max-width:50px;height:2px;background-color:rgb(128, 195, 66);\"><\/div>\n\n<p id=\"tw-target-text\" class=\"tw-data-text tw-text-large XcVN5d tw-ta\" dir=\"ltr\" data-placeholder=\"Prijevod\">Ste arhitekt, oblikovalec, na\u010drtovalec, gradbenik ali trgovec?<\/p>\n<p>Na PORTALU LOKVE boste na\u0161li marketin\u0161ka gradiva, certifikate, tehni\u010dne podatke in CAD risbe na\u0161ih oken in drugih izdelkov.<\/p>\n<p>S tesnim sodelovanjem in odli\u010dno podporo na\u0161e strokovne ekipe nudimo visokokakovostne izdelke in podporo pri na\u010drtovanju in projektiranju ter tehni\u010dnih, prodajnih in marketin\u0161kih aktivnostih.<\/p>\n<p class=\"tw-data-text tw-text-large XcVN5d tw-ta\" dir=\"ltr\" data-placeholder=\"Prijevod\">Veselimo se sodelovanja z vami!<\/p>\n<a href=\"https:\/\/www.lokve.com\/sl\/partneri\/\" class=\"button primary is-outline\" >\n\t\t<span>VE\u010c INFORMACIJ<\/span>\n\t<\/a>\n\n\n\n\t\t<\/div>\n\t\t\t\t\t<\/div>\n\n\t\n\n<\/div>\n\n\t\t<\/div>\n\n\t\t\n<style>\n#section_1898946499 {\n  padding-top: 100px;\n  padding-bottom: 100px;\n  margin-bottom: 0px;\n  min-height: 500px;\n}\n<\/style>\n\t<\/section>\n\t\n\n\n\t<section class=\"section\" id=\"section_1197361304\">\n\t\t<div class=\"section-bg fill\" >\n\t\t\t\t\t\t\t\t\t\n\t\t\t\n\n\t\t<\/div>\n\n\t\t\n\n\t\t<div class=\"section-content relative\">\n\t\t\t\r\n\r\n<div class=\"container section-title-container\" ><h2 class=\"section-title section-title-center\"><b aria-hidden=\"true\"><\/b><span class=\"section-title-main\" >NA\u0160I PROJEKTI<\/span><b aria-hidden=\"true\"><\/b><\/h2><\/div>\r\n\r\n  <div class=\"banner-grid-wrapper\">\n  <div id=\"banner-grid-1810656891\" class=\"banner-grid row row-grid row-xsmall row-full-width\" data-packery-options=\"\">\n                      \r\n\r\n<div class=\"col grid-col large-4 grid-col-1\" ><div class=\"col-inner\">\r\n\r\n\n  <div class=\"banner has-hover bg-overlay-add\" id=\"banner-965334208\">\n          <div class=\"banner-inner fill\">\n        <div class=\"banner-bg fill\" >\n            <img loading=\"lazy\" decoding=\"async\" width=\"600\" height=\"600\" src=\"https:\/\/www.lokve.com\/wp-content\/uploads\/2019\/09\/BROWN-BEACH-HOUSE-DESIGN-HOTEL-Trogir-Hrvatska.jpg\" class=\"bg attachment-large size-large\" alt=\"\" \/>                        <div class=\"overlay\"><\/div>            \n                    <\/div>\n\t\t\n        <div class=\"banner-layers container\">\n            <a class=\"fill\" href=\"https:\/\/www.lokve.com\/reference\/\"><div class=\"fill banner-link\"><\/div><\/a>            \r\n\r\n   <div id=\"text-box-55095680\" class=\"text-box banner-layer x5 md-x5 lg-x5 y95 md-y95 lg-y95 res-text\">\n                                <div class=\"text-box-content text dark\">\n              \n              <div class=\"text-inner text-left\">\n                  \r\n<h2>BROWN BEACH HOUSE DESIGN HOTEL<\/h2>\r\n<p class=\"uppercase\"><div class=\"is-divider divider clearfix\" style=\"margin-top:2.0em;margin-bottom:2.0em;max-width:50px;height:5px;background-color:rgb(128, 195, 66);\"><\/div><\/p>\r\n\r\n<h3>Trogir, Hrva\u0161ka<\/h3>\r\n              <\/div>\n           <\/div>\n                            \n<style>\n#text-box-55095680 {\n  width: 60%;\n}\n#text-box-55095680 .text-box-content {\n  font-size: 100%;\n}\n@media (min-width:550px) {\n  #text-box-55095680 {\n    width: 80%;\n  }\n}\n<\/style>\n    <\/div>\n \r\n\r\n        <\/div>\n      <\/div>\n\n            \n<style>\n#banner-965334208 {\n  padding-top: 400px;\n}\n#banner-965334208 .overlay {\n  background-color: rgba(0,0,0,.5);\n}\n<\/style>\n  <\/div>\n\n\r\n\r\n<\/div><\/div>\r\n<div class=\"col grid-col large-4 grid-col-1\" ><div class=\"col-inner\">\r\n\r\n\n  <div class=\"banner has-hover bg-overlay-add\" id=\"banner-1913017155\">\n          <div class=\"banner-inner fill\">\n        <div class=\"banner-bg fill\" >\n            <img loading=\"lazy\" decoding=\"async\" width=\"600\" height=\"600\" src=\"https:\/\/www.lokve.com\/wp-content\/uploads\/2019\/09\/sealine-villas-mykonos-grcka.jpg\" class=\"bg attachment-large size-large\" alt=\"\" \/>                        <div class=\"overlay\"><\/div>            \n                    <\/div>\n\t\t\n        <div class=\"banner-layers container\">\n            <a class=\"fill\" href=\"https:\/\/www.lokve.com\/reference\/\"><div class=\"fill banner-link\"><\/div><\/a>            \r\n\r\n   <div id=\"text-box-1417566674\" class=\"text-box banner-layer x5 md-x5 lg-x5 y95 md-y95 lg-y95 res-text\">\n                                <div class=\"text-box-content text dark\">\n              \n              <div class=\"text-inner text-left\">\n                  \r\n<h2>SEALINE VILLAS<\/h2>\r\n<div class=\"is-divider divider clearfix\" style=\"margin-top:2.0em;margin-bottom:2.0em;max-width:50px;height:5px;background-color:rgb(128, 195, 66);\"><\/div>\r\n<h3>Mykonos, Gr\u010dija<\/h3>\r\n              <\/div>\n           <\/div>\n                            \n<style>\n#text-box-1417566674 {\n  width: 60%;\n}\n#text-box-1417566674 .text-box-content {\n  font-size: 100%;\n}\n@media (min-width:550px) {\n  #text-box-1417566674 {\n    width: 80%;\n  }\n}\n<\/style>\n    <\/div>\n \r\n\r\n        <\/div>\n      <\/div>\n\n            \n<style>\n#banner-1913017155 {\n  padding-top: 400px;\n}\n#banner-1913017155 .overlay {\n  background-color: rgba(0,0,0,.5);\n}\n<\/style>\n  <\/div>\n\n\r\n\r\n<\/div><\/div>\r\n<div class=\"col grid-col large-4 grid-col-1\" ><div class=\"col-inner\">\r\n\r\n\n  <div class=\"banner has-hover bg-overlay-add\" id=\"banner-802754430\">\n          <div class=\"banner-inner fill\">\n        <div class=\"banner-bg fill\" >\n            <img loading=\"lazy\" decoding=\"async\" width=\"600\" height=\"600\" src=\"https:\/\/www.lokve.com\/wp-content\/uploads\/2019\/09\/hotel-salona-palace-split-hrvatska.jpg\" class=\"bg attachment-large size-large\" alt=\"\" \/>                        <div class=\"overlay\"><\/div>            \n                    <\/div>\n\t\t\n        <div class=\"banner-layers container\">\n            <a class=\"fill\" href=\"https:\/\/www.lokve.com\/reference\/\"><div class=\"fill banner-link\"><\/div><\/a>            \r\n\r\n   <div id=\"text-box-690132840\" class=\"text-box banner-layer x5 md-x5 lg-x5 y95 md-y95 lg-y95 res-text\">\n                                <div class=\"text-box-content text dark\">\n              \n              <div class=\"text-inner text-left\">\n                  \r\n<h2>HOTEL SALONA PALACE<\/h2>\r\n<div class=\"is-divider divider clearfix\" style=\"margin-top:2.0em;margin-bottom:2.0em;max-width:50px;height:5px;background-color:rgb(128, 195, 66);\"><\/div>\r\n<h3>Split, Hrva\u0161ka<\/h3>\r\n              <\/div>\n           <\/div>\n                            \n<style>\n#text-box-690132840 {\n  width: 60%;\n}\n#text-box-690132840 .text-box-content {\n  font-size: 100%;\n}\n@media (min-width:550px) {\n  #text-box-690132840 {\n    width: 80%;\n  }\n}\n<\/style>\n    <\/div>\n \r\n\r\n        <\/div>\n      <\/div>\n\n            \n<style>\n#banner-802754430 {\n  padding-top: 400px;\n}\n#banner-802754430 .overlay {\n  background-color: rgba(0,0,0,.5);\n}\n<\/style>\n  <\/div>\n\n\r\n\r\n<\/div><\/div>\r\n\r\n            <\/div>\n    <style>\n    #banner-grid-1810656891 .grid-col-1{height: 500px}\n    #banner-grid-1810656891 .grid-col-1-2{height: 250px}\n    #banner-grid-1810656891 .grid-col-1-3{height:166.66666666667px}\n    #banner-grid-1810656891 .grid-col-2-3{height: 333.33333333333px}\n    #banner-grid-1810656891 .grid-col-1-4{height: 125px}\n    #banner-grid-1810656891 .grid-col-3-4{height: 375px}\n\n\n    \n    \n\n  <\/style>\n    <\/div>\n  \r\n\r\n\t\t<\/div>\n\n\t\t\n<style>\n#section_1197361304 {\n  padding-top: 60px;\n  padding-bottom: 60px;\n}\n<\/style>\n\t<\/section>\n\t\n\n\n","protected":false},"excerpt":{"rendered":"","protected":false},"author":2,"featured_media":0,"parent":8139,"menu_order":0,"comment_status":"closed","ping_status":"closed","template":"page-blank.php","meta":{"footnotes":""},"class_list":["post-8181","page","type-page","status-publish","hentry"],"_links":{"self":[{"href":"https:\/\/www.lokve.com\/sl\/wp-json\/wp\/v2\/pages\/8181","targetHints":{"allow":["GET"]}}],"collection":[{"href":"https:\/\/www.lokve.com\/sl\/wp-json\/wp\/v2\/pages"}],"about":[{"href":"https:\/\/www.lokve.com\/sl\/wp-json\/wp\/v2\/types\/page"}],"author":[{"embeddable":true,"href":"https:\/\/www.lokve.com\/sl\/wp-json\/wp\/v2\/users\/2"}],"replies":[{"embeddable":true,"href":"https:\/\/www.lokve.com\/sl\/wp-json\/wp\/v2\/comments?post=8181"}],"version-history":[{"count":2,"href":"https:\/\/www.lokve.com\/sl\/wp-json\/wp\/v2\/pages\/8181\/revisions"}],"predecessor-version":[{"id":8184,"href":"https:\/\/www.lokve.com\/sl\/wp-json\/wp\/v2\/pages\/8181\/revisions\/8184"}],"up":[{"embeddable":true,"href":"https:\/\/www.lokve.com\/sl\/wp-json\/wp\/v2\/pages\/8139"}],"wp:attachment":[{"href":"https:\/\/www.lokve.com\/sl\/wp-json\/wp\/v2\/media?parent=8181"}],"curies":[{"name":"wp","href":"https:\/\/api.w.org\/{rel}","templated":true}]}}