{"id":9154,"date":"2025-02-05T07:50:41","date_gmt":"2025-02-05T06:50:41","guid":{"rendered":"https:\/\/www.lokve.com\/?page_id=9154"},"modified":"2025-02-05T07:50:43","modified_gmt":"2025-02-05T06:50:43","slug":"politika-piskotkov","status":"publish","type":"page","link":"https:\/\/www.lokve.com\/sl\/politika-piskotkov\/","title":{"rendered":"Politika pi\u0161kotkov"},"content":{"rendered":"\n<p>Zaradi pravilnega delovanja spletnih strani je treba na napravo uporabnika ali obiskovalca (osebni ra\u010dunalnik, tabli\u010dni ra\u010dunalnik, pametni telefon) shraniti manj\u0161o koli\u010dino informacij v obliki tako imenovanih \u201cpi\u0161kotkov\u201d (ang. \u201cCookies\u201d). Omogo\u010dajo kontinuirano normalno delo spletnih strani, kakor tudi nadaljnje nadgradnje strani in izbolj\u0161anje uporabni\u0161ke izku\u0161nje pri uporabi in pregledu vsebine spletnih strani.<\/p>\n\n\n\n<p><strong>Kaj so pi\u0161kotki?<\/strong><\/p>\n\n\n\n<p>Pi\u0161kotek je informacija, ki jo spletna stran, ki jo uporabnik ali obiskovalec obi\u0161\u010de, shrani v njegovo napravo. Pi\u0161kotki obi\u010dajno shranijo nastavitve uporabnika ali obiskovalca za spletno stran (kot npr. izbrani jezik). Kasneje, ko uporabnik ponovno obi\u0161\u010de isto spletno stran, njegov spletni brskalnik (ang. \u201cbrowser\u201d) po\u0161lje pi\u0161kotke, ki pripadajo tej strani. To omogo\u010da spletni strani, da prika\u017ee informacije, prilagojene potrebam uporabnika.<\/p>\n\n\n\n<p>Pi\u0161kotki lahko shranijo \u0161irok pas informacij, vklju\u010dno z osebnimi podatki (elektronski naslov ali ime). Informacija pa je lahko shranjena le, \u010de uporabnik to omogo\u010di \u2013 spletne strani ne morejo dostopati do informacij, ki jim jih uporabnik ali obiskovalec ni dal in ne morejo dostopati do drugih datotek na napravi uporabnika ali obiskovalca.<\/p>\n\n\n\n<p>Uporabnik ali obiskovalec lahko preko nastavitev spletnega brskalnika za pi\u0161kotke omogo\u010di, ali zavrne shranjevanje pi\u0161kotkov. Prav tako je mogo\u010de izbrisati obstoje\u010de shranjene pi\u0161kotke ali omogo\u010diti samodejno brisanje pi\u0161kotkov ob zapiranju spletnega brskalnika.<\/p>\n\n\n\n<p>Ve\u010dina spletnih strani na medomre\u017eju uporablja to prakso. Po predpisih Evropske unije je za sprejem pi\u0161kotkov od 25. 3. 2011 obvezen pristanek uporabnika ali obiskovalca. Z uporabo vseh spletnih strani na spletnem mestu in domeni lokve.com, vsak uporabnik in obiskovalec pristane na uporabo pi\u0161kotkov. Z blokiranjem pi\u0161kotkov je \u0161e naprej mogo\u010de pregledovati spletno stran in njeno vsebino, nekatere mo\u017enosti pa ne bodo dostopne, zato je uporabni\u0161ka izku\u0161nja v tem primeru lahko slab\u0161e kakovosti.<\/p>\n\n\n\n<p><strong>Kako onemogo\u010diti pi\u0161kotke?<\/strong><\/p>\n\n\n\n<p>Ali bomo dopustili shranjevanje pi\u0161kotkov na napravah, odlo\u010damo z izklju\u010ditvijo pi\u0161kotkov. Nastavitve pi\u0161kotkov se lahko kontrolirajo in konfigurirajo v spletnem brskalniku. Informacije o nastavitvah pi\u0161kotkov v dolo\u010denem spletnem brskalniku najdete na naslednjih povezavah:<\/p>\n\n\n\n<ul class=\"wp-block-list\">\n<li><a href=\"https:\/\/support.google.com\/chrome\/answer\/95647?co=GENIE.Platform%3DDesktop&amp;hl=hr\" target=\"_blank\" rel=\"noopener\"><strong>Chrome<\/strong><\/a><\/li>\n\n\n\n<li><a href=\"https:\/\/support.mozilla.org\/hr\/kb\/Kola%C4%8Di%C4%87i\" target=\"_blank\" rel=\"noopener\"><strong>Firefox<\/strong><\/a><\/li>\n\n\n\n<li><a href=\"https:\/\/support.microsoft.com\/hr-hr\/topic\/upravljanje-kola%C4%8Di%C4%87ima-i-njihovo-brisanje-168dab11-0753-043d-7c16-ede5947fc64d\" target=\"_blank\" rel=\"noopener\"><strong>Internet Explorer<\/strong><\/a><\/li>\n\n\n\n<li><a href=\"https:\/\/support.microsoft.com\/hr-hr\/microsoft-edge\/brisanje-kola%C4%8Di%C4%87a-u-pregledniku-microsoft-edge-63947406-40ac-c3b8-57b9-2a946a29ae09\" target=\"_blank\" rel=\"noopener\"><strong>Microsoft Edge<\/strong><\/a><\/li>\n\n\n\n<li><a href=\"https:\/\/translate.google.com\/translate?hl=en&amp;sl=auto&amp;tl=hr&amp;u=https%3A%2F%2Fhelp.opera.com%2Fen%2Flatest%2Fweb-preferences%2F\" target=\"_blank\" rel=\"noopener\"><strong>Opera<\/strong><\/a><\/li>\n\n\n\n<li><a href=\"https:\/\/support.apple.com\/hr-hr\/guide\/safari\/sfri11471\/mac\" target=\"_blank\" rel=\"noopener\"><strong>Safari<\/strong><\/a><\/li>\n<\/ul>\n\n\n\n<p><strong>\u010ce so pi\u0161kotki onemogo\u010deni, so lahko pri pregledovanju dolo\u010deni elementi spletnih strani nefunkcionalni.<\/strong><\/p>\n\n\n\n<p><strong>Kaj so za\u010dasni pi\u0161kotki?<\/strong><\/p>\n\n\n\n<p>Za\u010dasni pi\u0161kotki (ang. \u201cSession Cookie\u201d) so odstranjeni iz naprave, ko zapremo spletni brskalnik. Z njihovo pomo\u010djo spletna mesta shranijo za\u010dasne podatke.<\/p>\n\n\n\n<p><strong>Kaj so trajni pi\u0161kotki?<\/strong><\/p>\n\n\n\n<p>Trajni pi\u0161kotki ostanejo na napravi tudi, ko zapremo program spletnega brskalnika. Z njihovo pomo\u010djo spletna mesta shranjujejo podatke, kot na primer ime za prijavo in geslo uporabni\u0161kega ra\u010duna, zaradi \u010desar ni treba ob vsakem obisku spletne strani ponovno vstopati v uporabni\u0161ki ra\u010dun. Trajni pi\u0161kotki bodo ostali na napravi dneve, mesece in celo leta, odvisno od vrste in definiranih parametrov pi\u0161kotkov.<\/p>\n\n\n\n<p><strong>Kaj so lastni pi\u0161kotki?<\/strong><\/p>\n\n\n\n<p>Lastni pi\u0161kotki prihajajo neposredno z obiskane spletne strani, lahko pa so trajni ali za\u010dasni. Z njihovo pomo\u010djo spletna mesta lahko shranijo podatke, ki jih bodo ponovno uporabili ob naslednjem obisku istega spletnega mesta.<\/p>\n\n\n\n<p><strong>Kaj so pi\u0161kotki tretjih oseb?<\/strong><\/p>\n\n\n\n<p>Pi\u0161kotki tretjih oseb prihajajo z reklam, storitev ali programskih procesov drugih spletnih mest in servisnih platform (npr. Pojavni oglasi in orodja za spremljanje analiti\u010dnih statistik spletnih strani), ki so na dolo\u010denem spletnem mestu. S pomo\u010djo teh pi\u0161kotkov spletna mesta lahko spremljajo uporabo njihove spletne strani, najve\u010dkrat v marketin\u0161ke namene.<\/p>\n\n\n\n<p><strong>Ali ta stran uporablja pi\u0161kotke?<\/strong><\/p>\n\n\n\n<p><strong>&nbsp;<\/strong><strong><br><\/strong>Da, z osnovnim ciljem, da bi omogo\u010dila bolj\u0161o uporabni\u0161ko izku\u0161njo in la\u017eje vzpostavljanje stikov.<\/p>\n\n\n\n<p><strong>Katere pi\u0161kotke uporablja ta stran in zakaj?<\/strong><\/p>\n\n\n\n<p><strong>Za\u010dasni pi\u0161kotki (ang. \u201cSession Cookies\u201d)<\/strong><\/p>\n\n\n\n<p>To so pi\u0161kotki, ki se samodejno izbri\u0161ejo, ko zapremo spletni brskalnik. Za\u010dasni pi\u0161kotki omogo\u010dajo dostop do vsebine spletne strani.<\/p>\n\n\n\n<p><strong>Trajni pi\u0161kotki (ang. \u201cPersistent Cookies\u201d)<\/strong><\/p>\n\n\n\n<p>Obi\u010dajno je datum njihovega izteka dale\u010d v prihodnosti in bodo tako ostali v brskalniku, dokler ne pote\u010dejo ali so trajno izbrisani. Trajni pi\u0161kotki omogo\u010dajo bolj\u0161e razumevanje navad uporabnikov ali obiskovalcev, s \u010dimer se lahko izbolj\u0161a kakovost spletnih strani. Informacija je anonimna, individualni osebni podatki niso vidni.<\/p>\n\n\n\n<p><strong>Ali so na spletni strani <\/strong><strong>lokve.com<\/strong><strong> pi\u0161kotki tretjih oseb?<\/strong><\/p>\n\n\n\n<p>Zunanji servisi shranjujejo limitirane pi\u0161kotke. To niso pi\u0161kotki te spletne strani, del njih pa je namenjen normalnemu funkcioniranju dolo\u010denih mo\u017enosti, ki uporabnikom olaj\u0161a dostop do vsebin (kot je \u201cGoogle fonts\u201d, ki omogo\u010da uporabo pisav, s strani ponudnika storitve tretje strani Google, ki prav tako shranjuje pi\u0161kotke). Med drugimi trenutno obstajajo:<\/p>\n\n\n\n<ul class=\"wp-block-list\">\n<li>Dru\u017ebena omre\u017eja<\/li>\n<\/ul>\n\n\n\n<p>Deljenje spletnih strani na dru\u017ebenih omre\u017ejih uporabniku obi\u010dajno nastavi pi\u0161kotke. Spletna stran uporablja storitve dru\u017ebenih omre\u017eij Facebook, YouTube in Instagram, mo\u017eno je, da bo uporabljala tudi Pinterest, Vimeo in druge znane in uveljavljene dru\u017ebene platforme in omre\u017eja.<\/p>\n\n\n\n<ul class=\"wp-block-list\">\n<li>Merjenje obiskanosti<\/li>\n<\/ul>\n\n\n\n<p>Spletna stran uporablja orodje storitve gostovanja (\u201cCpanel\u201d), ki vsebuje orodja za merjenje obiskanosti.<\/p>\n\n\n\n<p><strong>\u010ce uporabnik ali obiskovalec \u017eeli onemogo\u010diti, da navedeni servisi shranjujejo pi\u0161kotke, jih lahko prepove na naslednji povezavi, upo\u0161tevajo\u010d navodila:<\/strong><strong>&nbsp;<\/strong><a href=\"https:\/\/translate.google.com\/translate?hl=en&amp;sl=en&amp;tl=hr&amp;u=https%3A%2F%2Ftools.google.com%2Fdlpage%2Fgaoptout&amp;sandbox=1\" target=\"_blank\" rel=\"noreferrer noopener\"><strong>Link!<\/strong><\/a><\/p>\n\n\n\n<p><strong>Dodatne informacije o izklopu pi\u0161kotkov:<\/strong><\/p>\n\n\n\n<p>Trenutno obstaja nekaj spletnih strani in orodij za izklop shranjevanja pi\u0161kotkov. Ve\u010d informacij o tem na naslednji povezavi:<\/p>\n\n\n\n<p><a href=\"https:\/\/translate.google.com\/translate?hl=en&amp;sl=en&amp;tl=hr&amp;u=https%3A%2F%2Fwww.allaboutcookies.org%2F&amp;sandbox=1\" target=\"_blank\" rel=\"noreferrer noopener\"><strong>https:\/\/translate.google.com\/translate?hl=en&amp;sl=en&amp;tl=hr&amp;u=https%3A%2F%2Fwww.allaboutcookies.org%2F&amp;sandbox=1<\/strong><\/a><\/p>\n\n\n\n<p><a href=\"https:\/\/youronlinechoices.eu\/hr\" target=\"_blank\" rel=\"noopener\">https:\/\/youronlinechoices.eu\/hr<\/a><\/p>\n\n\n\n<p><strong>Uporabnik ali obiskovalec lahko na spletnih straneh spletnega mesta <\/strong><strong>lokve.com<\/strong><strong> naknadno spreminja nastavitve pi\u0161kotkov v svojem spletnem brskalniku.<\/strong><\/p>\n\n\n\n<p><strong>Imate vpra\u0161anje v zvezi s politiko pi\u0161kotkov?<\/strong><\/p>\n\n\n\n<p>&nbsp;\u010ce imate vpra\u0161anja, ki se nana\u0161ajo na pravilnik o pi\u0161kotkih te spletne strani, se obrnite na nas s pomo\u010djo spletnega kontaktnega obrazca ali po\u0161ljite elektronsko sporo\u010dilo na naslov:<\/p>\n\n\n\n<p><a href=\"mailto:lokve@lokve.com\">lokve@lokve.com.hr<\/a><\/p>\n","protected":false},"excerpt":{"rendered":"<p>Zaradi pravilnega delovanja spletnih strani je treba na napravo uporabnika ali obiskovalca (osebni ra\u010dunalnik, tabli\u010dni ra\u010dunalnik, pametni telefon) shraniti manj\u0161o koli\u010dino informacij v obliki tako imenovanih \u201cpi\u0161kotkov\u201d (ang. \u201cCookies\u201d). Omogo\u010dajo kontinuirano normalno delo spletnih strani, kakor tudi nadaljnje nadgradnje strani in izbolj\u0161anje uporabni\u0161ke izku\u0161nje pri uporabi in pregledu vsebine spletnih strani. Kaj so pi\u0161kotki? Pi\u0161kotek [&#8230;]\n","protected":false},"author":4,"featured_media":0,"parent":0,"menu_order":0,"comment_status":"closed","ping_status":"closed","template":"page-blank-title-center.php","meta":{"footnotes":""},"class_list":["post-9154","page","type-page","status-publish","hentry"],"_links":{"self":[{"href":"https:\/\/www.lokve.com\/sl\/wp-json\/wp\/v2\/pages\/9154","targetHints":{"allow":["GET"]}}],"collection":[{"href":"https:\/\/www.lokve.com\/sl\/wp-json\/wp\/v2\/pages"}],"about":[{"href":"https:\/\/www.lokve.com\/sl\/wp-json\/wp\/v2\/types\/page"}],"author":[{"embeddable":true,"href":"https:\/\/www.lokve.com\/sl\/wp-json\/wp\/v2\/users\/4"}],"replies":[{"embeddable":true,"href":"https:\/\/www.lokve.com\/sl\/wp-json\/wp\/v2\/comments?post=9154"}],"version-history":[{"count":1,"href":"https:\/\/www.lokve.com\/sl\/wp-json\/wp\/v2\/pages\/9154\/revisions"}],"predecessor-version":[{"id":9155,"href":"https:\/\/www.lokve.com\/sl\/wp-json\/wp\/v2\/pages\/9154\/revisions\/9155"}],"wp:attachment":[{"href":"https:\/\/www.lokve.com\/sl\/wp-json\/wp\/v2\/media?parent=9154"}],"curies":[{"name":"wp","href":"https:\/\/api.w.org\/{rel}","templated":true}]}}